{"id":5380,"date":"2025-05-27T00:30:50","date_gmt":"2025-05-27T00:30:50","guid":{"rendered":"https:\/\/kamaypet.cl\/kp\/?post_type=product&#038;p=5380"},"modified":"2025-11-04T14:25:48","modified_gmt":"2025-11-04T14:25:48","slug":"biofresh-adulto-mediana-castrado","status":"publish","type":"product","link":"https:\/\/kamaypet.cl\/kp\/tienda\/producto\/biofresh-adulto-mediana-castrado\/","title":{"rendered":"Biofresh Adulto Raza Mediana Castrado"},"content":{"rendered":"<p>Las cantidades presentadas son orientativas y pueden variar seg\u00fan la edad, raza, sexo y estilo de vida, entre otros factores. Ofrezca el alimento seco, en contenedor limpio, mantenga siempre agua limpia y fresca cerca de su perro. En caso que su perro a\u00fan no est\u00e9 comiendo Biofresh Super Premium recomendamos que el cambio sea gradual, durante 4 hasta 5 d\u00edas. Consulte regularmente al m\u00e9dico veterinario.<\/p>\n<p>Si su perro est\u00e1 con sobrepeso, recomendamos Biofresh Super Premium Light hasta que alcance el peso ideal.<\/p>\n<p>Una taza de t\u00e9 (200ml) es equivalente a 85g de Biofresh.<\/p>\n<table class=\"sizes-table\">\n<thead>\n<tr>\n<th>Peso de perro (kg)<\/th>\n<th>Baja actividad indoor \u2013 (g\/d\u00eda)<\/th>\n<th>Actividad moderada (g\/d\u00eda)<\/th>\n<th>Actividad alta (g\/d\u00eda)<\/th>\n<\/tr>\n<\/thead>\n<tbody>\n<tr>\n<th>11-13kg<\/th>\n<th>140-160g<\/th>\n<th>167-190g<\/th>\n<th>194-220g<\/th>\n<\/tr>\n<tr>\n<th>14-16kg<\/th>\n<th>170-187g<\/th>\n<th>200-220g<\/th>\n<th>230-257g<\/th>\n<\/tr>\n<tr>\n<th>17-18kg<\/th>\n<th>195-205g<\/th>\n<th>232-240g<\/th>\n<th>270-280g<\/th>\n<\/tr>\n<tr>\n<th>19-22kg<\/th>\n<th>210-237g<\/th>\n<th>252-280g<\/th>\n<th>292-325g<\/th>\n<\/tr>\n<tr>\n<th>23-25kg<\/th>\n<th>245-260g<\/th>\n<th>290-310g<\/th>\n<th>337-360g<\/th>\n<\/tr>\n<\/tbody>\n<\/table>\n<p>&nbsp;<\/p>\n","protected":false},"excerpt":{"rendered":"<p>Biofresh Super Premium Castrados es un alimento completo y equilibrado, con alta inclusi\u00f3n de ingredientes frescos principalmente de origen animal, dise\u00f1ado para los cambios metab\u00f3licos post castraci\u00f3n. Ayuda a preservar el peso ideal, reduciendo su contenido de grasas y calor\u00edas, con mayor contenido de fibra y mejorando la sensaci\u00f3n de saciedad, adem\u00e1s con L-carnitina para preservar la masa muscular y la correcta utilizaci\u00f3n de las grasas. La incorporaci\u00f3n de ingredientes de alta calidad, la adaptaci\u00f3n para cada tama\u00f1o y la preservaci\u00f3n de la salud en general hace que Biofresh S\u00faper Premium sea la mejor opci\u00f3n para perros castrados.<\/p>\n","protected":false},"featured_media":5381,"comment_status":"open","ping_status":"closed","template":"","meta":[],"product_brand":[69],"product_cat":[80,124],"product_tag":[],"class_list":{"0":"post-5380","1":"product","2":"type-product","3":"status-publish","4":"has-post-thumbnail","6":"product_brand-biofresh","7":"product_cat-alimento-para-perros","8":"product_cat-perro","10":"first","11":"instock","12":"taxable","13":"shipping-taxable","14":"purchasable","15":"product-type-variable"},"yoast_head":"<!-- This site is optimized with the Yoast SEO plugin v27.3 - https:\/\/yoast.com\/product\/yoast-seo-wordpress\/ -->\n<title>Biofresh Adulto Raza Mediana Castrado - Kamay Pet<\/title>\n<meta name=\"robots\" content=\"index, follow, max-snippet:-1, max-image-preview:large, max-video-preview:-1\" \/>\n<link rel=\"canonical\" href=\"https:\/\/kamaypet.cl\/kp\/tienda\/producto\/biofresh-adulto-mediana-castrado\/\" \/>\n<meta property=\"og:locale\" content=\"es_ES\" \/>\n<meta property=\"og:type\" content=\"article\" \/>\n<meta property=\"og:title\" content=\"Biofresh Adulto Raza Mediana Castrado - Kamay Pet\" \/>\n<meta property=\"og:description\" content=\"Biofresh Super Premium Castrados es un alimento completo y equilibrado, con alta inclusi\u00f3n de ingredientes frescos principalmente de origen animal, dise\u00f1ado para los cambios metab\u00f3licos post castraci\u00f3n. Ayuda a preservar el peso ideal, reduciendo su contenido de grasas y calor\u00edas, con mayor contenido de fibra y mejorando la sensaci\u00f3n de saciedad, adem\u00e1s con L-carnitina para preservar la masa muscular y la correcta utilizaci\u00f3n de las grasas. La incorporaci\u00f3n de ingredientes de alta calidad, la adaptaci\u00f3n para cada tama\u00f1o y la preservaci\u00f3n de la salud en general hace que Biofresh S\u00faper Premium sea la mejor opci\u00f3n para perros castrados.\" \/>\n<meta property=\"og:url\" content=\"https:\/\/kamaypet.cl\/kp\/tienda\/producto\/biofresh-adulto-mediana-castrado\/\" \/>\n<meta property=\"og:site_name\" content=\"Kamay Pet\" \/>\n<meta property=\"article:publisher\" content=\"https:\/\/web.facebook.com\/profile.php?id=61579391820374&amp;locale=es_LA\" \/>\n<meta property=\"article:modified_time\" content=\"2025-11-04T14:25:48+00:00\" \/>\n<meta property=\"og:image\" content=\"https:\/\/kamaypet.cl\/kp\/wp-content\/uploads\/2025\/05\/Biofresh-Adulto-Mediana-Castrado-x-10.1kg.jpg\" \/>\n\t<meta property=\"og:image:width\" content=\"700\" \/>\n\t<meta property=\"og:image:height\" content=\"700\" \/>\n\t<meta property=\"og:image:type\" content=\"image\/jpeg\" \/>\n<meta name=\"twitter:card\" content=\"summary_large_image\" \/>\n<meta name=\"twitter:label1\" content=\"Tiempo de lectura\" \/>\n\t<meta name=\"twitter:data1\" content=\"1 minuto\" \/>\n<script type=\"application\/ld+json\" class=\"yoast-schema-graph\">{\"@context\":\"https:\\\/\\\/schema.org\",\"@graph\":[{\"@type\":\"WebPage\",\"@id\":\"https:\\\/\\\/kamaypet.cl\\\/kp\\\/tienda\\\/producto\\\/biofresh-adulto-mediana-castrado\\\/\",\"url\":\"https:\\\/\\\/kamaypet.cl\\\/kp\\\/tienda\\\/producto\\\/biofresh-adulto-mediana-castrado\\\/\",\"name\":\"Biofresh Adulto Raza Mediana Castrado - Kamay Pet\",\"isPartOf\":{\"@id\":\"https:\\\/\\\/kamaypet.cl\\\/kp\\\/#website\"},\"primaryImageOfPage\":{\"@id\":\"https:\\\/\\\/kamaypet.cl\\\/kp\\\/tienda\\\/producto\\\/biofresh-adulto-mediana-castrado\\\/#primaryimage\"},\"image\":{\"@id\":\"https:\\\/\\\/kamaypet.cl\\\/kp\\\/tienda\\\/producto\\\/biofresh-adulto-mediana-castrado\\\/#primaryimage\"},\"thumbnailUrl\":\"https:\\\/\\\/kamaypet.cl\\\/kp\\\/wp-content\\\/uploads\\\/2025\\\/05\\\/Biofresh-Adulto-Mediana-Castrado-x-10.1kg.jpg\",\"datePublished\":\"2025-05-27T00:30:50+00:00\",\"dateModified\":\"2025-11-04T14:25:48+00:00\",\"breadcrumb\":{\"@id\":\"https:\\\/\\\/kamaypet.cl\\\/kp\\\/tienda\\\/producto\\\/biofresh-adulto-mediana-castrado\\\/#breadcrumb\"},\"inLanguage\":\"es\",\"potentialAction\":[{\"@type\":\"ReadAction\",\"target\":[\"https:\\\/\\\/kamaypet.cl\\\/kp\\\/tienda\\\/producto\\\/biofresh-adulto-mediana-castrado\\\/\"]}]},{\"@type\":\"ImageObject\",\"inLanguage\":\"es\",\"@id\":\"https:\\\/\\\/kamaypet.cl\\\/kp\\\/tienda\\\/producto\\\/biofresh-adulto-mediana-castrado\\\/#primaryimage\",\"url\":\"https:\\\/\\\/kamaypet.cl\\\/kp\\\/wp-content\\\/uploads\\\/2025\\\/05\\\/Biofresh-Adulto-Mediana-Castrado-x-10.1kg.jpg\",\"contentUrl\":\"https:\\\/\\\/kamaypet.cl\\\/kp\\\/wp-content\\\/uploads\\\/2025\\\/05\\\/Biofresh-Adulto-Mediana-Castrado-x-10.1kg.jpg\",\"width\":700,\"height\":700},{\"@type\":\"BreadcrumbList\",\"@id\":\"https:\\\/\\\/kamaypet.cl\\\/kp\\\/tienda\\\/producto\\\/biofresh-adulto-mediana-castrado\\\/#breadcrumb\",\"itemListElement\":[{\"@type\":\"ListItem\",\"position\":1,\"name\":\"Inicio\",\"item\":\"https:\\\/\\\/kamaypet.cl\\\/kp\\\/\"},{\"@type\":\"ListItem\",\"position\":2,\"name\":\"Tienda\",\"item\":\"https:\\\/\\\/kamaypet.cl\\\/kp\\\/tienda\\\/\"},{\"@type\":\"ListItem\",\"position\":3,\"name\":\"Biofresh Adulto Mediano Castrado\"}]},{\"@type\":\"WebSite\",\"@id\":\"https:\\\/\\\/kamaypet.cl\\\/kp\\\/#website\",\"url\":\"https:\\\/\\\/kamaypet.cl\\\/kp\\\/\",\"name\":\"Kamay Pet\",\"description\":\"Venta al por menor de alimentos e insumos para mascotas\",\"publisher\":{\"@id\":\"https:\\\/\\\/kamaypet.cl\\\/kp\\\/#organization\"},\"alternateName\":\"Kamay\",\"potentialAction\":[{\"@type\":\"SearchAction\",\"target\":{\"@type\":\"EntryPoint\",\"urlTemplate\":\"https:\\\/\\\/kamaypet.cl\\\/kp\\\/?s={search_term_string}\"},\"query-input\":{\"@type\":\"PropertyValueSpecification\",\"valueRequired\":true,\"valueName\":\"search_term_string\"}}],\"inLanguage\":\"es\"},{\"@type\":\"Organization\",\"@id\":\"https:\\\/\\\/kamaypet.cl\\\/kp\\\/#organization\",\"name\":\"Kamay Pet\",\"url\":\"https:\\\/\\\/kamaypet.cl\\\/kp\\\/\",\"logo\":{\"@type\":\"ImageObject\",\"inLanguage\":\"es\",\"@id\":\"https:\\\/\\\/kamaypet.cl\\\/kp\\\/#\\\/schema\\\/logo\\\/image\\\/\",\"url\":\"https:\\\/\\\/kamaypet.cl\\\/kp\\\/wp-content\\\/uploads\\\/2021\\\/10\\\/Logo-Kamay-2-1.png\",\"contentUrl\":\"https:\\\/\\\/kamaypet.cl\\\/kp\\\/wp-content\\\/uploads\\\/2021\\\/10\\\/Logo-Kamay-2-1.png\",\"width\":1964,\"height\":2452,\"caption\":\"Kamay Pet\"},\"image\":{\"@id\":\"https:\\\/\\\/kamaypet.cl\\\/kp\\\/#\\\/schema\\\/logo\\\/image\\\/\"},\"sameAs\":[\"https:\\\/\\\/web.facebook.com\\\/profile.php?id=61579391820374&locale=es_LA\",\"https:\\\/\\\/www.instagram.com\\\/kamaypet\"]}]}<\/script>\n<!-- \/ Yoast SEO plugin. -->","yoast_head_json":{"title":"Biofresh Adulto Raza Mediana Castrado - Kamay Pet","robots":{"index":"index","follow":"follow","max-snippet":"max-snippet:-1","max-image-preview":"max-image-preview:large","max-video-preview":"max-video-preview:-1"},"canonical":"https:\/\/kamaypet.cl\/kp\/tienda\/producto\/biofresh-adulto-mediana-castrado\/","og_locale":"es_ES","og_type":"article","og_title":"Biofresh Adulto Raza Mediana Castrado - Kamay Pet","og_description":"Biofresh Super Premium Castrados es un alimento completo y equilibrado, con alta inclusi\u00f3n de ingredientes frescos principalmente de origen animal, dise\u00f1ado para los cambios metab\u00f3licos post castraci\u00f3n. Ayuda a preservar el peso ideal, reduciendo su contenido de grasas y calor\u00edas, con mayor contenido de fibra y mejorando la sensaci\u00f3n de saciedad, adem\u00e1s con L-carnitina para preservar la masa muscular y la correcta utilizaci\u00f3n de las grasas. La incorporaci\u00f3n de ingredientes de alta calidad, la adaptaci\u00f3n para cada tama\u00f1o y la preservaci\u00f3n de la salud en general hace que Biofresh S\u00faper Premium sea la mejor opci\u00f3n para perros castrados.","og_url":"https:\/\/kamaypet.cl\/kp\/tienda\/producto\/biofresh-adulto-mediana-castrado\/","og_site_name":"Kamay Pet","article_publisher":"https:\/\/web.facebook.com\/profile.php?id=61579391820374&locale=es_LA","article_modified_time":"2025-11-04T14:25:48+00:00","og_image":[{"width":700,"height":700,"url":"https:\/\/kamaypet.cl\/kp\/wp-content\/uploads\/2025\/05\/Biofresh-Adulto-Mediana-Castrado-x-10.1kg.jpg","type":"image\/jpeg"}],"twitter_card":"summary_large_image","twitter_misc":{"Tiempo de lectura":"1 minuto"},"schema":{"@context":"https:\/\/schema.org","@graph":[{"@type":"WebPage","@id":"https:\/\/kamaypet.cl\/kp\/tienda\/producto\/biofresh-adulto-mediana-castrado\/","url":"https:\/\/kamaypet.cl\/kp\/tienda\/producto\/biofresh-adulto-mediana-castrado\/","name":"Biofresh Adulto Raza Mediana Castrado - Kamay Pet","isPartOf":{"@id":"https:\/\/kamaypet.cl\/kp\/#website"},"primaryImageOfPage":{"@id":"https:\/\/kamaypet.cl\/kp\/tienda\/producto\/biofresh-adulto-mediana-castrado\/#primaryimage"},"image":{"@id":"https:\/\/kamaypet.cl\/kp\/tienda\/producto\/biofresh-adulto-mediana-castrado\/#primaryimage"},"thumbnailUrl":"https:\/\/kamaypet.cl\/kp\/wp-content\/uploads\/2025\/05\/Biofresh-Adulto-Mediana-Castrado-x-10.1kg.jpg","datePublished":"2025-05-27T00:30:50+00:00","dateModified":"2025-11-04T14:25:48+00:00","breadcrumb":{"@id":"https:\/\/kamaypet.cl\/kp\/tienda\/producto\/biofresh-adulto-mediana-castrado\/#breadcrumb"},"inLanguage":"es","potentialAction":[{"@type":"ReadAction","target":["https:\/\/kamaypet.cl\/kp\/tienda\/producto\/biofresh-adulto-mediana-castrado\/"]}]},{"@type":"ImageObject","inLanguage":"es","@id":"https:\/\/kamaypet.cl\/kp\/tienda\/producto\/biofresh-adulto-mediana-castrado\/#primaryimage","url":"https:\/\/kamaypet.cl\/kp\/wp-content\/uploads\/2025\/05\/Biofresh-Adulto-Mediana-Castrado-x-10.1kg.jpg","contentUrl":"https:\/\/kamaypet.cl\/kp\/wp-content\/uploads\/2025\/05\/Biofresh-Adulto-Mediana-Castrado-x-10.1kg.jpg","width":700,"height":700},{"@type":"BreadcrumbList","@id":"https:\/\/kamaypet.cl\/kp\/tienda\/producto\/biofresh-adulto-mediana-castrado\/#breadcrumb","itemListElement":[{"@type":"ListItem","position":1,"name":"Inicio","item":"https:\/\/kamaypet.cl\/kp\/"},{"@type":"ListItem","position":2,"name":"Tienda","item":"https:\/\/kamaypet.cl\/kp\/tienda\/"},{"@type":"ListItem","position":3,"name":"Biofresh Adulto Mediano Castrado"}]},{"@type":"WebSite","@id":"https:\/\/kamaypet.cl\/kp\/#website","url":"https:\/\/kamaypet.cl\/kp\/","name":"Kamay Pet","description":"Venta al por menor de alimentos e insumos para mascotas","publisher":{"@id":"https:\/\/kamaypet.cl\/kp\/#organization"},"alternateName":"Kamay","potentialAction":[{"@type":"SearchAction","target":{"@type":"EntryPoint","urlTemplate":"https:\/\/kamaypet.cl\/kp\/?s={search_term_string}"},"query-input":{"@type":"PropertyValueSpecification","valueRequired":true,"valueName":"search_term_string"}}],"inLanguage":"es"},{"@type":"Organization","@id":"https:\/\/kamaypet.cl\/kp\/#organization","name":"Kamay Pet","url":"https:\/\/kamaypet.cl\/kp\/","logo":{"@type":"ImageObject","inLanguage":"es","@id":"https:\/\/kamaypet.cl\/kp\/#\/schema\/logo\/image\/","url":"https:\/\/kamaypet.cl\/kp\/wp-content\/uploads\/2021\/10\/Logo-Kamay-2-1.png","contentUrl":"https:\/\/kamaypet.cl\/kp\/wp-content\/uploads\/2021\/10\/Logo-Kamay-2-1.png","width":1964,"height":2452,"caption":"Kamay Pet"},"image":{"@id":"https:\/\/kamaypet.cl\/kp\/#\/schema\/logo\/image\/"},"sameAs":["https:\/\/web.facebook.com\/profile.php?id=61579391820374&locale=es_LA","https:\/\/www.instagram.com\/kamaypet"]}]}},"_links":{"self":[{"href":"https:\/\/kamaypet.cl\/kp\/wp-json\/wp\/v2\/product\/5380","targetHints":{"allow":["GET"]}}],"collection":[{"href":"https:\/\/kamaypet.cl\/kp\/wp-json\/wp\/v2\/product"}],"about":[{"href":"https:\/\/kamaypet.cl\/kp\/wp-json\/wp\/v2\/types\/product"}],"replies":[{"embeddable":true,"href":"https:\/\/kamaypet.cl\/kp\/wp-json\/wp\/v2\/comments?post=5380"}],"version-history":[{"count":7,"href":"https:\/\/kamaypet.cl\/kp\/wp-json\/wp\/v2\/product\/5380\/revisions"}],"predecessor-version":[{"id":6299,"href":"https:\/\/kamaypet.cl\/kp\/wp-json\/wp\/v2\/product\/5380\/revisions\/6299"}],"wp:featuredmedia":[{"embeddable":true,"href":"https:\/\/kamaypet.cl\/kp\/wp-json\/wp\/v2\/media\/5381"}],"wp:attachment":[{"href":"https:\/\/kamaypet.cl\/kp\/wp-json\/wp\/v2\/media?parent=5380"}],"wp:term":[{"taxonomy":"product_brand","embeddable":true,"href":"https:\/\/kamaypet.cl\/kp\/wp-json\/wp\/v2\/product_brand?post=5380"},{"taxonomy":"product_cat","embeddable":true,"href":"https:\/\/kamaypet.cl\/kp\/wp-json\/wp\/v2\/product_cat?post=5380"},{"taxonomy":"product_tag","embeddable":true,"href":"https:\/\/kamaypet.cl\/kp\/wp-json\/wp\/v2\/product_tag?post=5380"}],"curies":[{"name":"wp","href":"https:\/\/api.w.org\/{rel}","templated":true}]}}