{"id":5799,"date":"2025-06-02T17:36:33","date_gmt":"2025-06-02T17:36:33","guid":{"rendered":"https:\/\/kamaypet.cl\/kp\/?post_type=product&#038;p=5799"},"modified":"2025-12-20T19:33:00","modified_gmt":"2025-12-20T19:33:00","slug":"biofresh-adulto-mediano","status":"publish","type":"product","link":"https:\/\/kamaypet.cl\/kp\/tienda\/producto\/biofresh-adulto-mediano\/","title":{"rendered":"Biofresh Perro Adulto Raza Mediana"},"content":{"rendered":"<p>Las cantidades presentadas son orientativas y pueden variar seg\u00fan muchos factores. Ofrezca el alimento seco, en pote limpio, mantenga siempre agua limpia y fresca cerca de su perro. En caso que su perro a\u00fan no est\u00e9 comiendo Biofresh Super Premium recomendamos que el cambio sea gradual, durante 4 hasta 5 d\u00edas. Consulte regularmente al m\u00e9dico veterinario .<\/p>\n<p>Una taza de t\u00e9 (200ml) es equivalente a 90g de Biofresh.<\/p>\n<table class=\"sizes-table\">\n<thead>\n<tr>\n<th>Peso del perro (kg)<\/th>\n<th>Actividad Baja (g\/d\u00eda)<\/th>\n<th>Actividad Media (g\/d\u00eda)<\/th>\n<th>Actividad Alta (g\/d\u00eda)<\/th>\n<\/tr>\n<\/thead>\n<tbody>\n<tr>\n<th>11-13<\/th>\n<td>145-165<\/td>\n<td>170-190<\/td>\n<td>200-225<\/td>\n<\/tr>\n<tr>\n<th>14-16<\/th>\n<td>175-190<\/td>\n<td>200 -220<\/td>\n<td>240-260<\/td>\n<\/tr>\n<tr>\n<th>17-18<\/th>\n<td>200-210<\/td>\n<td>230-245<\/td>\n<td>275-290<\/td>\n<\/tr>\n<tr>\n<th>19-22<\/th>\n<td>220-245<\/td>\n<td>250-280<\/td>\n<td>300-330<\/td>\n<\/tr>\n<tr>\n<th>23-25<\/th>\n<td>250-270<\/td>\n<td>290 -310<\/td>\n<td>345-360<\/td>\n<\/tr>\n<\/tbody>\n<\/table>\n<p>&nbsp;<\/p>\n","protected":false},"excerpt":{"rendered":"<p>Biofresh S\u00faper Premium para adultos es un alimento que cuida el valor nutritivo de cada uno de sus ingredientes incorpor\u00e1ndolos de forma fresca y asegurando una m\u00e1xima disponibilidad. La alta inclusi\u00f3n de componentes de origen animal, asociado al aporte nutricional de frutas, verduras, legumbres y granos nobles proporciona la dieta ideal para carn\u00edvoros facultativos. La adici\u00f3n de ingredientes funcionales asegura una \u00f3ptima salud, favoreciendo una excelente calidad de piel y pelaje, mantenci\u00f3n de un correcto funcionamiento intestinal, estimulaci\u00f3n del sistema inmunol\u00f3gico y cuidado de la salud dental, adem\u00e1s de la prevenci\u00f3n de enfermedades asociadas al paso de los a\u00f1os como la degeneraci\u00f3n articular. Biofresh S\u00faper Premium es altamente palatable, dise\u00f1ado para perros adultos de raza mediana, adaptado a sus requerimientos nutricionales.<\/p>\n","protected":false},"featured_media":5793,"comment_status":"open","ping_status":"closed","template":"","meta":[],"product_brand":[69],"product_cat":[80,124],"product_tag":[],"class_list":{"0":"post-5799","1":"product","2":"type-product","3":"status-publish","4":"has-post-thumbnail","6":"product_brand-biofresh","7":"product_cat-alimento-para-perros","8":"product_cat-perro","10":"first","11":"instock","12":"taxable","13":"shipping-taxable","14":"purchasable","15":"product-type-variable"},"yoast_head":"<!-- This site is optimized with the Yoast SEO plugin v27.3 - https:\/\/yoast.com\/product\/yoast-seo-wordpress\/ -->\n<title>Biofresh Perro Adulto Raza Mediana - Kamay Pet<\/title>\n<meta name=\"robots\" content=\"index, follow, max-snippet:-1, max-image-preview:large, max-video-preview:-1\" \/>\n<link rel=\"canonical\" href=\"https:\/\/kamaypet.cl\/kp\/tienda\/producto\/biofresh-adulto-mediano\/\" \/>\n<meta property=\"og:locale\" content=\"es_ES\" \/>\n<meta property=\"og:type\" content=\"article\" \/>\n<meta property=\"og:title\" content=\"Biofresh Perro Adulto Raza Mediana - Kamay Pet\" \/>\n<meta property=\"og:description\" content=\"Biofresh S\u00faper Premium para adultos es un alimento que cuida el valor nutritivo de cada uno de sus ingredientes incorpor\u00e1ndolos de forma fresca y asegurando una m\u00e1xima disponibilidad. La alta inclusi\u00f3n de componentes de origen animal, asociado al aporte nutricional de frutas, verduras, legumbres y granos nobles proporciona la dieta ideal para carn\u00edvoros facultativos. La adici\u00f3n de ingredientes funcionales asegura una \u00f3ptima salud, favoreciendo una excelente calidad de piel y pelaje, mantenci\u00f3n de un correcto funcionamiento intestinal, estimulaci\u00f3n del sistema inmunol\u00f3gico y cuidado de la salud dental, adem\u00e1s de la prevenci\u00f3n de enfermedades asociadas al paso de los a\u00f1os como la degeneraci\u00f3n articular. Biofresh S\u00faper Premium es altamente palatable, dise\u00f1ado para perros adultos de raza mediana, adaptado a sus requerimientos nutricionales.\" \/>\n<meta property=\"og:url\" content=\"https:\/\/kamaypet.cl\/kp\/tienda\/producto\/biofresh-adulto-mediano\/\" \/>\n<meta property=\"og:site_name\" content=\"Kamay Pet\" \/>\n<meta property=\"article:publisher\" content=\"https:\/\/web.facebook.com\/profile.php?id=61579391820374&amp;locale=es_LA\" \/>\n<meta property=\"article:modified_time\" content=\"2025-12-20T19:33:00+00:00\" \/>\n<meta property=\"og:image\" content=\"https:\/\/kamaypet.cl\/kp\/wp-content\/uploads\/2025\/04\/biofresh_perros_razas_mediana.jpg\" \/>\n\t<meta property=\"og:image:width\" content=\"700\" \/>\n\t<meta property=\"og:image:height\" content=\"700\" \/>\n\t<meta property=\"og:image:type\" content=\"image\/jpeg\" \/>\n<meta name=\"twitter:card\" content=\"summary_large_image\" \/>\n<meta name=\"twitter:label1\" content=\"Tiempo de lectura\" \/>\n\t<meta name=\"twitter:data1\" content=\"1 minuto\" \/>\n<script type=\"application\/ld+json\" class=\"yoast-schema-graph\">{\"@context\":\"https:\\\/\\\/schema.org\",\"@graph\":[{\"@type\":\"WebPage\",\"@id\":\"https:\\\/\\\/kamaypet.cl\\\/kp\\\/tienda\\\/producto\\\/biofresh-adulto-mediano\\\/\",\"url\":\"https:\\\/\\\/kamaypet.cl\\\/kp\\\/tienda\\\/producto\\\/biofresh-adulto-mediano\\\/\",\"name\":\"Biofresh Perro Adulto Raza Mediana - Kamay Pet\",\"isPartOf\":{\"@id\":\"https:\\\/\\\/kamaypet.cl\\\/kp\\\/#website\"},\"primaryImageOfPage\":{\"@id\":\"https:\\\/\\\/kamaypet.cl\\\/kp\\\/tienda\\\/producto\\\/biofresh-adulto-mediano\\\/#primaryimage\"},\"image\":{\"@id\":\"https:\\\/\\\/kamaypet.cl\\\/kp\\\/tienda\\\/producto\\\/biofresh-adulto-mediano\\\/#primaryimage\"},\"thumbnailUrl\":\"https:\\\/\\\/kamaypet.cl\\\/kp\\\/wp-content\\\/uploads\\\/2025\\\/04\\\/biofresh_perros_razas_mediana.jpg\",\"datePublished\":\"2025-06-02T17:36:33+00:00\",\"dateModified\":\"2025-12-20T19:33:00+00:00\",\"breadcrumb\":{\"@id\":\"https:\\\/\\\/kamaypet.cl\\\/kp\\\/tienda\\\/producto\\\/biofresh-adulto-mediano\\\/#breadcrumb\"},\"inLanguage\":\"es\",\"potentialAction\":[{\"@type\":\"ReadAction\",\"target\":[\"https:\\\/\\\/kamaypet.cl\\\/kp\\\/tienda\\\/producto\\\/biofresh-adulto-mediano\\\/\"]}]},{\"@type\":\"ImageObject\",\"inLanguage\":\"es\",\"@id\":\"https:\\\/\\\/kamaypet.cl\\\/kp\\\/tienda\\\/producto\\\/biofresh-adulto-mediano\\\/#primaryimage\",\"url\":\"https:\\\/\\\/kamaypet.cl\\\/kp\\\/wp-content\\\/uploads\\\/2025\\\/04\\\/biofresh_perros_razas_mediana.jpg\",\"contentUrl\":\"https:\\\/\\\/kamaypet.cl\\\/kp\\\/wp-content\\\/uploads\\\/2025\\\/04\\\/biofresh_perros_razas_mediana.jpg\",\"width\":700,\"height\":700},{\"@type\":\"BreadcrumbList\",\"@id\":\"https:\\\/\\\/kamaypet.cl\\\/kp\\\/tienda\\\/producto\\\/biofresh-adulto-mediano\\\/#breadcrumb\",\"itemListElement\":[{\"@type\":\"ListItem\",\"position\":1,\"name\":\"Inicio\",\"item\":\"https:\\\/\\\/kamaypet.cl\\\/kp\\\/\"},{\"@type\":\"ListItem\",\"position\":2,\"name\":\"Tienda\",\"item\":\"https:\\\/\\\/kamaypet.cl\\\/kp\\\/tienda\\\/\"},{\"@type\":\"ListItem\",\"position\":3,\"name\":\"Biofresh Perro Adulto Raza Mediana\"}]},{\"@type\":\"WebSite\",\"@id\":\"https:\\\/\\\/kamaypet.cl\\\/kp\\\/#website\",\"url\":\"https:\\\/\\\/kamaypet.cl\\\/kp\\\/\",\"name\":\"Kamay Pet\",\"description\":\"Venta al por menor de alimentos e insumos para mascotas\",\"publisher\":{\"@id\":\"https:\\\/\\\/kamaypet.cl\\\/kp\\\/#organization\"},\"alternateName\":\"Kamay\",\"potentialAction\":[{\"@type\":\"SearchAction\",\"target\":{\"@type\":\"EntryPoint\",\"urlTemplate\":\"https:\\\/\\\/kamaypet.cl\\\/kp\\\/?s={search_term_string}\"},\"query-input\":{\"@type\":\"PropertyValueSpecification\",\"valueRequired\":true,\"valueName\":\"search_term_string\"}}],\"inLanguage\":\"es\"},{\"@type\":\"Organization\",\"@id\":\"https:\\\/\\\/kamaypet.cl\\\/kp\\\/#organization\",\"name\":\"Kamay Pet\",\"url\":\"https:\\\/\\\/kamaypet.cl\\\/kp\\\/\",\"logo\":{\"@type\":\"ImageObject\",\"inLanguage\":\"es\",\"@id\":\"https:\\\/\\\/kamaypet.cl\\\/kp\\\/#\\\/schema\\\/logo\\\/image\\\/\",\"url\":\"https:\\\/\\\/kamaypet.cl\\\/kp\\\/wp-content\\\/uploads\\\/2021\\\/10\\\/Logo-Kamay-2-1.png\",\"contentUrl\":\"https:\\\/\\\/kamaypet.cl\\\/kp\\\/wp-content\\\/uploads\\\/2021\\\/10\\\/Logo-Kamay-2-1.png\",\"width\":1964,\"height\":2452,\"caption\":\"Kamay Pet\"},\"image\":{\"@id\":\"https:\\\/\\\/kamaypet.cl\\\/kp\\\/#\\\/schema\\\/logo\\\/image\\\/\"},\"sameAs\":[\"https:\\\/\\\/web.facebook.com\\\/profile.php?id=61579391820374&locale=es_LA\",\"https:\\\/\\\/www.instagram.com\\\/kamaypet\"]}]}<\/script>\n<!-- \/ Yoast SEO plugin. -->","yoast_head_json":{"title":"Biofresh Perro Adulto Raza Mediana - Kamay Pet","robots":{"index":"index","follow":"follow","max-snippet":"max-snippet:-1","max-image-preview":"max-image-preview:large","max-video-preview":"max-video-preview:-1"},"canonical":"https:\/\/kamaypet.cl\/kp\/tienda\/producto\/biofresh-adulto-mediano\/","og_locale":"es_ES","og_type":"article","og_title":"Biofresh Perro Adulto Raza Mediana - Kamay Pet","og_description":"Biofresh S\u00faper Premium para adultos es un alimento que cuida el valor nutritivo de cada uno de sus ingredientes incorpor\u00e1ndolos de forma fresca y asegurando una m\u00e1xima disponibilidad. La alta inclusi\u00f3n de componentes de origen animal, asociado al aporte nutricional de frutas, verduras, legumbres y granos nobles proporciona la dieta ideal para carn\u00edvoros facultativos. La adici\u00f3n de ingredientes funcionales asegura una \u00f3ptima salud, favoreciendo una excelente calidad de piel y pelaje, mantenci\u00f3n de un correcto funcionamiento intestinal, estimulaci\u00f3n del sistema inmunol\u00f3gico y cuidado de la salud dental, adem\u00e1s de la prevenci\u00f3n de enfermedades asociadas al paso de los a\u00f1os como la degeneraci\u00f3n articular. Biofresh S\u00faper Premium es altamente palatable, dise\u00f1ado para perros adultos de raza mediana, adaptado a sus requerimientos nutricionales.","og_url":"https:\/\/kamaypet.cl\/kp\/tienda\/producto\/biofresh-adulto-mediano\/","og_site_name":"Kamay Pet","article_publisher":"https:\/\/web.facebook.com\/profile.php?id=61579391820374&locale=es_LA","article_modified_time":"2025-12-20T19:33:00+00:00","og_image":[{"width":700,"height":700,"url":"https:\/\/kamaypet.cl\/kp\/wp-content\/uploads\/2025\/04\/biofresh_perros_razas_mediana.jpg","type":"image\/jpeg"}],"twitter_card":"summary_large_image","twitter_misc":{"Tiempo de lectura":"1 minuto"},"schema":{"@context":"https:\/\/schema.org","@graph":[{"@type":"WebPage","@id":"https:\/\/kamaypet.cl\/kp\/tienda\/producto\/biofresh-adulto-mediano\/","url":"https:\/\/kamaypet.cl\/kp\/tienda\/producto\/biofresh-adulto-mediano\/","name":"Biofresh Perro Adulto Raza Mediana - Kamay Pet","isPartOf":{"@id":"https:\/\/kamaypet.cl\/kp\/#website"},"primaryImageOfPage":{"@id":"https:\/\/kamaypet.cl\/kp\/tienda\/producto\/biofresh-adulto-mediano\/#primaryimage"},"image":{"@id":"https:\/\/kamaypet.cl\/kp\/tienda\/producto\/biofresh-adulto-mediano\/#primaryimage"},"thumbnailUrl":"https:\/\/kamaypet.cl\/kp\/wp-content\/uploads\/2025\/04\/biofresh_perros_razas_mediana.jpg","datePublished":"2025-06-02T17:36:33+00:00","dateModified":"2025-12-20T19:33:00+00:00","breadcrumb":{"@id":"https:\/\/kamaypet.cl\/kp\/tienda\/producto\/biofresh-adulto-mediano\/#breadcrumb"},"inLanguage":"es","potentialAction":[{"@type":"ReadAction","target":["https:\/\/kamaypet.cl\/kp\/tienda\/producto\/biofresh-adulto-mediano\/"]}]},{"@type":"ImageObject","inLanguage":"es","@id":"https:\/\/kamaypet.cl\/kp\/tienda\/producto\/biofresh-adulto-mediano\/#primaryimage","url":"https:\/\/kamaypet.cl\/kp\/wp-content\/uploads\/2025\/04\/biofresh_perros_razas_mediana.jpg","contentUrl":"https:\/\/kamaypet.cl\/kp\/wp-content\/uploads\/2025\/04\/biofresh_perros_razas_mediana.jpg","width":700,"height":700},{"@type":"BreadcrumbList","@id":"https:\/\/kamaypet.cl\/kp\/tienda\/producto\/biofresh-adulto-mediano\/#breadcrumb","itemListElement":[{"@type":"ListItem","position":1,"name":"Inicio","item":"https:\/\/kamaypet.cl\/kp\/"},{"@type":"ListItem","position":2,"name":"Tienda","item":"https:\/\/kamaypet.cl\/kp\/tienda\/"},{"@type":"ListItem","position":3,"name":"Biofresh Perro Adulto Raza Mediana"}]},{"@type":"WebSite","@id":"https:\/\/kamaypet.cl\/kp\/#website","url":"https:\/\/kamaypet.cl\/kp\/","name":"Kamay Pet","description":"Venta al por menor de alimentos e insumos para mascotas","publisher":{"@id":"https:\/\/kamaypet.cl\/kp\/#organization"},"alternateName":"Kamay","potentialAction":[{"@type":"SearchAction","target":{"@type":"EntryPoint","urlTemplate":"https:\/\/kamaypet.cl\/kp\/?s={search_term_string}"},"query-input":{"@type":"PropertyValueSpecification","valueRequired":true,"valueName":"search_term_string"}}],"inLanguage":"es"},{"@type":"Organization","@id":"https:\/\/kamaypet.cl\/kp\/#organization","name":"Kamay Pet","url":"https:\/\/kamaypet.cl\/kp\/","logo":{"@type":"ImageObject","inLanguage":"es","@id":"https:\/\/kamaypet.cl\/kp\/#\/schema\/logo\/image\/","url":"https:\/\/kamaypet.cl\/kp\/wp-content\/uploads\/2021\/10\/Logo-Kamay-2-1.png","contentUrl":"https:\/\/kamaypet.cl\/kp\/wp-content\/uploads\/2021\/10\/Logo-Kamay-2-1.png","width":1964,"height":2452,"caption":"Kamay Pet"},"image":{"@id":"https:\/\/kamaypet.cl\/kp\/#\/schema\/logo\/image\/"},"sameAs":["https:\/\/web.facebook.com\/profile.php?id=61579391820374&locale=es_LA","https:\/\/www.instagram.com\/kamaypet"]}]}},"_links":{"self":[{"href":"https:\/\/kamaypet.cl\/kp\/wp-json\/wp\/v2\/product\/5799","targetHints":{"allow":["GET"]}}],"collection":[{"href":"https:\/\/kamaypet.cl\/kp\/wp-json\/wp\/v2\/product"}],"about":[{"href":"https:\/\/kamaypet.cl\/kp\/wp-json\/wp\/v2\/types\/product"}],"replies":[{"embeddable":true,"href":"https:\/\/kamaypet.cl\/kp\/wp-json\/wp\/v2\/comments?post=5799"}],"version-history":[{"count":4,"href":"https:\/\/kamaypet.cl\/kp\/wp-json\/wp\/v2\/product\/5799\/revisions"}],"predecessor-version":[{"id":7016,"href":"https:\/\/kamaypet.cl\/kp\/wp-json\/wp\/v2\/product\/5799\/revisions\/7016"}],"wp:featuredmedia":[{"embeddable":true,"href":"https:\/\/kamaypet.cl\/kp\/wp-json\/wp\/v2\/media\/5793"}],"wp:attachment":[{"href":"https:\/\/kamaypet.cl\/kp\/wp-json\/wp\/v2\/media?parent=5799"}],"wp:term":[{"taxonomy":"product_brand","embeddable":true,"href":"https:\/\/kamaypet.cl\/kp\/wp-json\/wp\/v2\/product_brand?post=5799"},{"taxonomy":"product_cat","embeddable":true,"href":"https:\/\/kamaypet.cl\/kp\/wp-json\/wp\/v2\/product_cat?post=5799"},{"taxonomy":"product_tag","embeddable":true,"href":"https:\/\/kamaypet.cl\/kp\/wp-json\/wp\/v2\/product_tag?post=5799"}],"curies":[{"name":"wp","href":"https:\/\/api.w.org\/{rel}","templated":true}]}}