{"id":5842,"date":"2025-06-02T20:06:47","date_gmt":"2025-06-02T20:06:47","guid":{"rendered":"https:\/\/kamaypet.cl\/kp\/?post_type=product&#038;p=5842"},"modified":"2025-11-04T14:25:50","modified_gmt":"2025-11-04T14:25:50","slug":"biofresh-perro-adulto-mediano-light","status":"publish","type":"product","link":"https:\/\/kamaypet.cl\/kp\/tienda\/producto\/biofresh-perro-adulto-mediano-light\/","title":{"rendered":"Biofresh Perro Adulto Raza Mediana Light"},"content":{"rendered":"<p>Las cantidades presentadas son orientativas y pueden variar seg\u00fan la edad, raza, condici\u00f3n corporal y nivel de actividad f\u00edsica, entre otros factores. Ofrezca el alimento seco, en contenedor limpio, dividido en 2 o m\u00e1s comidas al d\u00eda y mantenga siempre agua limpia y fresca cerca de su perro. En caso que su perro a\u00fan no est\u00e9 comiendo Biofresh LIGHT recomendamos que la sustituci\u00f3n sea hecha de forma gradual, durante 7 hasta 10 d\u00edas. Tenga en cuenta la condici\u00f3n corporal de su perro, mantenga un programa de actividad f\u00edsica y consulte al m\u00e9dico veterinario regularmente.<br \/>\nSi su perro es castrado al alcanzar el peso ideal, se recomienda Biofresh Super Premium Castrados.<br \/>\nEste producto est\u00e1 contraindicado en perras gestantes y lactantes o perros con bajo peso debido a su bajo contenido cal\u00f3rico.<\/p>\n<p>Cada 2 \u2013 3 semanas medir el peso y evaluar a su perro ajustando la cantidad de alimento al d\u00eda de acuerdo a su nuevo peso hasta que llegue a la condici\u00f3n corporal ideal.<\/p>\n<table class=\"sizes-table\">\n<thead>\n<tr>\n<th>Peso de perro (kg)<\/th>\n<th>P\u00e9rdida de peso (g\/d\u00eda)<\/th>\n<th>Mantenci\u00f3n del peso (g\/d\u00eda)<\/th>\n<\/tr>\n<\/thead>\n<tbody>\n<tr>\n<th>11kg<\/th>\n<td>140g<\/td>\n<td>185g<\/td>\n<\/tr>\n<tr>\n<th>13kg<\/th>\n<td>57g<\/td>\n<td>210g<\/td>\n<\/tr>\n<tr>\n<th>15kg<\/th>\n<td>175g<\/td>\n<td>235g<\/td>\n<\/tr>\n<tr>\n<th>17kg<\/th>\n<td>190g<\/td>\n<td>255g<\/td>\n<\/tr>\n<tr>\n<th>19kg<\/th>\n<td>210g<\/td>\n<td>280g<\/td>\n<\/tr>\n<tr>\n<th>21kg<\/th>\n<td>225g<\/td>\n<td>300g<\/td>\n<\/tr>\n<tr>\n<th>23kg<\/th>\n<td>240g<\/td>\n<td>320g<\/td>\n<\/tr>\n<tr>\n<th>25kg<\/th>\n<td>257g<\/td>\n<td>340g<\/td>\n<\/tr>\n<\/tbody>\n<\/table>\n<p>&nbsp;<\/p>\n","protected":false},"excerpt":{"rendered":"<p>Biofresh Super Premium Light es un alimento completo, equilibrado, con palatabilidad reforzada, indicado para una p\u00e9rdida de peso eficaz y posterior mantenimiento, de manera saludable en perros adultos y senior con tendencia al sobrepeso u obesidad. Biofresh Light promueve la p\u00e9rdida de peso, ya que posee un 70% menos de grasas y 20% menos de calor\u00edas, alta inclusi\u00f3n de L-carnitina para un correcto metabolismo de las grasas y preservaci\u00f3n de la masa muscular. Esta f\u00f3rmula, m\u00e1s el aumento de prote\u00edna y fibra, adicionado a la protecci\u00f3n articular que fomenta la actividad f\u00edsica, es la receta para recuperar la condici\u00f3n corporal ideal. Una excelente opci\u00f3n para perros con sobrepeso, que incorpora manzanilla para reducir la ansiedad, entregando de esta manera la nutrici\u00f3n necesaria para lograr el peso ideal.<\/p>\n","protected":false},"featured_media":5843,"comment_status":"open","ping_status":"closed","template":"","meta":[],"product_brand":[69],"product_cat":[80,124],"product_tag":[],"class_list":{"0":"post-5842","1":"product","2":"type-product","3":"status-publish","4":"has-post-thumbnail","6":"product_brand-biofresh","7":"product_cat-alimento-para-perros","8":"product_cat-perro","10":"first","11":"instock","12":"taxable","13":"shipping-taxable","14":"purchasable","15":"product-type-variable"},"yoast_head":"<!-- This site is optimized with the Yoast SEO plugin v27.3 - https:\/\/yoast.com\/product\/yoast-seo-wordpress\/ -->\n<title>Biofresh Perro Adulto Raza Mediana Light - Kamay Pet<\/title>\n<meta name=\"robots\" content=\"index, follow, max-snippet:-1, max-image-preview:large, max-video-preview:-1\" \/>\n<link rel=\"canonical\" href=\"https:\/\/kamaypet.cl\/kp\/tienda\/producto\/biofresh-perro-adulto-mediano-light\/\" \/>\n<meta property=\"og:locale\" content=\"es_ES\" \/>\n<meta property=\"og:type\" content=\"article\" \/>\n<meta property=\"og:title\" content=\"Biofresh Perro Adulto Raza Mediana Light - Kamay Pet\" \/>\n<meta property=\"og:description\" content=\"Biofresh Super Premium Light es un alimento completo, equilibrado, con palatabilidad reforzada, indicado para una p\u00e9rdida de peso eficaz y posterior mantenimiento, de manera saludable en perros adultos y senior con tendencia al sobrepeso u obesidad. Biofresh Light promueve la p\u00e9rdida de peso, ya que posee un 70% menos de grasas y 20% menos de calor\u00edas, alta inclusi\u00f3n de L-carnitina para un correcto metabolismo de las grasas y preservaci\u00f3n de la masa muscular. Esta f\u00f3rmula, m\u00e1s el aumento de prote\u00edna y fibra, adicionado a la protecci\u00f3n articular que fomenta la actividad f\u00edsica, es la receta para recuperar la condici\u00f3n corporal ideal. Una excelente opci\u00f3n para perros con sobrepeso, que incorpora manzanilla para reducir la ansiedad, entregando de esta manera la nutrici\u00f3n necesaria para lograr el peso ideal.\" \/>\n<meta property=\"og:url\" content=\"https:\/\/kamaypet.cl\/kp\/tienda\/producto\/biofresh-perro-adulto-mediano-light\/\" \/>\n<meta property=\"og:site_name\" content=\"Kamay Pet\" \/>\n<meta property=\"article:publisher\" content=\"https:\/\/web.facebook.com\/profile.php?id=61579391820374&amp;locale=es_LA\" \/>\n<meta property=\"article:modified_time\" content=\"2025-11-04T14:25:50+00:00\" \/>\n<meta property=\"og:image\" content=\"https:\/\/kamaypet.cl\/kp\/wp-content\/uploads\/2025\/06\/Biofresh-LIGHT-razas-medianas.png\" \/>\n\t<meta property=\"og:image:width\" content=\"900\" \/>\n\t<meta property=\"og:image:height\" content=\"900\" \/>\n\t<meta property=\"og:image:type\" content=\"image\/png\" \/>\n<meta name=\"twitter:card\" content=\"summary_large_image\" \/>\n<meta name=\"twitter:label1\" content=\"Tiempo de lectura\" \/>\n\t<meta name=\"twitter:data1\" content=\"1 minuto\" \/>\n<script type=\"application\/ld+json\" class=\"yoast-schema-graph\">{\"@context\":\"https:\\\/\\\/schema.org\",\"@graph\":[{\"@type\":\"WebPage\",\"@id\":\"https:\\\/\\\/kamaypet.cl\\\/kp\\\/tienda\\\/producto\\\/biofresh-perro-adulto-mediano-light\\\/\",\"url\":\"https:\\\/\\\/kamaypet.cl\\\/kp\\\/tienda\\\/producto\\\/biofresh-perro-adulto-mediano-light\\\/\",\"name\":\"Biofresh Perro Adulto Raza Mediana Light - Kamay Pet\",\"isPartOf\":{\"@id\":\"https:\\\/\\\/kamaypet.cl\\\/kp\\\/#website\"},\"primaryImageOfPage\":{\"@id\":\"https:\\\/\\\/kamaypet.cl\\\/kp\\\/tienda\\\/producto\\\/biofresh-perro-adulto-mediano-light\\\/#primaryimage\"},\"image\":{\"@id\":\"https:\\\/\\\/kamaypet.cl\\\/kp\\\/tienda\\\/producto\\\/biofresh-perro-adulto-mediano-light\\\/#primaryimage\"},\"thumbnailUrl\":\"https:\\\/\\\/kamaypet.cl\\\/kp\\\/wp-content\\\/uploads\\\/2025\\\/06\\\/Biofresh-LIGHT-razas-medianas.png\",\"datePublished\":\"2025-06-02T20:06:47+00:00\",\"dateModified\":\"2025-11-04T14:25:50+00:00\",\"breadcrumb\":{\"@id\":\"https:\\\/\\\/kamaypet.cl\\\/kp\\\/tienda\\\/producto\\\/biofresh-perro-adulto-mediano-light\\\/#breadcrumb\"},\"inLanguage\":\"es\",\"potentialAction\":[{\"@type\":\"ReadAction\",\"target\":[\"https:\\\/\\\/kamaypet.cl\\\/kp\\\/tienda\\\/producto\\\/biofresh-perro-adulto-mediano-light\\\/\"]}]},{\"@type\":\"ImageObject\",\"inLanguage\":\"es\",\"@id\":\"https:\\\/\\\/kamaypet.cl\\\/kp\\\/tienda\\\/producto\\\/biofresh-perro-adulto-mediano-light\\\/#primaryimage\",\"url\":\"https:\\\/\\\/kamaypet.cl\\\/kp\\\/wp-content\\\/uploads\\\/2025\\\/06\\\/Biofresh-LIGHT-razas-medianas.png\",\"contentUrl\":\"https:\\\/\\\/kamaypet.cl\\\/kp\\\/wp-content\\\/uploads\\\/2025\\\/06\\\/Biofresh-LIGHT-razas-medianas.png\",\"width\":900,\"height\":900},{\"@type\":\"BreadcrumbList\",\"@id\":\"https:\\\/\\\/kamaypet.cl\\\/kp\\\/tienda\\\/producto\\\/biofresh-perro-adulto-mediano-light\\\/#breadcrumb\",\"itemListElement\":[{\"@type\":\"ListItem\",\"position\":1,\"name\":\"Inicio\",\"item\":\"https:\\\/\\\/kamaypet.cl\\\/kp\\\/\"},{\"@type\":\"ListItem\",\"position\":2,\"name\":\"Tienda\",\"item\":\"https:\\\/\\\/kamaypet.cl\\\/kp\\\/tienda\\\/\"},{\"@type\":\"ListItem\",\"position\":3,\"name\":\"Biofresh Perro Adulto Mediano Light\"}]},{\"@type\":\"WebSite\",\"@id\":\"https:\\\/\\\/kamaypet.cl\\\/kp\\\/#website\",\"url\":\"https:\\\/\\\/kamaypet.cl\\\/kp\\\/\",\"name\":\"Kamay Pet\",\"description\":\"Venta al por menor de alimentos e insumos para mascotas\",\"publisher\":{\"@id\":\"https:\\\/\\\/kamaypet.cl\\\/kp\\\/#organization\"},\"alternateName\":\"Kamay\",\"potentialAction\":[{\"@type\":\"SearchAction\",\"target\":{\"@type\":\"EntryPoint\",\"urlTemplate\":\"https:\\\/\\\/kamaypet.cl\\\/kp\\\/?s={search_term_string}\"},\"query-input\":{\"@type\":\"PropertyValueSpecification\",\"valueRequired\":true,\"valueName\":\"search_term_string\"}}],\"inLanguage\":\"es\"},{\"@type\":\"Organization\",\"@id\":\"https:\\\/\\\/kamaypet.cl\\\/kp\\\/#organization\",\"name\":\"Kamay Pet\",\"url\":\"https:\\\/\\\/kamaypet.cl\\\/kp\\\/\",\"logo\":{\"@type\":\"ImageObject\",\"inLanguage\":\"es\",\"@id\":\"https:\\\/\\\/kamaypet.cl\\\/kp\\\/#\\\/schema\\\/logo\\\/image\\\/\",\"url\":\"https:\\\/\\\/kamaypet.cl\\\/kp\\\/wp-content\\\/uploads\\\/2021\\\/10\\\/Logo-Kamay-2-1.png\",\"contentUrl\":\"https:\\\/\\\/kamaypet.cl\\\/kp\\\/wp-content\\\/uploads\\\/2021\\\/10\\\/Logo-Kamay-2-1.png\",\"width\":1964,\"height\":2452,\"caption\":\"Kamay Pet\"},\"image\":{\"@id\":\"https:\\\/\\\/kamaypet.cl\\\/kp\\\/#\\\/schema\\\/logo\\\/image\\\/\"},\"sameAs\":[\"https:\\\/\\\/web.facebook.com\\\/profile.php?id=61579391820374&locale=es_LA\",\"https:\\\/\\\/www.instagram.com\\\/kamaypet\"]}]}<\/script>\n<!-- \/ Yoast SEO plugin. -->","yoast_head_json":{"title":"Biofresh Perro Adulto Raza Mediana Light - Kamay Pet","robots":{"index":"index","follow":"follow","max-snippet":"max-snippet:-1","max-image-preview":"max-image-preview:large","max-video-preview":"max-video-preview:-1"},"canonical":"https:\/\/kamaypet.cl\/kp\/tienda\/producto\/biofresh-perro-adulto-mediano-light\/","og_locale":"es_ES","og_type":"article","og_title":"Biofresh Perro Adulto Raza Mediana Light - Kamay Pet","og_description":"Biofresh Super Premium Light es un alimento completo, equilibrado, con palatabilidad reforzada, indicado para una p\u00e9rdida de peso eficaz y posterior mantenimiento, de manera saludable en perros adultos y senior con tendencia al sobrepeso u obesidad. Biofresh Light promueve la p\u00e9rdida de peso, ya que posee un 70% menos de grasas y 20% menos de calor\u00edas, alta inclusi\u00f3n de L-carnitina para un correcto metabolismo de las grasas y preservaci\u00f3n de la masa muscular. Esta f\u00f3rmula, m\u00e1s el aumento de prote\u00edna y fibra, adicionado a la protecci\u00f3n articular que fomenta la actividad f\u00edsica, es la receta para recuperar la condici\u00f3n corporal ideal. Una excelente opci\u00f3n para perros con sobrepeso, que incorpora manzanilla para reducir la ansiedad, entregando de esta manera la nutrici\u00f3n necesaria para lograr el peso ideal.","og_url":"https:\/\/kamaypet.cl\/kp\/tienda\/producto\/biofresh-perro-adulto-mediano-light\/","og_site_name":"Kamay Pet","article_publisher":"https:\/\/web.facebook.com\/profile.php?id=61579391820374&locale=es_LA","article_modified_time":"2025-11-04T14:25:50+00:00","og_image":[{"width":900,"height":900,"url":"https:\/\/kamaypet.cl\/kp\/wp-content\/uploads\/2025\/06\/Biofresh-LIGHT-razas-medianas.png","type":"image\/png"}],"twitter_card":"summary_large_image","twitter_misc":{"Tiempo de lectura":"1 minuto"},"schema":{"@context":"https:\/\/schema.org","@graph":[{"@type":"WebPage","@id":"https:\/\/kamaypet.cl\/kp\/tienda\/producto\/biofresh-perro-adulto-mediano-light\/","url":"https:\/\/kamaypet.cl\/kp\/tienda\/producto\/biofresh-perro-adulto-mediano-light\/","name":"Biofresh Perro Adulto Raza Mediana Light - Kamay Pet","isPartOf":{"@id":"https:\/\/kamaypet.cl\/kp\/#website"},"primaryImageOfPage":{"@id":"https:\/\/kamaypet.cl\/kp\/tienda\/producto\/biofresh-perro-adulto-mediano-light\/#primaryimage"},"image":{"@id":"https:\/\/kamaypet.cl\/kp\/tienda\/producto\/biofresh-perro-adulto-mediano-light\/#primaryimage"},"thumbnailUrl":"https:\/\/kamaypet.cl\/kp\/wp-content\/uploads\/2025\/06\/Biofresh-LIGHT-razas-medianas.png","datePublished":"2025-06-02T20:06:47+00:00","dateModified":"2025-11-04T14:25:50+00:00","breadcrumb":{"@id":"https:\/\/kamaypet.cl\/kp\/tienda\/producto\/biofresh-perro-adulto-mediano-light\/#breadcrumb"},"inLanguage":"es","potentialAction":[{"@type":"ReadAction","target":["https:\/\/kamaypet.cl\/kp\/tienda\/producto\/biofresh-perro-adulto-mediano-light\/"]}]},{"@type":"ImageObject","inLanguage":"es","@id":"https:\/\/kamaypet.cl\/kp\/tienda\/producto\/biofresh-perro-adulto-mediano-light\/#primaryimage","url":"https:\/\/kamaypet.cl\/kp\/wp-content\/uploads\/2025\/06\/Biofresh-LIGHT-razas-medianas.png","contentUrl":"https:\/\/kamaypet.cl\/kp\/wp-content\/uploads\/2025\/06\/Biofresh-LIGHT-razas-medianas.png","width":900,"height":900},{"@type":"BreadcrumbList","@id":"https:\/\/kamaypet.cl\/kp\/tienda\/producto\/biofresh-perro-adulto-mediano-light\/#breadcrumb","itemListElement":[{"@type":"ListItem","position":1,"name":"Inicio","item":"https:\/\/kamaypet.cl\/kp\/"},{"@type":"ListItem","position":2,"name":"Tienda","item":"https:\/\/kamaypet.cl\/kp\/tienda\/"},{"@type":"ListItem","position":3,"name":"Biofresh Perro Adulto Mediano Light"}]},{"@type":"WebSite","@id":"https:\/\/kamaypet.cl\/kp\/#website","url":"https:\/\/kamaypet.cl\/kp\/","name":"Kamay Pet","description":"Venta al por menor de alimentos e insumos para mascotas","publisher":{"@id":"https:\/\/kamaypet.cl\/kp\/#organization"},"alternateName":"Kamay","potentialAction":[{"@type":"SearchAction","target":{"@type":"EntryPoint","urlTemplate":"https:\/\/kamaypet.cl\/kp\/?s={search_term_string}"},"query-input":{"@type":"PropertyValueSpecification","valueRequired":true,"valueName":"search_term_string"}}],"inLanguage":"es"},{"@type":"Organization","@id":"https:\/\/kamaypet.cl\/kp\/#organization","name":"Kamay Pet","url":"https:\/\/kamaypet.cl\/kp\/","logo":{"@type":"ImageObject","inLanguage":"es","@id":"https:\/\/kamaypet.cl\/kp\/#\/schema\/logo\/image\/","url":"https:\/\/kamaypet.cl\/kp\/wp-content\/uploads\/2021\/10\/Logo-Kamay-2-1.png","contentUrl":"https:\/\/kamaypet.cl\/kp\/wp-content\/uploads\/2021\/10\/Logo-Kamay-2-1.png","width":1964,"height":2452,"caption":"Kamay Pet"},"image":{"@id":"https:\/\/kamaypet.cl\/kp\/#\/schema\/logo\/image\/"},"sameAs":["https:\/\/web.facebook.com\/profile.php?id=61579391820374&locale=es_LA","https:\/\/www.instagram.com\/kamaypet"]}]}},"_links":{"self":[{"href":"https:\/\/kamaypet.cl\/kp\/wp-json\/wp\/v2\/product\/5842","targetHints":{"allow":["GET"]}}],"collection":[{"href":"https:\/\/kamaypet.cl\/kp\/wp-json\/wp\/v2\/product"}],"about":[{"href":"https:\/\/kamaypet.cl\/kp\/wp-json\/wp\/v2\/types\/product"}],"replies":[{"embeddable":true,"href":"https:\/\/kamaypet.cl\/kp\/wp-json\/wp\/v2\/comments?post=5842"}],"version-history":[{"count":3,"href":"https:\/\/kamaypet.cl\/kp\/wp-json\/wp\/v2\/product\/5842\/revisions"}],"predecessor-version":[{"id":6296,"href":"https:\/\/kamaypet.cl\/kp\/wp-json\/wp\/v2\/product\/5842\/revisions\/6296"}],"wp:featuredmedia":[{"embeddable":true,"href":"https:\/\/kamaypet.cl\/kp\/wp-json\/wp\/v2\/media\/5843"}],"wp:attachment":[{"href":"https:\/\/kamaypet.cl\/kp\/wp-json\/wp\/v2\/media?parent=5842"}],"wp:term":[{"taxonomy":"product_brand","embeddable":true,"href":"https:\/\/kamaypet.cl\/kp\/wp-json\/wp\/v2\/product_brand?post=5842"},{"taxonomy":"product_cat","embeddable":true,"href":"https:\/\/kamaypet.cl\/kp\/wp-json\/wp\/v2\/product_cat?post=5842"},{"taxonomy":"product_tag","embeddable":true,"href":"https:\/\/kamaypet.cl\/kp\/wp-json\/wp\/v2\/product_tag?post=5842"}],"curies":[{"name":"wp","href":"https:\/\/api.w.org\/{rel}","templated":true}]}}