{"id":6300,"date":"2025-06-12T22:22:26","date_gmt":"2025-06-12T22:22:26","guid":{"rendered":"https:\/\/kamaypet.cl\/kp\/?post_type=product&#038;p=6300"},"modified":"2025-11-10T23:41:42","modified_gmt":"2025-11-10T23:41:42","slug":"biofresh-perro-cachorro-raza-pequena-y-mini","status":"publish","type":"product","link":"https:\/\/kamaypet.cl\/kp\/tienda\/producto\/biofresh-perro-cachorro-raza-pequena-y-mini\/","title":{"rendered":"Biofresh Perro Cachorro Raza Peque\u00f1a y Mini"},"content":{"rendered":"<p>Las cantidades presentadas son orientativas y pueden variar seg\u00fan muchos factores. Ofrezca el alimento seco, en pote limpio, tres o cuatro veces al d\u00eda y mantenga siempre agua limpia y fresca cerca de su cachorro. En caso que su perro a\u00fan no est\u00e9 comiendo Biofresh Super Premium recomendamos que el cambio sea gradual, durante 4 hasta 5 d\u00edas. Consulte regularmente al m\u00e9dico veterinario .<br \/>\nBiofresh Cachorros tambi\u00e9n se indica para hembras adultas a partir de la sexta semana de GESTACI\u00d3N y durante el per\u00edodo de LACTANCIA.<br \/>\nUna taza de t\u00e9 (200ml) es equivalente a 90g Biofresh.<\/p>\n<p>&nbsp;<\/p>\n<table class=\"sizes-table\" style=\"height: 499px;\" width=\"676\">\n<thead>\n<tr>\n<th>Peso del perro (kg)<\/th>\n<th colspan=\"6\">Recomendaci\u00f3n (g\/d\u00eda) Edad en meses<\/th>\n<\/tr>\n<\/thead>\n<tbody>\n<tr>\n<th><\/th>\n<td>2<\/td>\n<td>3<\/td>\n<td>5<\/td>\n<td>8<\/td>\n<td>9<\/td>\n<td>10<\/td>\n<\/tr>\n<tr>\n<th>1kg<\/th>\n<td>30g<\/td>\n<td>35g<\/td>\n<td>35g<\/td>\n<td>30g<\/td>\n<td>30g<\/td>\n<td>30g<\/td>\n<\/tr>\n<tr>\n<th>2kg<\/th>\n<td>50g<\/td>\n<td>55g<\/td>\n<td>55g<\/td>\n<td>55g<\/td>\n<td>55g<\/td>\n<td>55g<\/td>\n<\/tr>\n<tr>\n<th>3kg<\/th>\n<td>70g<\/td>\n<td>75g<\/td>\n<td>75g<\/td>\n<td>75g<\/td>\n<td>75g<\/td>\n<td>75g<\/td>\n<\/tr>\n<tr>\n<th>4kg<\/th>\n<td>85g<\/td>\n<td>85g<\/td>\n<td>95g<\/td>\n<td>95g<\/td>\n<td>90g<\/td>\n<td>90g<\/td>\n<\/tr>\n<tr>\n<th>5kg<\/th>\n<td>100g<\/td>\n<td>110g<\/td>\n<td>110g<\/td>\n<td>115g<\/td>\n<td>115g<\/td>\n<td>105g<\/td>\n<\/tr>\n<tr>\n<th>6kg<\/th>\n<td>110g<\/td>\n<td>120g<\/td>\n<td>125g<\/td>\n<td>125g<\/td>\n<td>120g<\/td>\n<td>120g<\/td>\n<\/tr>\n<tr>\n<th>8kg<\/th>\n<td>135g<\/td>\n<td>150g<\/td>\n<td>160g<\/td>\n<td>160g<\/td>\n<td>160g<\/td>\n<td>155g<\/td>\n<\/tr>\n<tr>\n<th>10kg<\/th>\n<td>165g<\/td>\n<td>170g<\/td>\n<td>180g<\/td>\n<td>180g<\/td>\n<td>180g<\/td>\n<td>175g<\/td>\n<\/tr>\n<\/tbody>\n<\/table>\n","protected":false},"excerpt":{"rendered":"<p>Biofresh S\u00faper Premium es un alimento 100% natural que incorpora ingredientes frescos de alto valor nutritivo, de forma completa y equilibrada, optimizando el desarrollo de cachorros. Con alta inclusi\u00f3n de carnes frescas, prote\u00edna de alto valor biol\u00f3gico y gran digestibilidad; acompa\u00f1ado de frutas, verduras, legumbres frescas y con granos nobles en cantidades \u00f3ptimas. Adem\u00e1s Biofresh S\u00faper Premium incorpora ingredientes funcionales para fortalecer el sistema inmune, favorecer la salud de piel y pelaje, mantener un correcto funcionamiento intestinal y cuidar desde etapas tempranas la salud oral y articular de su mascota. Adaptado a las necesidades nutricionales de cachorros de razas peque\u00f1as y mini, y a los diferentes requerimientos seg\u00fan su tama\u00f1o, con croquetas dise\u00f1adas para su f\u00e1cil masticaci\u00f3n.<\/p>\n","protected":false},"featured_media":6302,"comment_status":"open","ping_status":"closed","template":"","meta":[],"product_brand":[69],"product_cat":[80,124],"product_tag":[],"class_list":{"0":"post-6300","1":"product","2":"type-product","3":"status-publish","4":"has-post-thumbnail","6":"product_brand-biofresh","7":"product_cat-alimento-para-perros","8":"product_cat-perro","10":"first","11":"instock","12":"taxable","13":"shipping-taxable","14":"purchasable","15":"product-type-variable"},"yoast_head":"<!-- This site is optimized with the Yoast SEO plugin v27.3 - https:\/\/yoast.com\/product\/yoast-seo-wordpress\/ -->\n<title>Biofresh Perro Cachorro Raza Peque\u00f1a y Mini - Kamay Pet<\/title>\n<meta name=\"robots\" content=\"index, follow, max-snippet:-1, max-image-preview:large, max-video-preview:-1\" \/>\n<link rel=\"canonical\" href=\"https:\/\/kamaypet.cl\/kp\/tienda\/producto\/biofresh-perro-cachorro-raza-pequena-y-mini\/\" \/>\n<meta property=\"og:locale\" content=\"es_ES\" \/>\n<meta property=\"og:type\" content=\"article\" \/>\n<meta property=\"og:title\" content=\"Biofresh Perro Cachorro Raza Peque\u00f1a y Mini - Kamay Pet\" \/>\n<meta property=\"og:description\" content=\"Biofresh S\u00faper Premium es un alimento 100% natural que incorpora ingredientes frescos de alto valor nutritivo, de forma completa y equilibrada, optimizando el desarrollo de cachorros. Con alta inclusi\u00f3n de carnes frescas, prote\u00edna de alto valor biol\u00f3gico y gran digestibilidad; acompa\u00f1ado de frutas, verduras, legumbres frescas y con granos nobles en cantidades \u00f3ptimas. Adem\u00e1s Biofresh S\u00faper Premium incorpora ingredientes funcionales para fortalecer el sistema inmune, favorecer la salud de piel y pelaje, mantener un correcto funcionamiento intestinal y cuidar desde etapas tempranas la salud oral y articular de su mascota. Adaptado a las necesidades nutricionales de cachorros de razas peque\u00f1as y mini, y a los diferentes requerimientos seg\u00fan su tama\u00f1o, con croquetas dise\u00f1adas para su f\u00e1cil masticaci\u00f3n.\" \/>\n<meta property=\"og:url\" content=\"https:\/\/kamaypet.cl\/kp\/tienda\/producto\/biofresh-perro-cachorro-raza-pequena-y-mini\/\" \/>\n<meta property=\"og:site_name\" content=\"Kamay Pet\" \/>\n<meta property=\"article:publisher\" content=\"https:\/\/web.facebook.com\/profile.php?id=61579391820374&amp;locale=es_LA\" \/>\n<meta property=\"article:modified_time\" content=\"2025-11-10T23:41:42+00:00\" \/>\n<meta property=\"og:image\" content=\"https:\/\/kamaypet.cl\/kp\/wp-content\/uploads\/2025\/06\/Biofresh-Perro-Cachorro-Raza-Pequena-y-Mini.png\" \/>\n\t<meta property=\"og:image:width\" content=\"286\" \/>\n\t<meta property=\"og:image:height\" content=\"455\" \/>\n\t<meta property=\"og:image:type\" content=\"image\/png\" \/>\n<meta name=\"twitter:card\" content=\"summary_large_image\" \/>\n<meta name=\"twitter:label1\" content=\"Tiempo de lectura\" \/>\n\t<meta name=\"twitter:data1\" content=\"1 minuto\" \/>\n<script type=\"application\/ld+json\" class=\"yoast-schema-graph\">{\"@context\":\"https:\\\/\\\/schema.org\",\"@graph\":[{\"@type\":\"WebPage\",\"@id\":\"https:\\\/\\\/kamaypet.cl\\\/kp\\\/tienda\\\/producto\\\/biofresh-perro-cachorro-raza-pequena-y-mini\\\/\",\"url\":\"https:\\\/\\\/kamaypet.cl\\\/kp\\\/tienda\\\/producto\\\/biofresh-perro-cachorro-raza-pequena-y-mini\\\/\",\"name\":\"Biofresh Perro Cachorro Raza Peque\u00f1a y Mini - Kamay Pet\",\"isPartOf\":{\"@id\":\"https:\\\/\\\/kamaypet.cl\\\/kp\\\/#website\"},\"primaryImageOfPage\":{\"@id\":\"https:\\\/\\\/kamaypet.cl\\\/kp\\\/tienda\\\/producto\\\/biofresh-perro-cachorro-raza-pequena-y-mini\\\/#primaryimage\"},\"image\":{\"@id\":\"https:\\\/\\\/kamaypet.cl\\\/kp\\\/tienda\\\/producto\\\/biofresh-perro-cachorro-raza-pequena-y-mini\\\/#primaryimage\"},\"thumbnailUrl\":\"https:\\\/\\\/kamaypet.cl\\\/kp\\\/wp-content\\\/uploads\\\/2025\\\/06\\\/Biofresh-Perro-Cachorro-Raza-Pequena-y-Mini.png\",\"datePublished\":\"2025-06-12T22:22:26+00:00\",\"dateModified\":\"2025-11-10T23:41:42+00:00\",\"breadcrumb\":{\"@id\":\"https:\\\/\\\/kamaypet.cl\\\/kp\\\/tienda\\\/producto\\\/biofresh-perro-cachorro-raza-pequena-y-mini\\\/#breadcrumb\"},\"inLanguage\":\"es\",\"potentialAction\":[{\"@type\":\"ReadAction\",\"target\":[\"https:\\\/\\\/kamaypet.cl\\\/kp\\\/tienda\\\/producto\\\/biofresh-perro-cachorro-raza-pequena-y-mini\\\/\"]}]},{\"@type\":\"ImageObject\",\"inLanguage\":\"es\",\"@id\":\"https:\\\/\\\/kamaypet.cl\\\/kp\\\/tienda\\\/producto\\\/biofresh-perro-cachorro-raza-pequena-y-mini\\\/#primaryimage\",\"url\":\"https:\\\/\\\/kamaypet.cl\\\/kp\\\/wp-content\\\/uploads\\\/2025\\\/06\\\/Biofresh-Perro-Cachorro-Raza-Pequena-y-Mini.png\",\"contentUrl\":\"https:\\\/\\\/kamaypet.cl\\\/kp\\\/wp-content\\\/uploads\\\/2025\\\/06\\\/Biofresh-Perro-Cachorro-Raza-Pequena-y-Mini.png\",\"width\":286,\"height\":455},{\"@type\":\"BreadcrumbList\",\"@id\":\"https:\\\/\\\/kamaypet.cl\\\/kp\\\/tienda\\\/producto\\\/biofresh-perro-cachorro-raza-pequena-y-mini\\\/#breadcrumb\",\"itemListElement\":[{\"@type\":\"ListItem\",\"position\":1,\"name\":\"Inicio\",\"item\":\"https:\\\/\\\/kamaypet.cl\\\/kp\\\/\"},{\"@type\":\"ListItem\",\"position\":2,\"name\":\"Tienda\",\"item\":\"https:\\\/\\\/kamaypet.cl\\\/kp\\\/tienda\\\/\"},{\"@type\":\"ListItem\",\"position\":3,\"name\":\"Biofresh Perro Cachorro Raza Peque\u00f1a y Mini\"}]},{\"@type\":\"WebSite\",\"@id\":\"https:\\\/\\\/kamaypet.cl\\\/kp\\\/#website\",\"url\":\"https:\\\/\\\/kamaypet.cl\\\/kp\\\/\",\"name\":\"Kamay Pet\",\"description\":\"Venta al por menor de alimentos e insumos para mascotas\",\"publisher\":{\"@id\":\"https:\\\/\\\/kamaypet.cl\\\/kp\\\/#organization\"},\"alternateName\":\"Kamay\",\"potentialAction\":[{\"@type\":\"SearchAction\",\"target\":{\"@type\":\"EntryPoint\",\"urlTemplate\":\"https:\\\/\\\/kamaypet.cl\\\/kp\\\/?s={search_term_string}\"},\"query-input\":{\"@type\":\"PropertyValueSpecification\",\"valueRequired\":true,\"valueName\":\"search_term_string\"}}],\"inLanguage\":\"es\"},{\"@type\":\"Organization\",\"@id\":\"https:\\\/\\\/kamaypet.cl\\\/kp\\\/#organization\",\"name\":\"Kamay Pet\",\"url\":\"https:\\\/\\\/kamaypet.cl\\\/kp\\\/\",\"logo\":{\"@type\":\"ImageObject\",\"inLanguage\":\"es\",\"@id\":\"https:\\\/\\\/kamaypet.cl\\\/kp\\\/#\\\/schema\\\/logo\\\/image\\\/\",\"url\":\"https:\\\/\\\/kamaypet.cl\\\/kp\\\/wp-content\\\/uploads\\\/2021\\\/10\\\/Logo-Kamay-2-1.png\",\"contentUrl\":\"https:\\\/\\\/kamaypet.cl\\\/kp\\\/wp-content\\\/uploads\\\/2021\\\/10\\\/Logo-Kamay-2-1.png\",\"width\":1964,\"height\":2452,\"caption\":\"Kamay Pet\"},\"image\":{\"@id\":\"https:\\\/\\\/kamaypet.cl\\\/kp\\\/#\\\/schema\\\/logo\\\/image\\\/\"},\"sameAs\":[\"https:\\\/\\\/web.facebook.com\\\/profile.php?id=61579391820374&locale=es_LA\",\"https:\\\/\\\/www.instagram.com\\\/kamaypet\"]}]}<\/script>\n<!-- \/ Yoast SEO plugin. -->","yoast_head_json":{"title":"Biofresh Perro Cachorro Raza Peque\u00f1a y Mini - Kamay Pet","robots":{"index":"index","follow":"follow","max-snippet":"max-snippet:-1","max-image-preview":"max-image-preview:large","max-video-preview":"max-video-preview:-1"},"canonical":"https:\/\/kamaypet.cl\/kp\/tienda\/producto\/biofresh-perro-cachorro-raza-pequena-y-mini\/","og_locale":"es_ES","og_type":"article","og_title":"Biofresh Perro Cachorro Raza Peque\u00f1a y Mini - Kamay Pet","og_description":"Biofresh S\u00faper Premium es un alimento 100% natural que incorpora ingredientes frescos de alto valor nutritivo, de forma completa y equilibrada, optimizando el desarrollo de cachorros. Con alta inclusi\u00f3n de carnes frescas, prote\u00edna de alto valor biol\u00f3gico y gran digestibilidad; acompa\u00f1ado de frutas, verduras, legumbres frescas y con granos nobles en cantidades \u00f3ptimas. Adem\u00e1s Biofresh S\u00faper Premium incorpora ingredientes funcionales para fortalecer el sistema inmune, favorecer la salud de piel y pelaje, mantener un correcto funcionamiento intestinal y cuidar desde etapas tempranas la salud oral y articular de su mascota. Adaptado a las necesidades nutricionales de cachorros de razas peque\u00f1as y mini, y a los diferentes requerimientos seg\u00fan su tama\u00f1o, con croquetas dise\u00f1adas para su f\u00e1cil masticaci\u00f3n.","og_url":"https:\/\/kamaypet.cl\/kp\/tienda\/producto\/biofresh-perro-cachorro-raza-pequena-y-mini\/","og_site_name":"Kamay Pet","article_publisher":"https:\/\/web.facebook.com\/profile.php?id=61579391820374&locale=es_LA","article_modified_time":"2025-11-10T23:41:42+00:00","og_image":[{"width":286,"height":455,"url":"https:\/\/kamaypet.cl\/kp\/wp-content\/uploads\/2025\/06\/Biofresh-Perro-Cachorro-Raza-Pequena-y-Mini.png","type":"image\/png"}],"twitter_card":"summary_large_image","twitter_misc":{"Tiempo de lectura":"1 minuto"},"schema":{"@context":"https:\/\/schema.org","@graph":[{"@type":"WebPage","@id":"https:\/\/kamaypet.cl\/kp\/tienda\/producto\/biofresh-perro-cachorro-raza-pequena-y-mini\/","url":"https:\/\/kamaypet.cl\/kp\/tienda\/producto\/biofresh-perro-cachorro-raza-pequena-y-mini\/","name":"Biofresh Perro Cachorro Raza Peque\u00f1a y Mini - Kamay Pet","isPartOf":{"@id":"https:\/\/kamaypet.cl\/kp\/#website"},"primaryImageOfPage":{"@id":"https:\/\/kamaypet.cl\/kp\/tienda\/producto\/biofresh-perro-cachorro-raza-pequena-y-mini\/#primaryimage"},"image":{"@id":"https:\/\/kamaypet.cl\/kp\/tienda\/producto\/biofresh-perro-cachorro-raza-pequena-y-mini\/#primaryimage"},"thumbnailUrl":"https:\/\/kamaypet.cl\/kp\/wp-content\/uploads\/2025\/06\/Biofresh-Perro-Cachorro-Raza-Pequena-y-Mini.png","datePublished":"2025-06-12T22:22:26+00:00","dateModified":"2025-11-10T23:41:42+00:00","breadcrumb":{"@id":"https:\/\/kamaypet.cl\/kp\/tienda\/producto\/biofresh-perro-cachorro-raza-pequena-y-mini\/#breadcrumb"},"inLanguage":"es","potentialAction":[{"@type":"ReadAction","target":["https:\/\/kamaypet.cl\/kp\/tienda\/producto\/biofresh-perro-cachorro-raza-pequena-y-mini\/"]}]},{"@type":"ImageObject","inLanguage":"es","@id":"https:\/\/kamaypet.cl\/kp\/tienda\/producto\/biofresh-perro-cachorro-raza-pequena-y-mini\/#primaryimage","url":"https:\/\/kamaypet.cl\/kp\/wp-content\/uploads\/2025\/06\/Biofresh-Perro-Cachorro-Raza-Pequena-y-Mini.png","contentUrl":"https:\/\/kamaypet.cl\/kp\/wp-content\/uploads\/2025\/06\/Biofresh-Perro-Cachorro-Raza-Pequena-y-Mini.png","width":286,"height":455},{"@type":"BreadcrumbList","@id":"https:\/\/kamaypet.cl\/kp\/tienda\/producto\/biofresh-perro-cachorro-raza-pequena-y-mini\/#breadcrumb","itemListElement":[{"@type":"ListItem","position":1,"name":"Inicio","item":"https:\/\/kamaypet.cl\/kp\/"},{"@type":"ListItem","position":2,"name":"Tienda","item":"https:\/\/kamaypet.cl\/kp\/tienda\/"},{"@type":"ListItem","position":3,"name":"Biofresh Perro Cachorro Raza Peque\u00f1a y Mini"}]},{"@type":"WebSite","@id":"https:\/\/kamaypet.cl\/kp\/#website","url":"https:\/\/kamaypet.cl\/kp\/","name":"Kamay Pet","description":"Venta al por menor de alimentos e insumos para mascotas","publisher":{"@id":"https:\/\/kamaypet.cl\/kp\/#organization"},"alternateName":"Kamay","potentialAction":[{"@type":"SearchAction","target":{"@type":"EntryPoint","urlTemplate":"https:\/\/kamaypet.cl\/kp\/?s={search_term_string}"},"query-input":{"@type":"PropertyValueSpecification","valueRequired":true,"valueName":"search_term_string"}}],"inLanguage":"es"},{"@type":"Organization","@id":"https:\/\/kamaypet.cl\/kp\/#organization","name":"Kamay Pet","url":"https:\/\/kamaypet.cl\/kp\/","logo":{"@type":"ImageObject","inLanguage":"es","@id":"https:\/\/kamaypet.cl\/kp\/#\/schema\/logo\/image\/","url":"https:\/\/kamaypet.cl\/kp\/wp-content\/uploads\/2021\/10\/Logo-Kamay-2-1.png","contentUrl":"https:\/\/kamaypet.cl\/kp\/wp-content\/uploads\/2021\/10\/Logo-Kamay-2-1.png","width":1964,"height":2452,"caption":"Kamay Pet"},"image":{"@id":"https:\/\/kamaypet.cl\/kp\/#\/schema\/logo\/image\/"},"sameAs":["https:\/\/web.facebook.com\/profile.php?id=61579391820374&locale=es_LA","https:\/\/www.instagram.com\/kamaypet"]}]}},"_links":{"self":[{"href":"https:\/\/kamaypet.cl\/kp\/wp-json\/wp\/v2\/product\/6300","targetHints":{"allow":["GET"]}}],"collection":[{"href":"https:\/\/kamaypet.cl\/kp\/wp-json\/wp\/v2\/product"}],"about":[{"href":"https:\/\/kamaypet.cl\/kp\/wp-json\/wp\/v2\/types\/product"}],"replies":[{"embeddable":true,"href":"https:\/\/kamaypet.cl\/kp\/wp-json\/wp\/v2\/comments?post=6300"}],"version-history":[{"count":1,"href":"https:\/\/kamaypet.cl\/kp\/wp-json\/wp\/v2\/product\/6300\/revisions"}],"predecessor-version":[{"id":6303,"href":"https:\/\/kamaypet.cl\/kp\/wp-json\/wp\/v2\/product\/6300\/revisions\/6303"}],"wp:featuredmedia":[{"embeddable":true,"href":"https:\/\/kamaypet.cl\/kp\/wp-json\/wp\/v2\/media\/6302"}],"wp:attachment":[{"href":"https:\/\/kamaypet.cl\/kp\/wp-json\/wp\/v2\/media?parent=6300"}],"wp:term":[{"taxonomy":"product_brand","embeddable":true,"href":"https:\/\/kamaypet.cl\/kp\/wp-json\/wp\/v2\/product_brand?post=6300"},{"taxonomy":"product_cat","embeddable":true,"href":"https:\/\/kamaypet.cl\/kp\/wp-json\/wp\/v2\/product_cat?post=6300"},{"taxonomy":"product_tag","embeddable":true,"href":"https:\/\/kamaypet.cl\/kp\/wp-json\/wp\/v2\/product_tag?post=6300"}],"curies":[{"name":"wp","href":"https:\/\/api.w.org\/{rel}","templated":true}]}}