{"id":6304,"date":"2025-06-12T22:40:39","date_gmt":"2025-06-12T22:40:39","guid":{"rendered":"https:\/\/kamaypet.cl\/kp\/?post_type=product&#038;p=6304"},"modified":"2025-11-04T14:10:58","modified_gmt":"2025-11-04T14:10:58","slug":"biofresh-perro-adulto-light-raza-pequena-y-mini","status":"publish","type":"product","link":"https:\/\/kamaypet.cl\/kp\/tienda\/producto\/biofresh-perro-adulto-light-raza-pequena-y-mini\/","title":{"rendered":"Biofresh Perro Adulto Light Raza Peque\u00f1a y Mini"},"content":{"rendered":"<p>Las cantidades presentadas son orientativas y pueden variar seg\u00fan la edad, raza, condici\u00f3n corporal y nivel de actividad f\u00edsica, entre otros factores. Ofrezca el alimento seco, en contenedor limpio, dividido en dos o m\u00e1s comidas al d\u00eda y mantenga siempre agua limpia y fresca cerca de tu perro. En caso que su perro a\u00fan no est\u00e9 comiendo Biofresh Super Premium recomendamos que el cambio sea gradual durante 7 d\u00edas. Tenga en cuenta la condici\u00f3n corporal de tu perro, mantenga un programa de actividad f\u00edsica.<br \/>\nCada 2 \u2013 3 semanas medir el peso y evaluar a su perro ajustando la cantidad de alimento al d\u00eda de acuerdo a su nuevo peso hasta que llegue a la condici\u00f3n corporal ideal.<\/p>\n<p>Si su perro es castrado, al alcanzar el peso ideal, se recomienda Biofresh Super Premium Castrados.<\/p>\n<p>Este producto est\u00e1 contraindicado en perras gestantes y lactantes o perros con bajo peso debido a su bajo contenido cal\u00f3rico.<\/p>\n<table class=\"sizes-table\">\n<thead>\n<tr>\n<th>Peso de perro (kg)<\/th>\n<th>P\u00e9rdida de peso (g\/d\u00eda)<\/th>\n<th>Mantenci\u00f3n del peso (g\/d\u00eda)<\/th>\n<\/tr>\n<\/thead>\n<tbody>\n<tr>\n<th>2kg<\/th>\n<th>40g<\/th>\n<th>50g<\/th>\n<\/tr>\n<tr>\n<th>3kg<\/th>\n<th>50g<\/th>\n<th>70g<\/th>\n<\/tr>\n<tr>\n<th>4kg<\/th>\n<th>65g<\/th>\n<th>90g<\/th>\n<\/tr>\n<tr>\n<th>5kg<\/th>\n<th>80g<\/th>\n<th>100g<\/th>\n<\/tr>\n<tr>\n<th>6kg<\/th>\n<th>90g<\/th>\n<th>115g<\/th>\n<\/tr>\n<tr>\n<th>7kg<\/th>\n<th>100g<\/th>\n<th>130g<\/th>\n<\/tr>\n<\/tbody>\n<\/table>\n","protected":false},"excerpt":{"rendered":"<p>Biofresh Super Premium Light es un alimento completo, equilibrado, con palatabilidad reforzada, indicado para una p\u00e9rdida de peso eficaz y posterior mantenimiento, de manera saludable en perros adultos y senior con tendencia al sobrepeso u obesidad. Biofresh Light promueve la p\u00e9rdida de peso, ya que posee un 70% menos de grasas y 20% menos de calor\u00edas, alta inclusi\u00f3n de L-carnitina para un correcto metabolismo de las grasas y preservaci\u00f3n de la masa muscular. Esta f\u00f3rmula, m\u00e1s el aumento de<br \/>\nprote\u00edna y fibra, adicionado a la protecci\u00f3n articular que fomenta la actividad f\u00edsica, es la receta para recuperar la condici\u00f3n corporal ideal. Una excelente opci\u00f3n para perros con sobrepeso, que incorpora manzanilla para reducir la ansiedad, entregando de esta manera la nutrici\u00f3n necesaria para lograr el peso ideal.<\/p>\n","protected":false},"featured_media":6306,"comment_status":"open","ping_status":"closed","template":"","meta":[],"product_brand":[69],"product_cat":[80,124],"product_tag":[],"class_list":{"0":"post-6304","1":"product","2":"type-product","3":"status-publish","4":"has-post-thumbnail","6":"product_brand-biofresh","7":"product_cat-alimento-para-perros","8":"product_cat-perro","10":"first","11":"instock","12":"taxable","13":"shipping-taxable","14":"purchasable","15":"product-type-variable"},"yoast_head":"<!-- This site is optimized with the Yoast SEO plugin v27.3 - https:\/\/yoast.com\/product\/yoast-seo-wordpress\/ -->\n<title>Biofresh Perro Adulto Light Raza Peque\u00f1a y Mini - Kamay Pet<\/title>\n<meta name=\"robots\" content=\"index, follow, max-snippet:-1, max-image-preview:large, max-video-preview:-1\" \/>\n<link rel=\"canonical\" href=\"https:\/\/kamaypet.cl\/kp\/tienda\/producto\/biofresh-perro-adulto-light-raza-pequena-y-mini\/\" \/>\n<meta property=\"og:locale\" content=\"es_ES\" \/>\n<meta property=\"og:type\" content=\"article\" \/>\n<meta property=\"og:title\" content=\"Biofresh Perro Adulto Light Raza Peque\u00f1a y Mini - Kamay Pet\" \/>\n<meta property=\"og:description\" content=\"Biofresh Super Premium Light es un alimento completo, equilibrado, con palatabilidad reforzada, indicado para una p\u00e9rdida de peso eficaz y posterior mantenimiento, de manera saludable en perros adultos y senior con tendencia al sobrepeso u obesidad. Biofresh Light promueve la p\u00e9rdida de peso, ya que posee un 70% menos de grasas y 20% menos de calor\u00edas, alta inclusi\u00f3n de L-carnitina para un correcto metabolismo de las grasas y preservaci\u00f3n de la masa muscular. Esta f\u00f3rmula, m\u00e1s el aumento de prote\u00edna y fibra, adicionado a la protecci\u00f3n articular que fomenta la actividad f\u00edsica, es la receta para recuperar la condici\u00f3n corporal ideal. Una excelente opci\u00f3n para perros con sobrepeso, que incorpora manzanilla para reducir la ansiedad, entregando de esta manera la nutrici\u00f3n necesaria para lograr el peso ideal.\" \/>\n<meta property=\"og:url\" content=\"https:\/\/kamaypet.cl\/kp\/tienda\/producto\/biofresh-perro-adulto-light-raza-pequena-y-mini\/\" \/>\n<meta property=\"og:site_name\" content=\"Kamay Pet\" \/>\n<meta property=\"article:publisher\" content=\"https:\/\/web.facebook.com\/profile.php?id=61579391820374&amp;locale=es_LA\" \/>\n<meta property=\"article:modified_time\" content=\"2025-11-04T14:10:58+00:00\" \/>\n<meta property=\"og:image\" content=\"https:\/\/kamaypet.cl\/kp\/wp-content\/uploads\/2025\/06\/Biofresh-Perro-Adulto-Light-Raza-Pequena-y-Mini.png\" \/>\n\t<meta property=\"og:image:width\" content=\"281\" \/>\n\t<meta property=\"og:image:height\" content=\"442\" \/>\n\t<meta property=\"og:image:type\" content=\"image\/png\" \/>\n<meta name=\"twitter:card\" content=\"summary_large_image\" \/>\n<meta name=\"twitter:label1\" content=\"Tiempo de lectura\" \/>\n\t<meta name=\"twitter:data1\" content=\"1 minuto\" \/>\n<script type=\"application\/ld+json\" class=\"yoast-schema-graph\">{\"@context\":\"https:\\\/\\\/schema.org\",\"@graph\":[{\"@type\":\"WebPage\",\"@id\":\"https:\\\/\\\/kamaypet.cl\\\/kp\\\/tienda\\\/producto\\\/biofresh-perro-adulto-light-raza-pequena-y-mini\\\/\",\"url\":\"https:\\\/\\\/kamaypet.cl\\\/kp\\\/tienda\\\/producto\\\/biofresh-perro-adulto-light-raza-pequena-y-mini\\\/\",\"name\":\"Biofresh Perro Adulto Light Raza Peque\u00f1a y Mini - Kamay Pet\",\"isPartOf\":{\"@id\":\"https:\\\/\\\/kamaypet.cl\\\/kp\\\/#website\"},\"primaryImageOfPage\":{\"@id\":\"https:\\\/\\\/kamaypet.cl\\\/kp\\\/tienda\\\/producto\\\/biofresh-perro-adulto-light-raza-pequena-y-mini\\\/#primaryimage\"},\"image\":{\"@id\":\"https:\\\/\\\/kamaypet.cl\\\/kp\\\/tienda\\\/producto\\\/biofresh-perro-adulto-light-raza-pequena-y-mini\\\/#primaryimage\"},\"thumbnailUrl\":\"https:\\\/\\\/kamaypet.cl\\\/kp\\\/wp-content\\\/uploads\\\/2025\\\/06\\\/Biofresh-Perro-Adulto-Light-Raza-Pequena-y-Mini.png\",\"datePublished\":\"2025-06-12T22:40:39+00:00\",\"dateModified\":\"2025-11-04T14:10:58+00:00\",\"breadcrumb\":{\"@id\":\"https:\\\/\\\/kamaypet.cl\\\/kp\\\/tienda\\\/producto\\\/biofresh-perro-adulto-light-raza-pequena-y-mini\\\/#breadcrumb\"},\"inLanguage\":\"es\",\"potentialAction\":[{\"@type\":\"ReadAction\",\"target\":[\"https:\\\/\\\/kamaypet.cl\\\/kp\\\/tienda\\\/producto\\\/biofresh-perro-adulto-light-raza-pequena-y-mini\\\/\"]}]},{\"@type\":\"ImageObject\",\"inLanguage\":\"es\",\"@id\":\"https:\\\/\\\/kamaypet.cl\\\/kp\\\/tienda\\\/producto\\\/biofresh-perro-adulto-light-raza-pequena-y-mini\\\/#primaryimage\",\"url\":\"https:\\\/\\\/kamaypet.cl\\\/kp\\\/wp-content\\\/uploads\\\/2025\\\/06\\\/Biofresh-Perro-Adulto-Light-Raza-Pequena-y-Mini.png\",\"contentUrl\":\"https:\\\/\\\/kamaypet.cl\\\/kp\\\/wp-content\\\/uploads\\\/2025\\\/06\\\/Biofresh-Perro-Adulto-Light-Raza-Pequena-y-Mini.png\",\"width\":281,\"height\":442},{\"@type\":\"BreadcrumbList\",\"@id\":\"https:\\\/\\\/kamaypet.cl\\\/kp\\\/tienda\\\/producto\\\/biofresh-perro-adulto-light-raza-pequena-y-mini\\\/#breadcrumb\",\"itemListElement\":[{\"@type\":\"ListItem\",\"position\":1,\"name\":\"Inicio\",\"item\":\"https:\\\/\\\/kamaypet.cl\\\/kp\\\/\"},{\"@type\":\"ListItem\",\"position\":2,\"name\":\"Tienda\",\"item\":\"https:\\\/\\\/kamaypet.cl\\\/kp\\\/tienda\\\/\"},{\"@type\":\"ListItem\",\"position\":3,\"name\":\"Biofresh Perro Adulto Light Raza Peque\u00f1a y Mini\"}]},{\"@type\":\"WebSite\",\"@id\":\"https:\\\/\\\/kamaypet.cl\\\/kp\\\/#website\",\"url\":\"https:\\\/\\\/kamaypet.cl\\\/kp\\\/\",\"name\":\"Kamay Pet\",\"description\":\"Venta al por menor de alimentos e insumos para mascotas\",\"publisher\":{\"@id\":\"https:\\\/\\\/kamaypet.cl\\\/kp\\\/#organization\"},\"alternateName\":\"Kamay\",\"potentialAction\":[{\"@type\":\"SearchAction\",\"target\":{\"@type\":\"EntryPoint\",\"urlTemplate\":\"https:\\\/\\\/kamaypet.cl\\\/kp\\\/?s={search_term_string}\"},\"query-input\":{\"@type\":\"PropertyValueSpecification\",\"valueRequired\":true,\"valueName\":\"search_term_string\"}}],\"inLanguage\":\"es\"},{\"@type\":\"Organization\",\"@id\":\"https:\\\/\\\/kamaypet.cl\\\/kp\\\/#organization\",\"name\":\"Kamay Pet\",\"url\":\"https:\\\/\\\/kamaypet.cl\\\/kp\\\/\",\"logo\":{\"@type\":\"ImageObject\",\"inLanguage\":\"es\",\"@id\":\"https:\\\/\\\/kamaypet.cl\\\/kp\\\/#\\\/schema\\\/logo\\\/image\\\/\",\"url\":\"https:\\\/\\\/kamaypet.cl\\\/kp\\\/wp-content\\\/uploads\\\/2021\\\/10\\\/Logo-Kamay-2-1.png\",\"contentUrl\":\"https:\\\/\\\/kamaypet.cl\\\/kp\\\/wp-content\\\/uploads\\\/2021\\\/10\\\/Logo-Kamay-2-1.png\",\"width\":1964,\"height\":2452,\"caption\":\"Kamay Pet\"},\"image\":{\"@id\":\"https:\\\/\\\/kamaypet.cl\\\/kp\\\/#\\\/schema\\\/logo\\\/image\\\/\"},\"sameAs\":[\"https:\\\/\\\/web.facebook.com\\\/profile.php?id=61579391820374&locale=es_LA\",\"https:\\\/\\\/www.instagram.com\\\/kamaypet\"]}]}<\/script>\n<!-- \/ Yoast SEO plugin. -->","yoast_head_json":{"title":"Biofresh Perro Adulto Light Raza Peque\u00f1a y Mini - Kamay Pet","robots":{"index":"index","follow":"follow","max-snippet":"max-snippet:-1","max-image-preview":"max-image-preview:large","max-video-preview":"max-video-preview:-1"},"canonical":"https:\/\/kamaypet.cl\/kp\/tienda\/producto\/biofresh-perro-adulto-light-raza-pequena-y-mini\/","og_locale":"es_ES","og_type":"article","og_title":"Biofresh Perro Adulto Light Raza Peque\u00f1a y Mini - Kamay Pet","og_description":"Biofresh Super Premium Light es un alimento completo, equilibrado, con palatabilidad reforzada, indicado para una p\u00e9rdida de peso eficaz y posterior mantenimiento, de manera saludable en perros adultos y senior con tendencia al sobrepeso u obesidad. Biofresh Light promueve la p\u00e9rdida de peso, ya que posee un 70% menos de grasas y 20% menos de calor\u00edas, alta inclusi\u00f3n de L-carnitina para un correcto metabolismo de las grasas y preservaci\u00f3n de la masa muscular. Esta f\u00f3rmula, m\u00e1s el aumento de prote\u00edna y fibra, adicionado a la protecci\u00f3n articular que fomenta la actividad f\u00edsica, es la receta para recuperar la condici\u00f3n corporal ideal. Una excelente opci\u00f3n para perros con sobrepeso, que incorpora manzanilla para reducir la ansiedad, entregando de esta manera la nutrici\u00f3n necesaria para lograr el peso ideal.","og_url":"https:\/\/kamaypet.cl\/kp\/tienda\/producto\/biofresh-perro-adulto-light-raza-pequena-y-mini\/","og_site_name":"Kamay Pet","article_publisher":"https:\/\/web.facebook.com\/profile.php?id=61579391820374&locale=es_LA","article_modified_time":"2025-11-04T14:10:58+00:00","og_image":[{"width":281,"height":442,"url":"https:\/\/kamaypet.cl\/kp\/wp-content\/uploads\/2025\/06\/Biofresh-Perro-Adulto-Light-Raza-Pequena-y-Mini.png","type":"image\/png"}],"twitter_card":"summary_large_image","twitter_misc":{"Tiempo de lectura":"1 minuto"},"schema":{"@context":"https:\/\/schema.org","@graph":[{"@type":"WebPage","@id":"https:\/\/kamaypet.cl\/kp\/tienda\/producto\/biofresh-perro-adulto-light-raza-pequena-y-mini\/","url":"https:\/\/kamaypet.cl\/kp\/tienda\/producto\/biofresh-perro-adulto-light-raza-pequena-y-mini\/","name":"Biofresh Perro Adulto Light Raza Peque\u00f1a y Mini - Kamay Pet","isPartOf":{"@id":"https:\/\/kamaypet.cl\/kp\/#website"},"primaryImageOfPage":{"@id":"https:\/\/kamaypet.cl\/kp\/tienda\/producto\/biofresh-perro-adulto-light-raza-pequena-y-mini\/#primaryimage"},"image":{"@id":"https:\/\/kamaypet.cl\/kp\/tienda\/producto\/biofresh-perro-adulto-light-raza-pequena-y-mini\/#primaryimage"},"thumbnailUrl":"https:\/\/kamaypet.cl\/kp\/wp-content\/uploads\/2025\/06\/Biofresh-Perro-Adulto-Light-Raza-Pequena-y-Mini.png","datePublished":"2025-06-12T22:40:39+00:00","dateModified":"2025-11-04T14:10:58+00:00","breadcrumb":{"@id":"https:\/\/kamaypet.cl\/kp\/tienda\/producto\/biofresh-perro-adulto-light-raza-pequena-y-mini\/#breadcrumb"},"inLanguage":"es","potentialAction":[{"@type":"ReadAction","target":["https:\/\/kamaypet.cl\/kp\/tienda\/producto\/biofresh-perro-adulto-light-raza-pequena-y-mini\/"]}]},{"@type":"ImageObject","inLanguage":"es","@id":"https:\/\/kamaypet.cl\/kp\/tienda\/producto\/biofresh-perro-adulto-light-raza-pequena-y-mini\/#primaryimage","url":"https:\/\/kamaypet.cl\/kp\/wp-content\/uploads\/2025\/06\/Biofresh-Perro-Adulto-Light-Raza-Pequena-y-Mini.png","contentUrl":"https:\/\/kamaypet.cl\/kp\/wp-content\/uploads\/2025\/06\/Biofresh-Perro-Adulto-Light-Raza-Pequena-y-Mini.png","width":281,"height":442},{"@type":"BreadcrumbList","@id":"https:\/\/kamaypet.cl\/kp\/tienda\/producto\/biofresh-perro-adulto-light-raza-pequena-y-mini\/#breadcrumb","itemListElement":[{"@type":"ListItem","position":1,"name":"Inicio","item":"https:\/\/kamaypet.cl\/kp\/"},{"@type":"ListItem","position":2,"name":"Tienda","item":"https:\/\/kamaypet.cl\/kp\/tienda\/"},{"@type":"ListItem","position":3,"name":"Biofresh Perro Adulto Light Raza Peque\u00f1a y Mini"}]},{"@type":"WebSite","@id":"https:\/\/kamaypet.cl\/kp\/#website","url":"https:\/\/kamaypet.cl\/kp\/","name":"Kamay Pet","description":"Venta al por menor de alimentos e insumos para mascotas","publisher":{"@id":"https:\/\/kamaypet.cl\/kp\/#organization"},"alternateName":"Kamay","potentialAction":[{"@type":"SearchAction","target":{"@type":"EntryPoint","urlTemplate":"https:\/\/kamaypet.cl\/kp\/?s={search_term_string}"},"query-input":{"@type":"PropertyValueSpecification","valueRequired":true,"valueName":"search_term_string"}}],"inLanguage":"es"},{"@type":"Organization","@id":"https:\/\/kamaypet.cl\/kp\/#organization","name":"Kamay Pet","url":"https:\/\/kamaypet.cl\/kp\/","logo":{"@type":"ImageObject","inLanguage":"es","@id":"https:\/\/kamaypet.cl\/kp\/#\/schema\/logo\/image\/","url":"https:\/\/kamaypet.cl\/kp\/wp-content\/uploads\/2021\/10\/Logo-Kamay-2-1.png","contentUrl":"https:\/\/kamaypet.cl\/kp\/wp-content\/uploads\/2021\/10\/Logo-Kamay-2-1.png","width":1964,"height":2452,"caption":"Kamay Pet"},"image":{"@id":"https:\/\/kamaypet.cl\/kp\/#\/schema\/logo\/image\/"},"sameAs":["https:\/\/web.facebook.com\/profile.php?id=61579391820374&locale=es_LA","https:\/\/www.instagram.com\/kamaypet"]}]}},"_links":{"self":[{"href":"https:\/\/kamaypet.cl\/kp\/wp-json\/wp\/v2\/product\/6304","targetHints":{"allow":["GET"]}}],"collection":[{"href":"https:\/\/kamaypet.cl\/kp\/wp-json\/wp\/v2\/product"}],"about":[{"href":"https:\/\/kamaypet.cl\/kp\/wp-json\/wp\/v2\/types\/product"}],"replies":[{"embeddable":true,"href":"https:\/\/kamaypet.cl\/kp\/wp-json\/wp\/v2\/comments?post=6304"}],"version-history":[{"count":1,"href":"https:\/\/kamaypet.cl\/kp\/wp-json\/wp\/v2\/product\/6304\/revisions"}],"predecessor-version":[{"id":6307,"href":"https:\/\/kamaypet.cl\/kp\/wp-json\/wp\/v2\/product\/6304\/revisions\/6307"}],"wp:featuredmedia":[{"embeddable":true,"href":"https:\/\/kamaypet.cl\/kp\/wp-json\/wp\/v2\/media\/6306"}],"wp:attachment":[{"href":"https:\/\/kamaypet.cl\/kp\/wp-json\/wp\/v2\/media?parent=6304"}],"wp:term":[{"taxonomy":"product_brand","embeddable":true,"href":"https:\/\/kamaypet.cl\/kp\/wp-json\/wp\/v2\/product_brand?post=6304"},{"taxonomy":"product_cat","embeddable":true,"href":"https:\/\/kamaypet.cl\/kp\/wp-json\/wp\/v2\/product_cat?post=6304"},{"taxonomy":"product_tag","embeddable":true,"href":"https:\/\/kamaypet.cl\/kp\/wp-json\/wp\/v2\/product_tag?post=6304"}],"curies":[{"name":"wp","href":"https:\/\/api.w.org\/{rel}","templated":true}]}}