{"id":6308,"date":"2025-06-12T22:51:06","date_gmt":"2025-06-12T22:51:06","guid":{"rendered":"https:\/\/kamaypet.cl\/kp\/?post_type=product&#038;p=6308"},"modified":"2025-10-16T12:46:59","modified_gmt":"2025-10-16T12:46:59","slug":"biofresh-perro-cachorro-raza-mediana","status":"publish","type":"product","link":"https:\/\/kamaypet.cl\/kp\/tienda\/producto\/biofresh-perro-cachorro-raza-mediana\/","title":{"rendered":"Biofresh Perro Cachorro Raza Mediana"},"content":{"rendered":"<p>Las cantidades presentadas son orientativas y pueden variar seg\u00fan muchos factores. Ofrezca el alimento seco, en pote limpio, tres o cuatro veces al d\u00eda y mantenga siempre agua limpia y fresca cerca de su cachorro. En caso que su perro a\u00fan no est\u00e9 comiendo Biofresh Super Premium recomendamos que el cambio sea gradual, durante 4 hasta 5 d\u00edas. Consulte regularmente al m\u00e9dico veterinario.<\/p>\n<p>Biofresh Cachorros tambi\u00e9n se indica para hembras adultas a partir de la sexta semana de GESTACI\u00d3N y durante el per\u00edodo de LACTANCIA<\/p>\n<p>Una taza de t\u00e9 (200ml) es equivalente a 90g Biofresh.<\/p>\n<table class=\"sizes-table\" style=\"height: 285px;\" width=\"687\">\n<thead>\n<tr align=\"center\">\n<th>Peso del perro (kg)<\/th>\n<th colspan=\"4\">Recomendaci\u00f3n (g\/d\u00eda) Edad en meses<\/th>\n<\/tr>\n<\/thead>\n<tbody>\n<tr>\n<th><\/th>\n<td>Hasta 3<\/td>\n<td>3 a 6<\/td>\n<td>6 a 9<\/td>\n<td>9 a 12<\/td>\n<\/tr>\n<tr>\n<th>11kg<\/th>\n<td>160g<\/td>\n<td>160 \u2013 185g<\/td>\n<td>185 \u2013 175g<\/td>\n<td>Adulto<\/td>\n<\/tr>\n<tr>\n<th>15kg<\/th>\n<td>205g<\/td>\n<td>205 \u2013 230g<\/td>\n<td>230g<\/td>\n<td>230 \u2013 220g<\/td>\n<\/tr>\n<tr>\n<th>20kg<\/th>\n<td>250g<\/td>\n<td>250 \u2013 290g<\/td>\n<td>290g<\/td>\n<td>290 \u2013 275g<\/td>\n<\/tr>\n<tr>\n<th>25kg<\/th>\n<td>300g<\/td>\n<td>300 \u2013 345g<\/td>\n<td>390 \u2013 340g<\/td>\n<td>340 \u2013 330g<\/td>\n<\/tr>\n<\/tbody>\n<\/table>\n<p>&nbsp;<\/p>\n","protected":false},"excerpt":{"rendered":"<p>Biofresh S\u00faper Premium es un alimento 100% natural que incorpora ingredientes frescos de alto valor nutritivo, de forma completa y equilibrada, optimizando el desarrollo de cachorros. Con alta inclusi\u00f3n de carnes frescas, prote\u00edna de alto valor biol\u00f3gico y gran digestibilidad; acompa\u00f1ado de frutas, verduras, legumbres frescas y con granos nobles en cantidades \u00f3ptimas. Adem\u00e1s Biofresh S\u00faper Premium incorpora ingredientes funcionales para fortalecer el sistema inmune, favorecer la salud de piel y pelaje, mantener un correcto funcionamiento intestinal y cuidar desde etapas tempranas la salud oral y articular de su mascota. Adaptado a las necesidades nutricionales de cachorros de razas medianas, y a los requerimientos seg\u00fan su tama\u00f1o, con croquetas dise\u00f1adas para su f\u00e1cil masticaci\u00f3n.<\/p>\n","protected":false},"featured_media":6310,"comment_status":"open","ping_status":"closed","template":"","meta":[],"product_brand":[69],"product_cat":[80,124],"product_tag":[],"class_list":{"0":"post-6308","1":"product","2":"type-product","3":"status-publish","4":"has-post-thumbnail","6":"product_brand-biofresh","7":"product_cat-alimento-para-perros","8":"product_cat-perro","10":"first","11":"instock","12":"taxable","13":"shipping-taxable","14":"purchasable","15":"product-type-variable"},"yoast_head":"<!-- This site is optimized with the Yoast SEO plugin v27.3 - https:\/\/yoast.com\/product\/yoast-seo-wordpress\/ -->\n<title>Biofresh Perro Cachorro Raza Mediana - Kamay Pet<\/title>\n<meta name=\"robots\" content=\"index, follow, max-snippet:-1, max-image-preview:large, max-video-preview:-1\" \/>\n<link rel=\"canonical\" href=\"https:\/\/kamaypet.cl\/kp\/tienda\/producto\/biofresh-perro-cachorro-raza-mediana\/\" \/>\n<meta property=\"og:locale\" content=\"es_ES\" \/>\n<meta property=\"og:type\" content=\"article\" \/>\n<meta property=\"og:title\" content=\"Biofresh Perro Cachorro Raza Mediana - Kamay Pet\" \/>\n<meta property=\"og:description\" content=\"Biofresh S\u00faper Premium es un alimento 100% natural que incorpora ingredientes frescos de alto valor nutritivo, de forma completa y equilibrada, optimizando el desarrollo de cachorros. Con alta inclusi\u00f3n de carnes frescas, prote\u00edna de alto valor biol\u00f3gico y gran digestibilidad; acompa\u00f1ado de frutas, verduras, legumbres frescas y con granos nobles en cantidades \u00f3ptimas. Adem\u00e1s Biofresh S\u00faper Premium incorpora ingredientes funcionales para fortalecer el sistema inmune, favorecer la salud de piel y pelaje, mantener un correcto funcionamiento intestinal y cuidar desde etapas tempranas la salud oral y articular de su mascota. Adaptado a las necesidades nutricionales de cachorros de razas medianas, y a los requerimientos seg\u00fan su tama\u00f1o, con croquetas dise\u00f1adas para su f\u00e1cil masticaci\u00f3n.\" \/>\n<meta property=\"og:url\" content=\"https:\/\/kamaypet.cl\/kp\/tienda\/producto\/biofresh-perro-cachorro-raza-mediana\/\" \/>\n<meta property=\"og:site_name\" content=\"Kamay Pet\" \/>\n<meta property=\"article:publisher\" content=\"https:\/\/web.facebook.com\/profile.php?id=61579391820374&amp;locale=es_LA\" \/>\n<meta property=\"article:modified_time\" content=\"2025-10-16T12:46:59+00:00\" \/>\n<meta property=\"og:image\" content=\"https:\/\/kamaypet.cl\/kp\/wp-content\/uploads\/2025\/06\/Biofresh-Cachorro-Raza-Mediana.png\" \/>\n\t<meta property=\"og:image:width\" content=\"289\" \/>\n\t<meta property=\"og:image:height\" content=\"452\" \/>\n\t<meta property=\"og:image:type\" content=\"image\/png\" \/>\n<meta name=\"twitter:card\" content=\"summary_large_image\" \/>\n<meta name=\"twitter:label1\" content=\"Tiempo de lectura\" \/>\n\t<meta name=\"twitter:data1\" content=\"1 minuto\" \/>\n<script type=\"application\/ld+json\" class=\"yoast-schema-graph\">{\"@context\":\"https:\\\/\\\/schema.org\",\"@graph\":[{\"@type\":\"WebPage\",\"@id\":\"https:\\\/\\\/kamaypet.cl\\\/kp\\\/tienda\\\/producto\\\/biofresh-perro-cachorro-raza-mediana\\\/\",\"url\":\"https:\\\/\\\/kamaypet.cl\\\/kp\\\/tienda\\\/producto\\\/biofresh-perro-cachorro-raza-mediana\\\/\",\"name\":\"Biofresh Perro Cachorro Raza Mediana - Kamay Pet\",\"isPartOf\":{\"@id\":\"https:\\\/\\\/kamaypet.cl\\\/kp\\\/#website\"},\"primaryImageOfPage\":{\"@id\":\"https:\\\/\\\/kamaypet.cl\\\/kp\\\/tienda\\\/producto\\\/biofresh-perro-cachorro-raza-mediana\\\/#primaryimage\"},\"image\":{\"@id\":\"https:\\\/\\\/kamaypet.cl\\\/kp\\\/tienda\\\/producto\\\/biofresh-perro-cachorro-raza-mediana\\\/#primaryimage\"},\"thumbnailUrl\":\"https:\\\/\\\/kamaypet.cl\\\/kp\\\/wp-content\\\/uploads\\\/2025\\\/06\\\/Biofresh-Cachorro-Raza-Mediana.png\",\"datePublished\":\"2025-06-12T22:51:06+00:00\",\"dateModified\":\"2025-10-16T12:46:59+00:00\",\"breadcrumb\":{\"@id\":\"https:\\\/\\\/kamaypet.cl\\\/kp\\\/tienda\\\/producto\\\/biofresh-perro-cachorro-raza-mediana\\\/#breadcrumb\"},\"inLanguage\":\"es\",\"potentialAction\":[{\"@type\":\"ReadAction\",\"target\":[\"https:\\\/\\\/kamaypet.cl\\\/kp\\\/tienda\\\/producto\\\/biofresh-perro-cachorro-raza-mediana\\\/\"]}]},{\"@type\":\"ImageObject\",\"inLanguage\":\"es\",\"@id\":\"https:\\\/\\\/kamaypet.cl\\\/kp\\\/tienda\\\/producto\\\/biofresh-perro-cachorro-raza-mediana\\\/#primaryimage\",\"url\":\"https:\\\/\\\/kamaypet.cl\\\/kp\\\/wp-content\\\/uploads\\\/2025\\\/06\\\/Biofresh-Cachorro-Raza-Mediana.png\",\"contentUrl\":\"https:\\\/\\\/kamaypet.cl\\\/kp\\\/wp-content\\\/uploads\\\/2025\\\/06\\\/Biofresh-Cachorro-Raza-Mediana.png\",\"width\":289,\"height\":452},{\"@type\":\"BreadcrumbList\",\"@id\":\"https:\\\/\\\/kamaypet.cl\\\/kp\\\/tienda\\\/producto\\\/biofresh-perro-cachorro-raza-mediana\\\/#breadcrumb\",\"itemListElement\":[{\"@type\":\"ListItem\",\"position\":1,\"name\":\"Inicio\",\"item\":\"https:\\\/\\\/kamaypet.cl\\\/kp\\\/\"},{\"@type\":\"ListItem\",\"position\":2,\"name\":\"Tienda\",\"item\":\"https:\\\/\\\/kamaypet.cl\\\/kp\\\/tienda\\\/\"},{\"@type\":\"ListItem\",\"position\":3,\"name\":\"Biofresh Perro Cachorro Raza Mediana\"}]},{\"@type\":\"WebSite\",\"@id\":\"https:\\\/\\\/kamaypet.cl\\\/kp\\\/#website\",\"url\":\"https:\\\/\\\/kamaypet.cl\\\/kp\\\/\",\"name\":\"Kamay Pet\",\"description\":\"Venta al por menor de alimentos e insumos para mascotas\",\"publisher\":{\"@id\":\"https:\\\/\\\/kamaypet.cl\\\/kp\\\/#organization\"},\"alternateName\":\"Kamay\",\"potentialAction\":[{\"@type\":\"SearchAction\",\"target\":{\"@type\":\"EntryPoint\",\"urlTemplate\":\"https:\\\/\\\/kamaypet.cl\\\/kp\\\/?s={search_term_string}\"},\"query-input\":{\"@type\":\"PropertyValueSpecification\",\"valueRequired\":true,\"valueName\":\"search_term_string\"}}],\"inLanguage\":\"es\"},{\"@type\":\"Organization\",\"@id\":\"https:\\\/\\\/kamaypet.cl\\\/kp\\\/#organization\",\"name\":\"Kamay Pet\",\"url\":\"https:\\\/\\\/kamaypet.cl\\\/kp\\\/\",\"logo\":{\"@type\":\"ImageObject\",\"inLanguage\":\"es\",\"@id\":\"https:\\\/\\\/kamaypet.cl\\\/kp\\\/#\\\/schema\\\/logo\\\/image\\\/\",\"url\":\"https:\\\/\\\/kamaypet.cl\\\/kp\\\/wp-content\\\/uploads\\\/2021\\\/10\\\/Logo-Kamay-2-1.png\",\"contentUrl\":\"https:\\\/\\\/kamaypet.cl\\\/kp\\\/wp-content\\\/uploads\\\/2021\\\/10\\\/Logo-Kamay-2-1.png\",\"width\":1964,\"height\":2452,\"caption\":\"Kamay Pet\"},\"image\":{\"@id\":\"https:\\\/\\\/kamaypet.cl\\\/kp\\\/#\\\/schema\\\/logo\\\/image\\\/\"},\"sameAs\":[\"https:\\\/\\\/web.facebook.com\\\/profile.php?id=61579391820374&locale=es_LA\",\"https:\\\/\\\/www.instagram.com\\\/kamaypet\"]}]}<\/script>\n<!-- \/ Yoast SEO plugin. -->","yoast_head_json":{"title":"Biofresh Perro Cachorro Raza Mediana - Kamay Pet","robots":{"index":"index","follow":"follow","max-snippet":"max-snippet:-1","max-image-preview":"max-image-preview:large","max-video-preview":"max-video-preview:-1"},"canonical":"https:\/\/kamaypet.cl\/kp\/tienda\/producto\/biofresh-perro-cachorro-raza-mediana\/","og_locale":"es_ES","og_type":"article","og_title":"Biofresh Perro Cachorro Raza Mediana - Kamay Pet","og_description":"Biofresh S\u00faper Premium es un alimento 100% natural que incorpora ingredientes frescos de alto valor nutritivo, de forma completa y equilibrada, optimizando el desarrollo de cachorros. Con alta inclusi\u00f3n de carnes frescas, prote\u00edna de alto valor biol\u00f3gico y gran digestibilidad; acompa\u00f1ado de frutas, verduras, legumbres frescas y con granos nobles en cantidades \u00f3ptimas. Adem\u00e1s Biofresh S\u00faper Premium incorpora ingredientes funcionales para fortalecer el sistema inmune, favorecer la salud de piel y pelaje, mantener un correcto funcionamiento intestinal y cuidar desde etapas tempranas la salud oral y articular de su mascota. Adaptado a las necesidades nutricionales de cachorros de razas medianas, y a los requerimientos seg\u00fan su tama\u00f1o, con croquetas dise\u00f1adas para su f\u00e1cil masticaci\u00f3n.","og_url":"https:\/\/kamaypet.cl\/kp\/tienda\/producto\/biofresh-perro-cachorro-raza-mediana\/","og_site_name":"Kamay Pet","article_publisher":"https:\/\/web.facebook.com\/profile.php?id=61579391820374&locale=es_LA","article_modified_time":"2025-10-16T12:46:59+00:00","og_image":[{"width":289,"height":452,"url":"https:\/\/kamaypet.cl\/kp\/wp-content\/uploads\/2025\/06\/Biofresh-Cachorro-Raza-Mediana.png","type":"image\/png"}],"twitter_card":"summary_large_image","twitter_misc":{"Tiempo de lectura":"1 minuto"},"schema":{"@context":"https:\/\/schema.org","@graph":[{"@type":"WebPage","@id":"https:\/\/kamaypet.cl\/kp\/tienda\/producto\/biofresh-perro-cachorro-raza-mediana\/","url":"https:\/\/kamaypet.cl\/kp\/tienda\/producto\/biofresh-perro-cachorro-raza-mediana\/","name":"Biofresh Perro Cachorro Raza Mediana - Kamay Pet","isPartOf":{"@id":"https:\/\/kamaypet.cl\/kp\/#website"},"primaryImageOfPage":{"@id":"https:\/\/kamaypet.cl\/kp\/tienda\/producto\/biofresh-perro-cachorro-raza-mediana\/#primaryimage"},"image":{"@id":"https:\/\/kamaypet.cl\/kp\/tienda\/producto\/biofresh-perro-cachorro-raza-mediana\/#primaryimage"},"thumbnailUrl":"https:\/\/kamaypet.cl\/kp\/wp-content\/uploads\/2025\/06\/Biofresh-Cachorro-Raza-Mediana.png","datePublished":"2025-06-12T22:51:06+00:00","dateModified":"2025-10-16T12:46:59+00:00","breadcrumb":{"@id":"https:\/\/kamaypet.cl\/kp\/tienda\/producto\/biofresh-perro-cachorro-raza-mediana\/#breadcrumb"},"inLanguage":"es","potentialAction":[{"@type":"ReadAction","target":["https:\/\/kamaypet.cl\/kp\/tienda\/producto\/biofresh-perro-cachorro-raza-mediana\/"]}]},{"@type":"ImageObject","inLanguage":"es","@id":"https:\/\/kamaypet.cl\/kp\/tienda\/producto\/biofresh-perro-cachorro-raza-mediana\/#primaryimage","url":"https:\/\/kamaypet.cl\/kp\/wp-content\/uploads\/2025\/06\/Biofresh-Cachorro-Raza-Mediana.png","contentUrl":"https:\/\/kamaypet.cl\/kp\/wp-content\/uploads\/2025\/06\/Biofresh-Cachorro-Raza-Mediana.png","width":289,"height":452},{"@type":"BreadcrumbList","@id":"https:\/\/kamaypet.cl\/kp\/tienda\/producto\/biofresh-perro-cachorro-raza-mediana\/#breadcrumb","itemListElement":[{"@type":"ListItem","position":1,"name":"Inicio","item":"https:\/\/kamaypet.cl\/kp\/"},{"@type":"ListItem","position":2,"name":"Tienda","item":"https:\/\/kamaypet.cl\/kp\/tienda\/"},{"@type":"ListItem","position":3,"name":"Biofresh Perro Cachorro Raza Mediana"}]},{"@type":"WebSite","@id":"https:\/\/kamaypet.cl\/kp\/#website","url":"https:\/\/kamaypet.cl\/kp\/","name":"Kamay Pet","description":"Venta al por menor de alimentos e insumos para mascotas","publisher":{"@id":"https:\/\/kamaypet.cl\/kp\/#organization"},"alternateName":"Kamay","potentialAction":[{"@type":"SearchAction","target":{"@type":"EntryPoint","urlTemplate":"https:\/\/kamaypet.cl\/kp\/?s={search_term_string}"},"query-input":{"@type":"PropertyValueSpecification","valueRequired":true,"valueName":"search_term_string"}}],"inLanguage":"es"},{"@type":"Organization","@id":"https:\/\/kamaypet.cl\/kp\/#organization","name":"Kamay Pet","url":"https:\/\/kamaypet.cl\/kp\/","logo":{"@type":"ImageObject","inLanguage":"es","@id":"https:\/\/kamaypet.cl\/kp\/#\/schema\/logo\/image\/","url":"https:\/\/kamaypet.cl\/kp\/wp-content\/uploads\/2021\/10\/Logo-Kamay-2-1.png","contentUrl":"https:\/\/kamaypet.cl\/kp\/wp-content\/uploads\/2021\/10\/Logo-Kamay-2-1.png","width":1964,"height":2452,"caption":"Kamay Pet"},"image":{"@id":"https:\/\/kamaypet.cl\/kp\/#\/schema\/logo\/image\/"},"sameAs":["https:\/\/web.facebook.com\/profile.php?id=61579391820374&locale=es_LA","https:\/\/www.instagram.com\/kamaypet"]}]}},"_links":{"self":[{"href":"https:\/\/kamaypet.cl\/kp\/wp-json\/wp\/v2\/product\/6308","targetHints":{"allow":["GET"]}}],"collection":[{"href":"https:\/\/kamaypet.cl\/kp\/wp-json\/wp\/v2\/product"}],"about":[{"href":"https:\/\/kamaypet.cl\/kp\/wp-json\/wp\/v2\/types\/product"}],"replies":[{"embeddable":true,"href":"https:\/\/kamaypet.cl\/kp\/wp-json\/wp\/v2\/comments?post=6308"}],"version-history":[{"count":1,"href":"https:\/\/kamaypet.cl\/kp\/wp-json\/wp\/v2\/product\/6308\/revisions"}],"predecessor-version":[{"id":6313,"href":"https:\/\/kamaypet.cl\/kp\/wp-json\/wp\/v2\/product\/6308\/revisions\/6313"}],"wp:featuredmedia":[{"embeddable":true,"href":"https:\/\/kamaypet.cl\/kp\/wp-json\/wp\/v2\/media\/6310"}],"wp:attachment":[{"href":"https:\/\/kamaypet.cl\/kp\/wp-json\/wp\/v2\/media?parent=6308"}],"wp:term":[{"taxonomy":"product_brand","embeddable":true,"href":"https:\/\/kamaypet.cl\/kp\/wp-json\/wp\/v2\/product_brand?post=6308"},{"taxonomy":"product_cat","embeddable":true,"href":"https:\/\/kamaypet.cl\/kp\/wp-json\/wp\/v2\/product_cat?post=6308"},{"taxonomy":"product_tag","embeddable":true,"href":"https:\/\/kamaypet.cl\/kp\/wp-json\/wp\/v2\/product_tag?post=6308"}],"curies":[{"name":"wp","href":"https:\/\/api.w.org\/{rel}","templated":true}]}}