{"id":6314,"date":"2025-06-12T22:59:36","date_gmt":"2025-06-12T22:59:36","guid":{"rendered":"https:\/\/kamaypet.cl\/kp\/?post_type=product&#038;p=6314"},"modified":"2025-10-16T12:47:04","modified_gmt":"2025-10-16T12:47:04","slug":"biofresh-adulto-senior-raza-mediana","status":"publish","type":"product","link":"https:\/\/kamaypet.cl\/kp\/tienda\/producto\/biofresh-adulto-senior-raza-mediana\/","title":{"rendered":"Biofresh Adulto Senior Raza Mediana"},"content":{"rendered":"<p>Las cantidades presentadas son orientativas y pueden variar seg\u00fan la raza, sexo y estilo de vida, entre otros factores. Ofrezca el alimento seco, en contenedor limpio, mantener siempre agua limpia y fresca cerca de su perro. En caso que su perro a\u00fan no est\u00e9 comiendo Biofresh Super Premium recomendamos que el cambio sea gradual, durante 4 hasta 5 d\u00edas. Consulte regularmente al m\u00e9dico veterinario.<\/p>\n<p>Una taza de t\u00e9 (200ml) es equivalente a 90g de Biofresh.<\/p>\n<table class=\"sizes-table\">\n<thead>\n<tr>\n<th>Peso del perro (kg)<\/th>\n<th>Actividad Baja (g\/d\u00eda)<\/th>\n<th>Actividad Media (g\/d\u00eda)<\/th>\n<th>Actividad Alta (g\/d\u00eda)<\/th>\n<\/tr>\n<\/thead>\n<tbody>\n<tr>\n<th>11-13<\/th>\n<td>155-175<\/td>\n<td>170-195<\/td>\n<td>200-225<\/td>\n<\/tr>\n<tr>\n<th>14-16<\/th>\n<td>180-200<\/td>\n<td>200 -225<\/td>\n<td>240-260<\/td>\n<\/tr>\n<tr>\n<th>17-18<\/th>\n<td>215-220<\/td>\n<td>235-245<\/td>\n<td>275-285<\/td>\n<\/tr>\n<tr>\n<th>19-22<\/th>\n<td>230-255<\/td>\n<td>260-290<\/td>\n<td>300-330<\/td>\n<\/tr>\n<tr>\n<th>23-25<\/th>\n<td>270-280<\/td>\n<td>295 -315<\/td>\n<td>350-370<\/td>\n<\/tr>\n<\/tbody>\n<\/table>\n","protected":false},"excerpt":{"rendered":"<p>Biofresh S\u00faper Premium est\u00e1 formulado para satisfacer las necesidades nutricionales de perros de edad avanzada. La inclusi\u00f3n de ingredientes altamente digestibles, el cuidado del peso ideal, la gran concentraci\u00f3n de antioxidantes para evitar el envejecimiento celular y la preservaci\u00f3n de caracter\u00edsticas propias de la juventud tales como m\u00fasculos fuertes, pelaje sano, agilidad mental y salud digestiva, renal y card\u00edaca, hace a Biofresh S\u00faper Premium la dieta ideal para esta etapa. Adem\u00e1s, como todas nuestras presentaciones contiene un factor antisarro para mantener una \u00f3ptima salud dental, protectores articulares fundamentales en esta etapa y prebi\u00f3ticos para fortalecer el sistema inmune. Croquetas de f\u00e1cil ruptura y de tama\u00f1o dise\u00f1ado especialmente para razas medianas.<\/p>\n","protected":false},"featured_media":6316,"comment_status":"open","ping_status":"closed","template":"","meta":[],"product_brand":[69],"product_cat":[80,124],"product_tag":[],"class_list":{"0":"post-6314","1":"product","2":"type-product","3":"status-publish","4":"has-post-thumbnail","6":"product_brand-biofresh","7":"product_cat-alimento-para-perros","8":"product_cat-perro","10":"first","11":"instock","12":"taxable","13":"shipping-taxable","14":"purchasable","15":"product-type-variable"},"yoast_head":"<!-- This site is optimized with the Yoast SEO plugin v27.3 - https:\/\/yoast.com\/product\/yoast-seo-wordpress\/ -->\n<title>Biofresh Adulto Senior Raza Mediana - Kamay Pet<\/title>\n<meta name=\"robots\" content=\"index, follow, max-snippet:-1, max-image-preview:large, max-video-preview:-1\" \/>\n<link rel=\"canonical\" href=\"https:\/\/kamaypet.cl\/kp\/tienda\/producto\/biofresh-adulto-senior-raza-mediana\/\" \/>\n<meta property=\"og:locale\" content=\"es_ES\" \/>\n<meta property=\"og:type\" content=\"article\" \/>\n<meta property=\"og:title\" content=\"Biofresh Adulto Senior Raza Mediana - Kamay Pet\" \/>\n<meta property=\"og:description\" content=\"Biofresh S\u00faper Premium est\u00e1 formulado para satisfacer las necesidades nutricionales de perros de edad avanzada. La inclusi\u00f3n de ingredientes altamente digestibles, el cuidado del peso ideal, la gran concentraci\u00f3n de antioxidantes para evitar el envejecimiento celular y la preservaci\u00f3n de caracter\u00edsticas propias de la juventud tales como m\u00fasculos fuertes, pelaje sano, agilidad mental y salud digestiva, renal y card\u00edaca, hace a Biofresh S\u00faper Premium la dieta ideal para esta etapa. Adem\u00e1s, como todas nuestras presentaciones contiene un factor antisarro para mantener una \u00f3ptima salud dental, protectores articulares fundamentales en esta etapa y prebi\u00f3ticos para fortalecer el sistema inmune. Croquetas de f\u00e1cil ruptura y de tama\u00f1o dise\u00f1ado especialmente para razas medianas.\" \/>\n<meta property=\"og:url\" content=\"https:\/\/kamaypet.cl\/kp\/tienda\/producto\/biofresh-adulto-senior-raza-mediana\/\" \/>\n<meta property=\"og:site_name\" content=\"Kamay Pet\" \/>\n<meta property=\"article:publisher\" content=\"https:\/\/web.facebook.com\/profile.php?id=61579391820374&amp;locale=es_LA\" \/>\n<meta property=\"article:modified_time\" content=\"2025-10-16T12:47:04+00:00\" \/>\n<meta property=\"og:image\" content=\"https:\/\/kamaypet.cl\/kp\/wp-content\/uploads\/2025\/06\/Biofresh-Adulto-Senior-Raza-Mediana.png\" \/>\n\t<meta property=\"og:image:width\" content=\"279\" \/>\n\t<meta property=\"og:image:height\" content=\"451\" \/>\n\t<meta property=\"og:image:type\" content=\"image\/png\" \/>\n<meta name=\"twitter:card\" content=\"summary_large_image\" \/>\n<meta name=\"twitter:label1\" content=\"Tiempo de lectura\" \/>\n\t<meta name=\"twitter:data1\" content=\"1 minuto\" \/>\n<script type=\"application\/ld+json\" class=\"yoast-schema-graph\">{\"@context\":\"https:\\\/\\\/schema.org\",\"@graph\":[{\"@type\":\"WebPage\",\"@id\":\"https:\\\/\\\/kamaypet.cl\\\/kp\\\/tienda\\\/producto\\\/biofresh-adulto-senior-raza-mediana\\\/\",\"url\":\"https:\\\/\\\/kamaypet.cl\\\/kp\\\/tienda\\\/producto\\\/biofresh-adulto-senior-raza-mediana\\\/\",\"name\":\"Biofresh Adulto Senior Raza Mediana - Kamay Pet\",\"isPartOf\":{\"@id\":\"https:\\\/\\\/kamaypet.cl\\\/kp\\\/#website\"},\"primaryImageOfPage\":{\"@id\":\"https:\\\/\\\/kamaypet.cl\\\/kp\\\/tienda\\\/producto\\\/biofresh-adulto-senior-raza-mediana\\\/#primaryimage\"},\"image\":{\"@id\":\"https:\\\/\\\/kamaypet.cl\\\/kp\\\/tienda\\\/producto\\\/biofresh-adulto-senior-raza-mediana\\\/#primaryimage\"},\"thumbnailUrl\":\"https:\\\/\\\/kamaypet.cl\\\/kp\\\/wp-content\\\/uploads\\\/2025\\\/06\\\/Biofresh-Adulto-Senior-Raza-Mediana.png\",\"datePublished\":\"2025-06-12T22:59:36+00:00\",\"dateModified\":\"2025-10-16T12:47:04+00:00\",\"breadcrumb\":{\"@id\":\"https:\\\/\\\/kamaypet.cl\\\/kp\\\/tienda\\\/producto\\\/biofresh-adulto-senior-raza-mediana\\\/#breadcrumb\"},\"inLanguage\":\"es\",\"potentialAction\":[{\"@type\":\"ReadAction\",\"target\":[\"https:\\\/\\\/kamaypet.cl\\\/kp\\\/tienda\\\/producto\\\/biofresh-adulto-senior-raza-mediana\\\/\"]}]},{\"@type\":\"ImageObject\",\"inLanguage\":\"es\",\"@id\":\"https:\\\/\\\/kamaypet.cl\\\/kp\\\/tienda\\\/producto\\\/biofresh-adulto-senior-raza-mediana\\\/#primaryimage\",\"url\":\"https:\\\/\\\/kamaypet.cl\\\/kp\\\/wp-content\\\/uploads\\\/2025\\\/06\\\/Biofresh-Adulto-Senior-Raza-Mediana.png\",\"contentUrl\":\"https:\\\/\\\/kamaypet.cl\\\/kp\\\/wp-content\\\/uploads\\\/2025\\\/06\\\/Biofresh-Adulto-Senior-Raza-Mediana.png\",\"width\":279,\"height\":451},{\"@type\":\"BreadcrumbList\",\"@id\":\"https:\\\/\\\/kamaypet.cl\\\/kp\\\/tienda\\\/producto\\\/biofresh-adulto-senior-raza-mediana\\\/#breadcrumb\",\"itemListElement\":[{\"@type\":\"ListItem\",\"position\":1,\"name\":\"Inicio\",\"item\":\"https:\\\/\\\/kamaypet.cl\\\/kp\\\/\"},{\"@type\":\"ListItem\",\"position\":2,\"name\":\"Tienda\",\"item\":\"https:\\\/\\\/kamaypet.cl\\\/kp\\\/tienda\\\/\"},{\"@type\":\"ListItem\",\"position\":3,\"name\":\"Biofresh Adulto Senior Raza Mediana\"}]},{\"@type\":\"WebSite\",\"@id\":\"https:\\\/\\\/kamaypet.cl\\\/kp\\\/#website\",\"url\":\"https:\\\/\\\/kamaypet.cl\\\/kp\\\/\",\"name\":\"Kamay Pet\",\"description\":\"Venta al por menor de alimentos e insumos para mascotas\",\"publisher\":{\"@id\":\"https:\\\/\\\/kamaypet.cl\\\/kp\\\/#organization\"},\"alternateName\":\"Kamay\",\"potentialAction\":[{\"@type\":\"SearchAction\",\"target\":{\"@type\":\"EntryPoint\",\"urlTemplate\":\"https:\\\/\\\/kamaypet.cl\\\/kp\\\/?s={search_term_string}\"},\"query-input\":{\"@type\":\"PropertyValueSpecification\",\"valueRequired\":true,\"valueName\":\"search_term_string\"}}],\"inLanguage\":\"es\"},{\"@type\":\"Organization\",\"@id\":\"https:\\\/\\\/kamaypet.cl\\\/kp\\\/#organization\",\"name\":\"Kamay Pet\",\"url\":\"https:\\\/\\\/kamaypet.cl\\\/kp\\\/\",\"logo\":{\"@type\":\"ImageObject\",\"inLanguage\":\"es\",\"@id\":\"https:\\\/\\\/kamaypet.cl\\\/kp\\\/#\\\/schema\\\/logo\\\/image\\\/\",\"url\":\"https:\\\/\\\/kamaypet.cl\\\/kp\\\/wp-content\\\/uploads\\\/2021\\\/10\\\/Logo-Kamay-2-1.png\",\"contentUrl\":\"https:\\\/\\\/kamaypet.cl\\\/kp\\\/wp-content\\\/uploads\\\/2021\\\/10\\\/Logo-Kamay-2-1.png\",\"width\":1964,\"height\":2452,\"caption\":\"Kamay Pet\"},\"image\":{\"@id\":\"https:\\\/\\\/kamaypet.cl\\\/kp\\\/#\\\/schema\\\/logo\\\/image\\\/\"},\"sameAs\":[\"https:\\\/\\\/web.facebook.com\\\/profile.php?id=61579391820374&locale=es_LA\",\"https:\\\/\\\/www.instagram.com\\\/kamaypet\"]}]}<\/script>\n<!-- \/ Yoast SEO plugin. -->","yoast_head_json":{"title":"Biofresh Adulto Senior Raza Mediana - Kamay Pet","robots":{"index":"index","follow":"follow","max-snippet":"max-snippet:-1","max-image-preview":"max-image-preview:large","max-video-preview":"max-video-preview:-1"},"canonical":"https:\/\/kamaypet.cl\/kp\/tienda\/producto\/biofresh-adulto-senior-raza-mediana\/","og_locale":"es_ES","og_type":"article","og_title":"Biofresh Adulto Senior Raza Mediana - Kamay Pet","og_description":"Biofresh S\u00faper Premium est\u00e1 formulado para satisfacer las necesidades nutricionales de perros de edad avanzada. La inclusi\u00f3n de ingredientes altamente digestibles, el cuidado del peso ideal, la gran concentraci\u00f3n de antioxidantes para evitar el envejecimiento celular y la preservaci\u00f3n de caracter\u00edsticas propias de la juventud tales como m\u00fasculos fuertes, pelaje sano, agilidad mental y salud digestiva, renal y card\u00edaca, hace a Biofresh S\u00faper Premium la dieta ideal para esta etapa. Adem\u00e1s, como todas nuestras presentaciones contiene un factor antisarro para mantener una \u00f3ptima salud dental, protectores articulares fundamentales en esta etapa y prebi\u00f3ticos para fortalecer el sistema inmune. Croquetas de f\u00e1cil ruptura y de tama\u00f1o dise\u00f1ado especialmente para razas medianas.","og_url":"https:\/\/kamaypet.cl\/kp\/tienda\/producto\/biofresh-adulto-senior-raza-mediana\/","og_site_name":"Kamay Pet","article_publisher":"https:\/\/web.facebook.com\/profile.php?id=61579391820374&locale=es_LA","article_modified_time":"2025-10-16T12:47:04+00:00","og_image":[{"width":279,"height":451,"url":"https:\/\/kamaypet.cl\/kp\/wp-content\/uploads\/2025\/06\/Biofresh-Adulto-Senior-Raza-Mediana.png","type":"image\/png"}],"twitter_card":"summary_large_image","twitter_misc":{"Tiempo de lectura":"1 minuto"},"schema":{"@context":"https:\/\/schema.org","@graph":[{"@type":"WebPage","@id":"https:\/\/kamaypet.cl\/kp\/tienda\/producto\/biofresh-adulto-senior-raza-mediana\/","url":"https:\/\/kamaypet.cl\/kp\/tienda\/producto\/biofresh-adulto-senior-raza-mediana\/","name":"Biofresh Adulto Senior Raza Mediana - Kamay Pet","isPartOf":{"@id":"https:\/\/kamaypet.cl\/kp\/#website"},"primaryImageOfPage":{"@id":"https:\/\/kamaypet.cl\/kp\/tienda\/producto\/biofresh-adulto-senior-raza-mediana\/#primaryimage"},"image":{"@id":"https:\/\/kamaypet.cl\/kp\/tienda\/producto\/biofresh-adulto-senior-raza-mediana\/#primaryimage"},"thumbnailUrl":"https:\/\/kamaypet.cl\/kp\/wp-content\/uploads\/2025\/06\/Biofresh-Adulto-Senior-Raza-Mediana.png","datePublished":"2025-06-12T22:59:36+00:00","dateModified":"2025-10-16T12:47:04+00:00","breadcrumb":{"@id":"https:\/\/kamaypet.cl\/kp\/tienda\/producto\/biofresh-adulto-senior-raza-mediana\/#breadcrumb"},"inLanguage":"es","potentialAction":[{"@type":"ReadAction","target":["https:\/\/kamaypet.cl\/kp\/tienda\/producto\/biofresh-adulto-senior-raza-mediana\/"]}]},{"@type":"ImageObject","inLanguage":"es","@id":"https:\/\/kamaypet.cl\/kp\/tienda\/producto\/biofresh-adulto-senior-raza-mediana\/#primaryimage","url":"https:\/\/kamaypet.cl\/kp\/wp-content\/uploads\/2025\/06\/Biofresh-Adulto-Senior-Raza-Mediana.png","contentUrl":"https:\/\/kamaypet.cl\/kp\/wp-content\/uploads\/2025\/06\/Biofresh-Adulto-Senior-Raza-Mediana.png","width":279,"height":451},{"@type":"BreadcrumbList","@id":"https:\/\/kamaypet.cl\/kp\/tienda\/producto\/biofresh-adulto-senior-raza-mediana\/#breadcrumb","itemListElement":[{"@type":"ListItem","position":1,"name":"Inicio","item":"https:\/\/kamaypet.cl\/kp\/"},{"@type":"ListItem","position":2,"name":"Tienda","item":"https:\/\/kamaypet.cl\/kp\/tienda\/"},{"@type":"ListItem","position":3,"name":"Biofresh Adulto Senior Raza Mediana"}]},{"@type":"WebSite","@id":"https:\/\/kamaypet.cl\/kp\/#website","url":"https:\/\/kamaypet.cl\/kp\/","name":"Kamay Pet","description":"Venta al por menor de alimentos e insumos para mascotas","publisher":{"@id":"https:\/\/kamaypet.cl\/kp\/#organization"},"alternateName":"Kamay","potentialAction":[{"@type":"SearchAction","target":{"@type":"EntryPoint","urlTemplate":"https:\/\/kamaypet.cl\/kp\/?s={search_term_string}"},"query-input":{"@type":"PropertyValueSpecification","valueRequired":true,"valueName":"search_term_string"}}],"inLanguage":"es"},{"@type":"Organization","@id":"https:\/\/kamaypet.cl\/kp\/#organization","name":"Kamay Pet","url":"https:\/\/kamaypet.cl\/kp\/","logo":{"@type":"ImageObject","inLanguage":"es","@id":"https:\/\/kamaypet.cl\/kp\/#\/schema\/logo\/image\/","url":"https:\/\/kamaypet.cl\/kp\/wp-content\/uploads\/2021\/10\/Logo-Kamay-2-1.png","contentUrl":"https:\/\/kamaypet.cl\/kp\/wp-content\/uploads\/2021\/10\/Logo-Kamay-2-1.png","width":1964,"height":2452,"caption":"Kamay Pet"},"image":{"@id":"https:\/\/kamaypet.cl\/kp\/#\/schema\/logo\/image\/"},"sameAs":["https:\/\/web.facebook.com\/profile.php?id=61579391820374&locale=es_LA","https:\/\/www.instagram.com\/kamaypet"]}]}},"_links":{"self":[{"href":"https:\/\/kamaypet.cl\/kp\/wp-json\/wp\/v2\/product\/6314","targetHints":{"allow":["GET"]}}],"collection":[{"href":"https:\/\/kamaypet.cl\/kp\/wp-json\/wp\/v2\/product"}],"about":[{"href":"https:\/\/kamaypet.cl\/kp\/wp-json\/wp\/v2\/types\/product"}],"replies":[{"embeddable":true,"href":"https:\/\/kamaypet.cl\/kp\/wp-json\/wp\/v2\/comments?post=6314"}],"version-history":[{"count":1,"href":"https:\/\/kamaypet.cl\/kp\/wp-json\/wp\/v2\/product\/6314\/revisions"}],"predecessor-version":[{"id":6317,"href":"https:\/\/kamaypet.cl\/kp\/wp-json\/wp\/v2\/product\/6314\/revisions\/6317"}],"wp:featuredmedia":[{"embeddable":true,"href":"https:\/\/kamaypet.cl\/kp\/wp-json\/wp\/v2\/media\/6316"}],"wp:attachment":[{"href":"https:\/\/kamaypet.cl\/kp\/wp-json\/wp\/v2\/media?parent=6314"}],"wp:term":[{"taxonomy":"product_brand","embeddable":true,"href":"https:\/\/kamaypet.cl\/kp\/wp-json\/wp\/v2\/product_brand?post=6314"},{"taxonomy":"product_cat","embeddable":true,"href":"https:\/\/kamaypet.cl\/kp\/wp-json\/wp\/v2\/product_cat?post=6314"},{"taxonomy":"product_tag","embeddable":true,"href":"https:\/\/kamaypet.cl\/kp\/wp-json\/wp\/v2\/product_tag?post=6314"}],"curies":[{"name":"wp","href":"https:\/\/api.w.org\/{rel}","templated":true}]}}