{"id":6318,"date":"2025-06-12T23:06:28","date_gmt":"2025-06-12T23:06:28","guid":{"rendered":"https:\/\/kamaypet.cl\/kp\/?post_type=product&#038;p=6318"},"modified":"2025-10-16T12:46:57","modified_gmt":"2025-10-16T12:46:57","slug":"biofresh-gatito","status":"publish","type":"product","link":"https:\/\/kamaypet.cl\/kp\/tienda\/producto\/biofresh-gatito\/","title":{"rendered":"Biofresh Gatito"},"content":{"rendered":"<p>Las cantidades presentadas son orientativas y pueden variar seg\u00fan muchos factores. Ofrezca el alimento seco, en pote limpio, varias veces al d\u00eda y mantenga siempre agua limpia y fresca cerca de su gato. En caso que su gato a\u00fan no est\u00e9 comiendo Biofresh Super Premium recomendamos que el cambio sea gradual durante 7 d\u00edas. En caso de duda, consulte a un veterinario. Este producto tambi\u00e9n es indicado para hembras a partir de la 3\u00aa semana de gestaci\u00f3n hasta el total destete de los gatitos.<\/p>\n<table class=\"sizes-table\">\n<thead>\n<tr>\n<th colspan=\"2\">Para gatitos<\/th>\n<th colspan=\"2\">Recomendaci\u00f3n en gestaci\u00f3n<\/th>\n<\/tr>\n<tr>\n<th>Peso actual del gatito (kg)<\/th>\n<th>Recomendaci\u00f3n (g\/d\u00eda)<\/th>\n<th>Peso de la gata (kg)<\/th>\n<th>Recomendaci\u00f3n (g\/d\u00eda)<\/th>\n<\/tr>\n<\/thead>\n<tbody>\n<tr>\n<th>0,5 \u2013 1<\/th>\n<td>31 \u2013 47<\/td>\n<td>2 \u2013 2,5<\/td>\n<td>50 \u2013 60<\/td>\n<\/tr>\n<tr>\n<th>1 \u2013 1,5<\/th>\n<td>47 \u2013 58<\/td>\n<td>3 \u2013 3,5<\/td>\n<td>70 \u2013 75<\/td>\n<\/tr>\n<tr>\n<th>1,5 \u2013 2<\/th>\n<td>58 \u2013 66<\/td>\n<td>4 \u2013 4,5<\/td>\n<td>80 \u2013 90<\/td>\n<\/tr>\n<tr>\n<th>2 \u2013 4<\/th>\n<td>66 \u2013 79<\/td>\n<td>5 \u2013 5,5<\/td>\n<td>95 \u2013 100<\/td>\n<\/tr>\n<tr>\n<th><\/th>\n<td><\/td>\n<td>6 +<\/td>\n<td>100 (+ 10G \/KG de peso)<\/td>\n<\/tr>\n<tr>\n<th><\/th>\n<td><\/td>\n<td>Lactancia<\/td>\n<td><\/td>\n<\/tr>\n<\/tbody>\n<\/table>\n","protected":false},"excerpt":{"rendered":"<p>Biofresh Super Premium para Gatitos es un alimento con alta inclusi\u00f3n de carnes frescas y un toque de verduras y frutas, con un 75% de ingredientes de origen animal, totalmente libre de granos, e ideal para felinos. Completo y equilibrado para un correcto desarrollo de gatitos, favoreciendo una musculatura fuerte y magra, \u00f3ptima formaci\u00f3n del sistema nervioso y estimulaci\u00f3n de las defensas naturales. Protecci\u00f3n temprana de la salud oral e incorporaci\u00f3n de moduladores fecales para una formaci\u00f3n de heces de olor y volumen reducido. Altamente palatable con croquetas de f\u00e1cil masticaci\u00f3n, ideal para despu\u00e9s del destete y para toda su etapa de crecimiento.<\/p>\n","protected":false},"featured_media":6320,"comment_status":"open","ping_status":"closed","template":"","meta":[],"product_brand":[69],"product_cat":[81,125],"product_tag":[],"class_list":{"0":"post-6318","1":"product","2":"type-product","3":"status-publish","4":"has-post-thumbnail","6":"product_brand-biofresh","7":"product_cat-alimentos-para-gatos","8":"product_cat-gato","10":"first","11":"instock","12":"taxable","13":"shipping-taxable","14":"purchasable","15":"product-type-variable"},"yoast_head":"<!-- This site is optimized with the Yoast SEO plugin v27.3 - https:\/\/yoast.com\/product\/yoast-seo-wordpress\/ -->\n<title>Biofresh Gatito - Kamay Pet<\/title>\n<meta name=\"robots\" content=\"index, follow, max-snippet:-1, max-image-preview:large, max-video-preview:-1\" \/>\n<link rel=\"canonical\" href=\"https:\/\/kamaypet.cl\/kp\/tienda\/producto\/biofresh-gatito\/\" \/>\n<meta property=\"og:locale\" content=\"es_ES\" \/>\n<meta property=\"og:type\" content=\"article\" \/>\n<meta property=\"og:title\" content=\"Biofresh Gatito - Kamay Pet\" \/>\n<meta property=\"og:description\" content=\"Biofresh Super Premium para Gatitos es un alimento con alta inclusi\u00f3n de carnes frescas y un toque de verduras y frutas, con un 75% de ingredientes de origen animal, totalmente libre de granos, e ideal para felinos. Completo y equilibrado para un correcto desarrollo de gatitos, favoreciendo una musculatura fuerte y magra, \u00f3ptima formaci\u00f3n del sistema nervioso y estimulaci\u00f3n de las defensas naturales. Protecci\u00f3n temprana de la salud oral e incorporaci\u00f3n de moduladores fecales para una formaci\u00f3n de heces de olor y volumen reducido. Altamente palatable con croquetas de f\u00e1cil masticaci\u00f3n, ideal para despu\u00e9s del destete y para toda su etapa de crecimiento.\" \/>\n<meta property=\"og:url\" content=\"https:\/\/kamaypet.cl\/kp\/tienda\/producto\/biofresh-gatito\/\" \/>\n<meta property=\"og:site_name\" content=\"Kamay Pet\" \/>\n<meta property=\"article:publisher\" content=\"https:\/\/web.facebook.com\/profile.php?id=61579391820374&amp;locale=es_LA\" \/>\n<meta property=\"article:modified_time\" content=\"2025-10-16T12:46:57+00:00\" \/>\n<meta property=\"og:image\" content=\"https:\/\/kamaypet.cl\/kp\/wp-content\/uploads\/2025\/06\/Biofresh-Gatito.png\" \/>\n\t<meta property=\"og:image:width\" content=\"304\" \/>\n\t<meta property=\"og:image:height\" content=\"445\" \/>\n\t<meta property=\"og:image:type\" content=\"image\/png\" \/>\n<meta name=\"twitter:card\" content=\"summary_large_image\" \/>\n<meta name=\"twitter:label1\" content=\"Tiempo de lectura\" \/>\n\t<meta name=\"twitter:data1\" content=\"1 minuto\" \/>\n<script type=\"application\/ld+json\" class=\"yoast-schema-graph\">{\"@context\":\"https:\\\/\\\/schema.org\",\"@graph\":[{\"@type\":\"WebPage\",\"@id\":\"https:\\\/\\\/kamaypet.cl\\\/kp\\\/tienda\\\/producto\\\/biofresh-gatito\\\/\",\"url\":\"https:\\\/\\\/kamaypet.cl\\\/kp\\\/tienda\\\/producto\\\/biofresh-gatito\\\/\",\"name\":\"Biofresh Gatito - Kamay Pet\",\"isPartOf\":{\"@id\":\"https:\\\/\\\/kamaypet.cl\\\/kp\\\/#website\"},\"primaryImageOfPage\":{\"@id\":\"https:\\\/\\\/kamaypet.cl\\\/kp\\\/tienda\\\/producto\\\/biofresh-gatito\\\/#primaryimage\"},\"image\":{\"@id\":\"https:\\\/\\\/kamaypet.cl\\\/kp\\\/tienda\\\/producto\\\/biofresh-gatito\\\/#primaryimage\"},\"thumbnailUrl\":\"https:\\\/\\\/kamaypet.cl\\\/kp\\\/wp-content\\\/uploads\\\/2025\\\/06\\\/Biofresh-Gatito.png\",\"datePublished\":\"2025-06-12T23:06:28+00:00\",\"dateModified\":\"2025-10-16T12:46:57+00:00\",\"breadcrumb\":{\"@id\":\"https:\\\/\\\/kamaypet.cl\\\/kp\\\/tienda\\\/producto\\\/biofresh-gatito\\\/#breadcrumb\"},\"inLanguage\":\"es\",\"potentialAction\":[{\"@type\":\"ReadAction\",\"target\":[\"https:\\\/\\\/kamaypet.cl\\\/kp\\\/tienda\\\/producto\\\/biofresh-gatito\\\/\"]}]},{\"@type\":\"ImageObject\",\"inLanguage\":\"es\",\"@id\":\"https:\\\/\\\/kamaypet.cl\\\/kp\\\/tienda\\\/producto\\\/biofresh-gatito\\\/#primaryimage\",\"url\":\"https:\\\/\\\/kamaypet.cl\\\/kp\\\/wp-content\\\/uploads\\\/2025\\\/06\\\/Biofresh-Gatito.png\",\"contentUrl\":\"https:\\\/\\\/kamaypet.cl\\\/kp\\\/wp-content\\\/uploads\\\/2025\\\/06\\\/Biofresh-Gatito.png\",\"width\":304,\"height\":445},{\"@type\":\"BreadcrumbList\",\"@id\":\"https:\\\/\\\/kamaypet.cl\\\/kp\\\/tienda\\\/producto\\\/biofresh-gatito\\\/#breadcrumb\",\"itemListElement\":[{\"@type\":\"ListItem\",\"position\":1,\"name\":\"Inicio\",\"item\":\"https:\\\/\\\/kamaypet.cl\\\/kp\\\/\"},{\"@type\":\"ListItem\",\"position\":2,\"name\":\"Tienda\",\"item\":\"https:\\\/\\\/kamaypet.cl\\\/kp\\\/tienda\\\/\"},{\"@type\":\"ListItem\",\"position\":3,\"name\":\"Biofresh Gatito\"}]},{\"@type\":\"WebSite\",\"@id\":\"https:\\\/\\\/kamaypet.cl\\\/kp\\\/#website\",\"url\":\"https:\\\/\\\/kamaypet.cl\\\/kp\\\/\",\"name\":\"Kamay Pet\",\"description\":\"Venta al por menor de alimentos e insumos para mascotas\",\"publisher\":{\"@id\":\"https:\\\/\\\/kamaypet.cl\\\/kp\\\/#organization\"},\"alternateName\":\"Kamay\",\"potentialAction\":[{\"@type\":\"SearchAction\",\"target\":{\"@type\":\"EntryPoint\",\"urlTemplate\":\"https:\\\/\\\/kamaypet.cl\\\/kp\\\/?s={search_term_string}\"},\"query-input\":{\"@type\":\"PropertyValueSpecification\",\"valueRequired\":true,\"valueName\":\"search_term_string\"}}],\"inLanguage\":\"es\"},{\"@type\":\"Organization\",\"@id\":\"https:\\\/\\\/kamaypet.cl\\\/kp\\\/#organization\",\"name\":\"Kamay Pet\",\"url\":\"https:\\\/\\\/kamaypet.cl\\\/kp\\\/\",\"logo\":{\"@type\":\"ImageObject\",\"inLanguage\":\"es\",\"@id\":\"https:\\\/\\\/kamaypet.cl\\\/kp\\\/#\\\/schema\\\/logo\\\/image\\\/\",\"url\":\"https:\\\/\\\/kamaypet.cl\\\/kp\\\/wp-content\\\/uploads\\\/2021\\\/10\\\/Logo-Kamay-2-1.png\",\"contentUrl\":\"https:\\\/\\\/kamaypet.cl\\\/kp\\\/wp-content\\\/uploads\\\/2021\\\/10\\\/Logo-Kamay-2-1.png\",\"width\":1964,\"height\":2452,\"caption\":\"Kamay Pet\"},\"image\":{\"@id\":\"https:\\\/\\\/kamaypet.cl\\\/kp\\\/#\\\/schema\\\/logo\\\/image\\\/\"},\"sameAs\":[\"https:\\\/\\\/web.facebook.com\\\/profile.php?id=61579391820374&locale=es_LA\",\"https:\\\/\\\/www.instagram.com\\\/kamaypet\"]}]}<\/script>\n<!-- \/ Yoast SEO plugin. -->","yoast_head_json":{"title":"Biofresh Gatito - Kamay Pet","robots":{"index":"index","follow":"follow","max-snippet":"max-snippet:-1","max-image-preview":"max-image-preview:large","max-video-preview":"max-video-preview:-1"},"canonical":"https:\/\/kamaypet.cl\/kp\/tienda\/producto\/biofresh-gatito\/","og_locale":"es_ES","og_type":"article","og_title":"Biofresh Gatito - Kamay Pet","og_description":"Biofresh Super Premium para Gatitos es un alimento con alta inclusi\u00f3n de carnes frescas y un toque de verduras y frutas, con un 75% de ingredientes de origen animal, totalmente libre de granos, e ideal para felinos. Completo y equilibrado para un correcto desarrollo de gatitos, favoreciendo una musculatura fuerte y magra, \u00f3ptima formaci\u00f3n del sistema nervioso y estimulaci\u00f3n de las defensas naturales. Protecci\u00f3n temprana de la salud oral e incorporaci\u00f3n de moduladores fecales para una formaci\u00f3n de heces de olor y volumen reducido. Altamente palatable con croquetas de f\u00e1cil masticaci\u00f3n, ideal para despu\u00e9s del destete y para toda su etapa de crecimiento.","og_url":"https:\/\/kamaypet.cl\/kp\/tienda\/producto\/biofresh-gatito\/","og_site_name":"Kamay Pet","article_publisher":"https:\/\/web.facebook.com\/profile.php?id=61579391820374&locale=es_LA","article_modified_time":"2025-10-16T12:46:57+00:00","og_image":[{"width":304,"height":445,"url":"https:\/\/kamaypet.cl\/kp\/wp-content\/uploads\/2025\/06\/Biofresh-Gatito.png","type":"image\/png"}],"twitter_card":"summary_large_image","twitter_misc":{"Tiempo de lectura":"1 minuto"},"schema":{"@context":"https:\/\/schema.org","@graph":[{"@type":"WebPage","@id":"https:\/\/kamaypet.cl\/kp\/tienda\/producto\/biofresh-gatito\/","url":"https:\/\/kamaypet.cl\/kp\/tienda\/producto\/biofresh-gatito\/","name":"Biofresh Gatito - Kamay Pet","isPartOf":{"@id":"https:\/\/kamaypet.cl\/kp\/#website"},"primaryImageOfPage":{"@id":"https:\/\/kamaypet.cl\/kp\/tienda\/producto\/biofresh-gatito\/#primaryimage"},"image":{"@id":"https:\/\/kamaypet.cl\/kp\/tienda\/producto\/biofresh-gatito\/#primaryimage"},"thumbnailUrl":"https:\/\/kamaypet.cl\/kp\/wp-content\/uploads\/2025\/06\/Biofresh-Gatito.png","datePublished":"2025-06-12T23:06:28+00:00","dateModified":"2025-10-16T12:46:57+00:00","breadcrumb":{"@id":"https:\/\/kamaypet.cl\/kp\/tienda\/producto\/biofresh-gatito\/#breadcrumb"},"inLanguage":"es","potentialAction":[{"@type":"ReadAction","target":["https:\/\/kamaypet.cl\/kp\/tienda\/producto\/biofresh-gatito\/"]}]},{"@type":"ImageObject","inLanguage":"es","@id":"https:\/\/kamaypet.cl\/kp\/tienda\/producto\/biofresh-gatito\/#primaryimage","url":"https:\/\/kamaypet.cl\/kp\/wp-content\/uploads\/2025\/06\/Biofresh-Gatito.png","contentUrl":"https:\/\/kamaypet.cl\/kp\/wp-content\/uploads\/2025\/06\/Biofresh-Gatito.png","width":304,"height":445},{"@type":"BreadcrumbList","@id":"https:\/\/kamaypet.cl\/kp\/tienda\/producto\/biofresh-gatito\/#breadcrumb","itemListElement":[{"@type":"ListItem","position":1,"name":"Inicio","item":"https:\/\/kamaypet.cl\/kp\/"},{"@type":"ListItem","position":2,"name":"Tienda","item":"https:\/\/kamaypet.cl\/kp\/tienda\/"},{"@type":"ListItem","position":3,"name":"Biofresh Gatito"}]},{"@type":"WebSite","@id":"https:\/\/kamaypet.cl\/kp\/#website","url":"https:\/\/kamaypet.cl\/kp\/","name":"Kamay Pet","description":"Venta al por menor de alimentos e insumos para mascotas","publisher":{"@id":"https:\/\/kamaypet.cl\/kp\/#organization"},"alternateName":"Kamay","potentialAction":[{"@type":"SearchAction","target":{"@type":"EntryPoint","urlTemplate":"https:\/\/kamaypet.cl\/kp\/?s={search_term_string}"},"query-input":{"@type":"PropertyValueSpecification","valueRequired":true,"valueName":"search_term_string"}}],"inLanguage":"es"},{"@type":"Organization","@id":"https:\/\/kamaypet.cl\/kp\/#organization","name":"Kamay Pet","url":"https:\/\/kamaypet.cl\/kp\/","logo":{"@type":"ImageObject","inLanguage":"es","@id":"https:\/\/kamaypet.cl\/kp\/#\/schema\/logo\/image\/","url":"https:\/\/kamaypet.cl\/kp\/wp-content\/uploads\/2021\/10\/Logo-Kamay-2-1.png","contentUrl":"https:\/\/kamaypet.cl\/kp\/wp-content\/uploads\/2021\/10\/Logo-Kamay-2-1.png","width":1964,"height":2452,"caption":"Kamay Pet"},"image":{"@id":"https:\/\/kamaypet.cl\/kp\/#\/schema\/logo\/image\/"},"sameAs":["https:\/\/web.facebook.com\/profile.php?id=61579391820374&locale=es_LA","https:\/\/www.instagram.com\/kamaypet"]}]}},"_links":{"self":[{"href":"https:\/\/kamaypet.cl\/kp\/wp-json\/wp\/v2\/product\/6318","targetHints":{"allow":["GET"]}}],"collection":[{"href":"https:\/\/kamaypet.cl\/kp\/wp-json\/wp\/v2\/product"}],"about":[{"href":"https:\/\/kamaypet.cl\/kp\/wp-json\/wp\/v2\/types\/product"}],"replies":[{"embeddable":true,"href":"https:\/\/kamaypet.cl\/kp\/wp-json\/wp\/v2\/comments?post=6318"}],"version-history":[{"count":1,"href":"https:\/\/kamaypet.cl\/kp\/wp-json\/wp\/v2\/product\/6318\/revisions"}],"predecessor-version":[{"id":6321,"href":"https:\/\/kamaypet.cl\/kp\/wp-json\/wp\/v2\/product\/6318\/revisions\/6321"}],"wp:featuredmedia":[{"embeddable":true,"href":"https:\/\/kamaypet.cl\/kp\/wp-json\/wp\/v2\/media\/6320"}],"wp:attachment":[{"href":"https:\/\/kamaypet.cl\/kp\/wp-json\/wp\/v2\/media?parent=6318"}],"wp:term":[{"taxonomy":"product_brand","embeddable":true,"href":"https:\/\/kamaypet.cl\/kp\/wp-json\/wp\/v2\/product_brand?post=6318"},{"taxonomy":"product_cat","embeddable":true,"href":"https:\/\/kamaypet.cl\/kp\/wp-json\/wp\/v2\/product_cat?post=6318"},{"taxonomy":"product_tag","embeddable":true,"href":"https:\/\/kamaypet.cl\/kp\/wp-json\/wp\/v2\/product_tag?post=6318"}],"curies":[{"name":"wp","href":"https:\/\/api.w.org\/{rel}","templated":true}]}}