{"id":6327,"date":"2025-06-12T23:27:46","date_gmt":"2025-06-12T23:27:46","guid":{"rendered":"https:\/\/kamaypet.cl\/kp\/?post_type=product&#038;p=6327"},"modified":"2025-11-04T14:11:01","modified_gmt":"2025-11-04T14:11:01","slug":"biofresh-gato-adulto","status":"publish","type":"product","link":"https:\/\/kamaypet.cl\/kp\/tienda\/producto\/biofresh-gato-adulto\/","title":{"rendered":"Biofresh Gato Adulto"},"content":{"rendered":"<div class=\"vc_row wpb_row row top-row wpb_custom_034b39d9bc6c6b310d69e39f0ccf274f\">\n<div class=\"vc_column_container col-md-12\">\n<div class=\"wpb_wrapper vc_column-inner\">\n<div class=\"wpb_text_column wpb_content_element wpb_custom_7c91d232724f73626cc933bd95b25ff0\">\n<div class=\"wpb_wrapper\">\n<p>Las cantidades presentadas son orientativas y pueden variar seg\u00fan muchos factores. Ofrezca el alimento en pote seco y limpio, varias veces al d\u00eda y mantenga siempre agua limpia y fresca cerca de su gato. En caso que su gato a\u00fan no est\u00e9 comiendo Biofresh Super Premium recomendamos que el cambio sea gradual durante 7 d\u00edas. En caso de duda, consulte a un veterinario.<\/p>\n<\/div>\n<\/div>\n<\/div>\n<\/div>\n<\/div>\n<div class=\"vc_row wpb_row row top-row wpb_custom_034b39d9bc6c6b310d69e39f0ccf274f\">\n<div class=\"vc_column_container col-md-12\">\n<div class=\"wpb_wrapper vc_column-inner\">\n<div class=\"wpb_text_column wpb_content_element wpb_custom_7c91d232724f73626cc933bd95b25ff0\">\n<div class=\"wpb_wrapper\">\n<table class=\"sizes-table\" style=\"height: 447px;\" width=\"686\">\n<thead>\n<tr align=\"center\">\n<th>Peso del gato (kg)<\/th>\n<th colspan=\"2\">Cantidad diaria (g\/d\u00eda)<\/th>\n<\/tr>\n<tr>\n<th><\/th>\n<th>Peso ideal<\/th>\n<th>Sobrepeso<\/th>\n<\/tr>\n<\/thead>\n<tbody>\n<tr>\n<th>2 \u2013 2,5<\/th>\n<td>38 \u2013 44<\/td>\n<td><\/td>\n<\/tr>\n<tr>\n<th>3 \u2013 3,5<\/th>\n<td>50 \u2013 55<\/td>\n<td><\/td>\n<\/tr>\n<tr>\n<th>4 \u2013 4,5<\/th>\n<td>61 \u2013 66<\/td>\n<td>45 \u2013 49<\/td>\n<\/tr>\n<tr>\n<th>5 \u2013 5,5<\/th>\n<td>70 -75<\/td>\n<td>53 -56<\/td>\n<\/tr>\n<tr>\n<th>6 \u2013 6,5<\/th>\n<td>79 \u2013 84<\/td>\n<td>60 \u2013 63<\/td>\n<\/tr>\n<tr>\n<th>7 \u2013 7,5<\/th>\n<td>88 \u2013 92<\/td>\n<td>66 \u2013 69<\/td>\n<\/tr>\n<tr>\n<th>8 +<\/th>\n<td>96<\/td>\n<td>72 (+5g a cada Kg)<\/td>\n<\/tr>\n<\/tbody>\n<\/table>\n<\/div>\n<\/div>\n<\/div>\n<\/div>\n<\/div>\n","protected":false},"excerpt":{"rendered":"<p>Biofresh S\u00faper Premium para gatos Adultos es una dieta elaborada para carn\u00edvoros estrictos, por su alto porcentaje de prote\u00edna y bajos niveles de carbohidratos. Alimento libre de granos, con alta inclusi\u00f3n de ingredientes frescos que preservan el valor nutritivo de cada componente, principalmente de origen animal y solo con un toque de frutas y verduras. Preserva la salud urinaria de gatos adultos, rico en \u00e1cidos grasos para una excelente calidad de piel y pelaje, adem\u00e1s de mantener un correcto funcionamiento intestinal, favoreciendo la formaci\u00f3n de heces firmes y olor reducido. Adicionado con Taurina extra para un buen funcionamiento del m\u00fasculo cardiaco, sistema digestivo y visi\u00f3n. Altamente palatable e irresistible, la alimentaci\u00f3n perfecta para felinos.<\/p>\n","protected":false},"featured_media":6329,"comment_status":"open","ping_status":"closed","template":"","meta":[],"product_brand":[69],"product_cat":[81,125],"product_tag":[],"class_list":{"0":"post-6327","1":"product","2":"type-product","3":"status-publish","4":"has-post-thumbnail","6":"product_brand-biofresh","7":"product_cat-alimentos-para-gatos","8":"product_cat-gato","10":"first","11":"instock","12":"taxable","13":"shipping-taxable","14":"purchasable","15":"product-type-variable"},"yoast_head":"<!-- This site is optimized with the Yoast SEO plugin v27.3 - https:\/\/yoast.com\/product\/yoast-seo-wordpress\/ -->\n<title>Biofresh Gato Adulto - Kamay Pet<\/title>\n<meta name=\"robots\" content=\"index, follow, max-snippet:-1, max-image-preview:large, max-video-preview:-1\" \/>\n<link rel=\"canonical\" href=\"https:\/\/kamaypet.cl\/kp\/tienda\/producto\/biofresh-gato-adulto\/\" \/>\n<meta property=\"og:locale\" content=\"es_ES\" \/>\n<meta property=\"og:type\" content=\"article\" \/>\n<meta property=\"og:title\" content=\"Biofresh Gato Adulto - Kamay Pet\" \/>\n<meta property=\"og:description\" content=\"Biofresh S\u00faper Premium para gatos Adultos es una dieta elaborada para carn\u00edvoros estrictos, por su alto porcentaje de prote\u00edna y bajos niveles de carbohidratos. Alimento libre de granos, con alta inclusi\u00f3n de ingredientes frescos que preservan el valor nutritivo de cada componente, principalmente de origen animal y solo con un toque de frutas y verduras. Preserva la salud urinaria de gatos adultos, rico en \u00e1cidos grasos para una excelente calidad de piel y pelaje, adem\u00e1s de mantener un correcto funcionamiento intestinal, favoreciendo la formaci\u00f3n de heces firmes y olor reducido. Adicionado con Taurina extra para un buen funcionamiento del m\u00fasculo cardiaco, sistema digestivo y visi\u00f3n. Altamente palatable e irresistible, la alimentaci\u00f3n perfecta para felinos.\" \/>\n<meta property=\"og:url\" content=\"https:\/\/kamaypet.cl\/kp\/tienda\/producto\/biofresh-gato-adulto\/\" \/>\n<meta property=\"og:site_name\" content=\"Kamay Pet\" \/>\n<meta property=\"article:publisher\" content=\"https:\/\/web.facebook.com\/profile.php?id=61579391820374&amp;locale=es_LA\" \/>\n<meta property=\"article:modified_time\" content=\"2025-11-04T14:11:01+00:00\" \/>\n<meta property=\"og:image\" content=\"https:\/\/kamaypet.cl\/kp\/wp-content\/uploads\/2025\/06\/Biofresh-Gato-Adulto.png\" \/>\n\t<meta property=\"og:image:width\" content=\"299\" \/>\n\t<meta property=\"og:image:height\" content=\"436\" \/>\n\t<meta property=\"og:image:type\" content=\"image\/png\" \/>\n<meta name=\"twitter:card\" content=\"summary_large_image\" \/>\n<script type=\"application\/ld+json\" class=\"yoast-schema-graph\">{\"@context\":\"https:\\\/\\\/schema.org\",\"@graph\":[{\"@type\":\"WebPage\",\"@id\":\"https:\\\/\\\/kamaypet.cl\\\/kp\\\/tienda\\\/producto\\\/biofresh-gato-adulto\\\/\",\"url\":\"https:\\\/\\\/kamaypet.cl\\\/kp\\\/tienda\\\/producto\\\/biofresh-gato-adulto\\\/\",\"name\":\"Biofresh Gato Adulto - Kamay Pet\",\"isPartOf\":{\"@id\":\"https:\\\/\\\/kamaypet.cl\\\/kp\\\/#website\"},\"primaryImageOfPage\":{\"@id\":\"https:\\\/\\\/kamaypet.cl\\\/kp\\\/tienda\\\/producto\\\/biofresh-gato-adulto\\\/#primaryimage\"},\"image\":{\"@id\":\"https:\\\/\\\/kamaypet.cl\\\/kp\\\/tienda\\\/producto\\\/biofresh-gato-adulto\\\/#primaryimage\"},\"thumbnailUrl\":\"https:\\\/\\\/kamaypet.cl\\\/kp\\\/wp-content\\\/uploads\\\/2025\\\/06\\\/Biofresh-Gato-Adulto.png\",\"datePublished\":\"2025-06-12T23:27:46+00:00\",\"dateModified\":\"2025-11-04T14:11:01+00:00\",\"breadcrumb\":{\"@id\":\"https:\\\/\\\/kamaypet.cl\\\/kp\\\/tienda\\\/producto\\\/biofresh-gato-adulto\\\/#breadcrumb\"},\"inLanguage\":\"es\",\"potentialAction\":[{\"@type\":\"ReadAction\",\"target\":[\"https:\\\/\\\/kamaypet.cl\\\/kp\\\/tienda\\\/producto\\\/biofresh-gato-adulto\\\/\"]}]},{\"@type\":\"ImageObject\",\"inLanguage\":\"es\",\"@id\":\"https:\\\/\\\/kamaypet.cl\\\/kp\\\/tienda\\\/producto\\\/biofresh-gato-adulto\\\/#primaryimage\",\"url\":\"https:\\\/\\\/kamaypet.cl\\\/kp\\\/wp-content\\\/uploads\\\/2025\\\/06\\\/Biofresh-Gato-Adulto.png\",\"contentUrl\":\"https:\\\/\\\/kamaypet.cl\\\/kp\\\/wp-content\\\/uploads\\\/2025\\\/06\\\/Biofresh-Gato-Adulto.png\",\"width\":299,\"height\":436},{\"@type\":\"BreadcrumbList\",\"@id\":\"https:\\\/\\\/kamaypet.cl\\\/kp\\\/tienda\\\/producto\\\/biofresh-gato-adulto\\\/#breadcrumb\",\"itemListElement\":[{\"@type\":\"ListItem\",\"position\":1,\"name\":\"Inicio\",\"item\":\"https:\\\/\\\/kamaypet.cl\\\/kp\\\/\"},{\"@type\":\"ListItem\",\"position\":2,\"name\":\"Tienda\",\"item\":\"https:\\\/\\\/kamaypet.cl\\\/kp\\\/tienda\\\/\"},{\"@type\":\"ListItem\",\"position\":3,\"name\":\"Biofresh Gato Adulto\"}]},{\"@type\":\"WebSite\",\"@id\":\"https:\\\/\\\/kamaypet.cl\\\/kp\\\/#website\",\"url\":\"https:\\\/\\\/kamaypet.cl\\\/kp\\\/\",\"name\":\"Kamay Pet\",\"description\":\"Venta al por menor de alimentos e insumos para mascotas\",\"publisher\":{\"@id\":\"https:\\\/\\\/kamaypet.cl\\\/kp\\\/#organization\"},\"alternateName\":\"Kamay\",\"potentialAction\":[{\"@type\":\"SearchAction\",\"target\":{\"@type\":\"EntryPoint\",\"urlTemplate\":\"https:\\\/\\\/kamaypet.cl\\\/kp\\\/?s={search_term_string}\"},\"query-input\":{\"@type\":\"PropertyValueSpecification\",\"valueRequired\":true,\"valueName\":\"search_term_string\"}}],\"inLanguage\":\"es\"},{\"@type\":\"Organization\",\"@id\":\"https:\\\/\\\/kamaypet.cl\\\/kp\\\/#organization\",\"name\":\"Kamay Pet\",\"url\":\"https:\\\/\\\/kamaypet.cl\\\/kp\\\/\",\"logo\":{\"@type\":\"ImageObject\",\"inLanguage\":\"es\",\"@id\":\"https:\\\/\\\/kamaypet.cl\\\/kp\\\/#\\\/schema\\\/logo\\\/image\\\/\",\"url\":\"https:\\\/\\\/kamaypet.cl\\\/kp\\\/wp-content\\\/uploads\\\/2021\\\/10\\\/Logo-Kamay-2-1.png\",\"contentUrl\":\"https:\\\/\\\/kamaypet.cl\\\/kp\\\/wp-content\\\/uploads\\\/2021\\\/10\\\/Logo-Kamay-2-1.png\",\"width\":1964,\"height\":2452,\"caption\":\"Kamay Pet\"},\"image\":{\"@id\":\"https:\\\/\\\/kamaypet.cl\\\/kp\\\/#\\\/schema\\\/logo\\\/image\\\/\"},\"sameAs\":[\"https:\\\/\\\/web.facebook.com\\\/profile.php?id=61579391820374&locale=es_LA\",\"https:\\\/\\\/www.instagram.com\\\/kamaypet\"]}]}<\/script>\n<!-- \/ Yoast SEO plugin. -->","yoast_head_json":{"title":"Biofresh Gato Adulto - Kamay Pet","robots":{"index":"index","follow":"follow","max-snippet":"max-snippet:-1","max-image-preview":"max-image-preview:large","max-video-preview":"max-video-preview:-1"},"canonical":"https:\/\/kamaypet.cl\/kp\/tienda\/producto\/biofresh-gato-adulto\/","og_locale":"es_ES","og_type":"article","og_title":"Biofresh Gato Adulto - Kamay Pet","og_description":"Biofresh S\u00faper Premium para gatos Adultos es una dieta elaborada para carn\u00edvoros estrictos, por su alto porcentaje de prote\u00edna y bajos niveles de carbohidratos. Alimento libre de granos, con alta inclusi\u00f3n de ingredientes frescos que preservan el valor nutritivo de cada componente, principalmente de origen animal y solo con un toque de frutas y verduras. Preserva la salud urinaria de gatos adultos, rico en \u00e1cidos grasos para una excelente calidad de piel y pelaje, adem\u00e1s de mantener un correcto funcionamiento intestinal, favoreciendo la formaci\u00f3n de heces firmes y olor reducido. Adicionado con Taurina extra para un buen funcionamiento del m\u00fasculo cardiaco, sistema digestivo y visi\u00f3n. Altamente palatable e irresistible, la alimentaci\u00f3n perfecta para felinos.","og_url":"https:\/\/kamaypet.cl\/kp\/tienda\/producto\/biofresh-gato-adulto\/","og_site_name":"Kamay Pet","article_publisher":"https:\/\/web.facebook.com\/profile.php?id=61579391820374&locale=es_LA","article_modified_time":"2025-11-04T14:11:01+00:00","og_image":[{"width":299,"height":436,"url":"https:\/\/kamaypet.cl\/kp\/wp-content\/uploads\/2025\/06\/Biofresh-Gato-Adulto.png","type":"image\/png"}],"twitter_card":"summary_large_image","schema":{"@context":"https:\/\/schema.org","@graph":[{"@type":"WebPage","@id":"https:\/\/kamaypet.cl\/kp\/tienda\/producto\/biofresh-gato-adulto\/","url":"https:\/\/kamaypet.cl\/kp\/tienda\/producto\/biofresh-gato-adulto\/","name":"Biofresh Gato Adulto - Kamay Pet","isPartOf":{"@id":"https:\/\/kamaypet.cl\/kp\/#website"},"primaryImageOfPage":{"@id":"https:\/\/kamaypet.cl\/kp\/tienda\/producto\/biofresh-gato-adulto\/#primaryimage"},"image":{"@id":"https:\/\/kamaypet.cl\/kp\/tienda\/producto\/biofresh-gato-adulto\/#primaryimage"},"thumbnailUrl":"https:\/\/kamaypet.cl\/kp\/wp-content\/uploads\/2025\/06\/Biofresh-Gato-Adulto.png","datePublished":"2025-06-12T23:27:46+00:00","dateModified":"2025-11-04T14:11:01+00:00","breadcrumb":{"@id":"https:\/\/kamaypet.cl\/kp\/tienda\/producto\/biofresh-gato-adulto\/#breadcrumb"},"inLanguage":"es","potentialAction":[{"@type":"ReadAction","target":["https:\/\/kamaypet.cl\/kp\/tienda\/producto\/biofresh-gato-adulto\/"]}]},{"@type":"ImageObject","inLanguage":"es","@id":"https:\/\/kamaypet.cl\/kp\/tienda\/producto\/biofresh-gato-adulto\/#primaryimage","url":"https:\/\/kamaypet.cl\/kp\/wp-content\/uploads\/2025\/06\/Biofresh-Gato-Adulto.png","contentUrl":"https:\/\/kamaypet.cl\/kp\/wp-content\/uploads\/2025\/06\/Biofresh-Gato-Adulto.png","width":299,"height":436},{"@type":"BreadcrumbList","@id":"https:\/\/kamaypet.cl\/kp\/tienda\/producto\/biofresh-gato-adulto\/#breadcrumb","itemListElement":[{"@type":"ListItem","position":1,"name":"Inicio","item":"https:\/\/kamaypet.cl\/kp\/"},{"@type":"ListItem","position":2,"name":"Tienda","item":"https:\/\/kamaypet.cl\/kp\/tienda\/"},{"@type":"ListItem","position":3,"name":"Biofresh Gato Adulto"}]},{"@type":"WebSite","@id":"https:\/\/kamaypet.cl\/kp\/#website","url":"https:\/\/kamaypet.cl\/kp\/","name":"Kamay Pet","description":"Venta al por menor de alimentos e insumos para mascotas","publisher":{"@id":"https:\/\/kamaypet.cl\/kp\/#organization"},"alternateName":"Kamay","potentialAction":[{"@type":"SearchAction","target":{"@type":"EntryPoint","urlTemplate":"https:\/\/kamaypet.cl\/kp\/?s={search_term_string}"},"query-input":{"@type":"PropertyValueSpecification","valueRequired":true,"valueName":"search_term_string"}}],"inLanguage":"es"},{"@type":"Organization","@id":"https:\/\/kamaypet.cl\/kp\/#organization","name":"Kamay Pet","url":"https:\/\/kamaypet.cl\/kp\/","logo":{"@type":"ImageObject","inLanguage":"es","@id":"https:\/\/kamaypet.cl\/kp\/#\/schema\/logo\/image\/","url":"https:\/\/kamaypet.cl\/kp\/wp-content\/uploads\/2021\/10\/Logo-Kamay-2-1.png","contentUrl":"https:\/\/kamaypet.cl\/kp\/wp-content\/uploads\/2021\/10\/Logo-Kamay-2-1.png","width":1964,"height":2452,"caption":"Kamay Pet"},"image":{"@id":"https:\/\/kamaypet.cl\/kp\/#\/schema\/logo\/image\/"},"sameAs":["https:\/\/web.facebook.com\/profile.php?id=61579391820374&locale=es_LA","https:\/\/www.instagram.com\/kamaypet"]}]}},"_links":{"self":[{"href":"https:\/\/kamaypet.cl\/kp\/wp-json\/wp\/v2\/product\/6327","targetHints":{"allow":["GET"]}}],"collection":[{"href":"https:\/\/kamaypet.cl\/kp\/wp-json\/wp\/v2\/product"}],"about":[{"href":"https:\/\/kamaypet.cl\/kp\/wp-json\/wp\/v2\/types\/product"}],"replies":[{"embeddable":true,"href":"https:\/\/kamaypet.cl\/kp\/wp-json\/wp\/v2\/comments?post=6327"}],"version-history":[{"count":1,"href":"https:\/\/kamaypet.cl\/kp\/wp-json\/wp\/v2\/product\/6327\/revisions"}],"predecessor-version":[{"id":6330,"href":"https:\/\/kamaypet.cl\/kp\/wp-json\/wp\/v2\/product\/6327\/revisions\/6330"}],"wp:featuredmedia":[{"embeddable":true,"href":"https:\/\/kamaypet.cl\/kp\/wp-json\/wp\/v2\/media\/6329"}],"wp:attachment":[{"href":"https:\/\/kamaypet.cl\/kp\/wp-json\/wp\/v2\/media?parent=6327"}],"wp:term":[{"taxonomy":"product_brand","embeddable":true,"href":"https:\/\/kamaypet.cl\/kp\/wp-json\/wp\/v2\/product_brand?post=6327"},{"taxonomy":"product_cat","embeddable":true,"href":"https:\/\/kamaypet.cl\/kp\/wp-json\/wp\/v2\/product_cat?post=6327"},{"taxonomy":"product_tag","embeddable":true,"href":"https:\/\/kamaypet.cl\/kp\/wp-json\/wp\/v2\/product_tag?post=6327"}],"curies":[{"name":"wp","href":"https:\/\/api.w.org\/{rel}","templated":true}]}}