{"id":6658,"date":"2025-07-08T21:54:01","date_gmt":"2025-07-08T21:54:01","guid":{"rendered":"https:\/\/kamaypet.cl\/kp\/?post_type=product&#038;p=6658"},"modified":"2026-03-08T18:46:55","modified_gmt":"2026-03-08T18:46:55","slug":"bravery-light-iberian-pork-mini-adulto","status":"publish","type":"product","link":"https:\/\/kamaypet.cl\/kp\/tienda\/producto\/bravery-light-iberian-pork-mini-adulto\/","title":{"rendered":"Bravery Light Iberian Pork Mini Adulto"},"content":{"rendered":"<div id=\"content-top\" class=\"sk-eshop-prodotto nv-eshop\">\n<div class=\"container\">\n<div class=\"content-box\">\n<div class=\"box\">\n<div class=\"column\">\n<div class=\"composizione\">\n<p>\u2022 Elaborado con 100% carne de cerdo ib\u00e9rico light deshidratada<br \/>\n\u2022 Hipoalerg\u00e9nico y monoproteico<br \/>\n\u2022 Libre de granos y gluten<br \/>\n\u2022 Adecuado para perros sensibles, intolerantes o al\u00e9rgicos<br \/>\n\u2022 Los ingredientes altamente digeribles permiten una absorci\u00f3n \u00f3ptima de los nutrientes que son esenciales para su vitalidad y salud.<br \/>\n\u2022 Sin colorantes, saborizantes ni conservantes artificiales a\u00f1adidos<br \/>\n\u2022 Ideal para perros adultos de tama\u00f1o peque\u00f1o a partir del a\u00f1o con un peso como m\u00e1ximo de 10 kilos<\/p>\n<\/div>\n<\/div>\n<\/div>\n<\/div>\n<\/div>\n<\/div>\n","protected":false},"excerpt":{"rendered":"<p>Alimento seco s\u00faper premium para perro adulto de raza peque\u00f1a<\/p>\n","protected":false},"featured_media":6662,"comment_status":"open","ping_status":"closed","template":"","meta":[],"product_brand":[93],"product_cat":[80,124],"product_tag":[],"class_list":{"0":"post-6658","1":"product","2":"type-product","3":"status-publish","4":"has-post-thumbnail","6":"product_brand-bravery","7":"product_cat-alimento-para-perros","8":"product_cat-perro","10":"first","11":"instock","12":"sale","13":"taxable","14":"shipping-taxable","15":"purchasable","16":"product-type-variable"},"yoast_head":"<!-- This site is optimized with the Yoast SEO plugin v27.3 - https:\/\/yoast.com\/product\/yoast-seo-wordpress\/ -->\n<title>Bravery Light Iberian Pork Mini Adulto - Kamay Pet<\/title>\n<meta name=\"robots\" content=\"index, follow, max-snippet:-1, max-image-preview:large, max-video-preview:-1\" \/>\n<link rel=\"canonical\" href=\"https:\/\/kamaypet.cl\/kp\/tienda\/producto\/bravery-light-iberian-pork-mini-adulto\/\" \/>\n<meta property=\"og:locale\" content=\"es_ES\" \/>\n<meta property=\"og:type\" content=\"article\" \/>\n<meta property=\"og:title\" content=\"Bravery Light Iberian Pork Mini Adulto - Kamay Pet\" \/>\n<meta property=\"og:description\" content=\"Alimento seco s\u00faper premium para perro adulto de raza peque\u00f1a\" \/>\n<meta property=\"og:url\" content=\"https:\/\/kamaypet.cl\/kp\/tienda\/producto\/bravery-light-iberian-pork-mini-adulto\/\" \/>\n<meta property=\"og:site_name\" content=\"Kamay Pet\" \/>\n<meta property=\"article:publisher\" content=\"https:\/\/web.facebook.com\/profile.php?id=61579391820374&amp;locale=es_LA\" \/>\n<meta property=\"article:modified_time\" content=\"2026-03-08T18:46:55+00:00\" \/>\n<meta property=\"og:image\" content=\"https:\/\/kamaypet.cl\/kp\/wp-content\/uploads\/2025\/07\/BRAVERY-LIGHT-IBERIAN-PORK-MINI-ADULT-SMALL-BREEDS-7-KG.png\" \/>\n\t<meta property=\"og:image:width\" content=\"1080\" \/>\n\t<meta property=\"og:image:height\" content=\"1080\" \/>\n\t<meta property=\"og:image:type\" content=\"image\/png\" \/>\n<meta name=\"twitter:card\" content=\"summary_large_image\" \/>\n<meta name=\"twitter:label1\" content=\"Tiempo de lectura\" \/>\n\t<meta name=\"twitter:data1\" content=\"1 minuto\" \/>\n<script type=\"application\/ld+json\" class=\"yoast-schema-graph\">{\"@context\":\"https:\\\/\\\/schema.org\",\"@graph\":[{\"@type\":\"WebPage\",\"@id\":\"https:\\\/\\\/kamaypet.cl\\\/kp\\\/tienda\\\/producto\\\/bravery-light-iberian-pork-mini-adulto\\\/\",\"url\":\"https:\\\/\\\/kamaypet.cl\\\/kp\\\/tienda\\\/producto\\\/bravery-light-iberian-pork-mini-adulto\\\/\",\"name\":\"Bravery Light Iberian Pork Mini Adulto - Kamay Pet\",\"isPartOf\":{\"@id\":\"https:\\\/\\\/kamaypet.cl\\\/kp\\\/#website\"},\"primaryImageOfPage\":{\"@id\":\"https:\\\/\\\/kamaypet.cl\\\/kp\\\/tienda\\\/producto\\\/bravery-light-iberian-pork-mini-adulto\\\/#primaryimage\"},\"image\":{\"@id\":\"https:\\\/\\\/kamaypet.cl\\\/kp\\\/tienda\\\/producto\\\/bravery-light-iberian-pork-mini-adulto\\\/#primaryimage\"},\"thumbnailUrl\":\"https:\\\/\\\/kamaypet.cl\\\/kp\\\/wp-content\\\/uploads\\\/2025\\\/07\\\/BRAVERY-LIGHT-IBERIAN-PORK-MINI-ADULT-SMALL-BREEDS-7-KG.png\",\"datePublished\":\"2025-07-08T21:54:01+00:00\",\"dateModified\":\"2026-03-08T18:46:55+00:00\",\"breadcrumb\":{\"@id\":\"https:\\\/\\\/kamaypet.cl\\\/kp\\\/tienda\\\/producto\\\/bravery-light-iberian-pork-mini-adulto\\\/#breadcrumb\"},\"inLanguage\":\"es\",\"potentialAction\":[{\"@type\":\"ReadAction\",\"target\":[\"https:\\\/\\\/kamaypet.cl\\\/kp\\\/tienda\\\/producto\\\/bravery-light-iberian-pork-mini-adulto\\\/\"]}]},{\"@type\":\"ImageObject\",\"inLanguage\":\"es\",\"@id\":\"https:\\\/\\\/kamaypet.cl\\\/kp\\\/tienda\\\/producto\\\/bravery-light-iberian-pork-mini-adulto\\\/#primaryimage\",\"url\":\"https:\\\/\\\/kamaypet.cl\\\/kp\\\/wp-content\\\/uploads\\\/2025\\\/07\\\/BRAVERY-LIGHT-IBERIAN-PORK-MINI-ADULT-SMALL-BREEDS-7-KG.png\",\"contentUrl\":\"https:\\\/\\\/kamaypet.cl\\\/kp\\\/wp-content\\\/uploads\\\/2025\\\/07\\\/BRAVERY-LIGHT-IBERIAN-PORK-MINI-ADULT-SMALL-BREEDS-7-KG.png\",\"width\":1080,\"height\":1080},{\"@type\":\"BreadcrumbList\",\"@id\":\"https:\\\/\\\/kamaypet.cl\\\/kp\\\/tienda\\\/producto\\\/bravery-light-iberian-pork-mini-adulto\\\/#breadcrumb\",\"itemListElement\":[{\"@type\":\"ListItem\",\"position\":1,\"name\":\"Inicio\",\"item\":\"https:\\\/\\\/kamaypet.cl\\\/kp\\\/\"},{\"@type\":\"ListItem\",\"position\":2,\"name\":\"Tienda\",\"item\":\"https:\\\/\\\/kamaypet.cl\\\/kp\\\/tienda\\\/\"},{\"@type\":\"ListItem\",\"position\":3,\"name\":\"Bravery Light Iberian Pork Mini Adulto\"}]},{\"@type\":\"WebSite\",\"@id\":\"https:\\\/\\\/kamaypet.cl\\\/kp\\\/#website\",\"url\":\"https:\\\/\\\/kamaypet.cl\\\/kp\\\/\",\"name\":\"Kamay Pet\",\"description\":\"Venta al por menor de alimentos e insumos para mascotas\",\"publisher\":{\"@id\":\"https:\\\/\\\/kamaypet.cl\\\/kp\\\/#organization\"},\"alternateName\":\"Kamay\",\"potentialAction\":[{\"@type\":\"SearchAction\",\"target\":{\"@type\":\"EntryPoint\",\"urlTemplate\":\"https:\\\/\\\/kamaypet.cl\\\/kp\\\/?s={search_term_string}\"},\"query-input\":{\"@type\":\"PropertyValueSpecification\",\"valueRequired\":true,\"valueName\":\"search_term_string\"}}],\"inLanguage\":\"es\"},{\"@type\":\"Organization\",\"@id\":\"https:\\\/\\\/kamaypet.cl\\\/kp\\\/#organization\",\"name\":\"Kamay Pet\",\"url\":\"https:\\\/\\\/kamaypet.cl\\\/kp\\\/\",\"logo\":{\"@type\":\"ImageObject\",\"inLanguage\":\"es\",\"@id\":\"https:\\\/\\\/kamaypet.cl\\\/kp\\\/#\\\/schema\\\/logo\\\/image\\\/\",\"url\":\"https:\\\/\\\/kamaypet.cl\\\/kp\\\/wp-content\\\/uploads\\\/2021\\\/10\\\/Logo-Kamay-2-1.png\",\"contentUrl\":\"https:\\\/\\\/kamaypet.cl\\\/kp\\\/wp-content\\\/uploads\\\/2021\\\/10\\\/Logo-Kamay-2-1.png\",\"width\":1964,\"height\":2452,\"caption\":\"Kamay Pet\"},\"image\":{\"@id\":\"https:\\\/\\\/kamaypet.cl\\\/kp\\\/#\\\/schema\\\/logo\\\/image\\\/\"},\"sameAs\":[\"https:\\\/\\\/web.facebook.com\\\/profile.php?id=61579391820374&locale=es_LA\",\"https:\\\/\\\/www.instagram.com\\\/kamaypet\"]}]}<\/script>\n<!-- \/ Yoast SEO plugin. -->","yoast_head_json":{"title":"Bravery Light Iberian Pork Mini Adulto - Kamay Pet","robots":{"index":"index","follow":"follow","max-snippet":"max-snippet:-1","max-image-preview":"max-image-preview:large","max-video-preview":"max-video-preview:-1"},"canonical":"https:\/\/kamaypet.cl\/kp\/tienda\/producto\/bravery-light-iberian-pork-mini-adulto\/","og_locale":"es_ES","og_type":"article","og_title":"Bravery Light Iberian Pork Mini Adulto - Kamay Pet","og_description":"Alimento seco s\u00faper premium para perro adulto de raza peque\u00f1a","og_url":"https:\/\/kamaypet.cl\/kp\/tienda\/producto\/bravery-light-iberian-pork-mini-adulto\/","og_site_name":"Kamay Pet","article_publisher":"https:\/\/web.facebook.com\/profile.php?id=61579391820374&locale=es_LA","article_modified_time":"2026-03-08T18:46:55+00:00","og_image":[{"width":1080,"height":1080,"url":"https:\/\/kamaypet.cl\/kp\/wp-content\/uploads\/2025\/07\/BRAVERY-LIGHT-IBERIAN-PORK-MINI-ADULT-SMALL-BREEDS-7-KG.png","type":"image\/png"}],"twitter_card":"summary_large_image","twitter_misc":{"Tiempo de lectura":"1 minuto"},"schema":{"@context":"https:\/\/schema.org","@graph":[{"@type":"WebPage","@id":"https:\/\/kamaypet.cl\/kp\/tienda\/producto\/bravery-light-iberian-pork-mini-adulto\/","url":"https:\/\/kamaypet.cl\/kp\/tienda\/producto\/bravery-light-iberian-pork-mini-adulto\/","name":"Bravery Light Iberian Pork Mini Adulto - Kamay Pet","isPartOf":{"@id":"https:\/\/kamaypet.cl\/kp\/#website"},"primaryImageOfPage":{"@id":"https:\/\/kamaypet.cl\/kp\/tienda\/producto\/bravery-light-iberian-pork-mini-adulto\/#primaryimage"},"image":{"@id":"https:\/\/kamaypet.cl\/kp\/tienda\/producto\/bravery-light-iberian-pork-mini-adulto\/#primaryimage"},"thumbnailUrl":"https:\/\/kamaypet.cl\/kp\/wp-content\/uploads\/2025\/07\/BRAVERY-LIGHT-IBERIAN-PORK-MINI-ADULT-SMALL-BREEDS-7-KG.png","datePublished":"2025-07-08T21:54:01+00:00","dateModified":"2026-03-08T18:46:55+00:00","breadcrumb":{"@id":"https:\/\/kamaypet.cl\/kp\/tienda\/producto\/bravery-light-iberian-pork-mini-adulto\/#breadcrumb"},"inLanguage":"es","potentialAction":[{"@type":"ReadAction","target":["https:\/\/kamaypet.cl\/kp\/tienda\/producto\/bravery-light-iberian-pork-mini-adulto\/"]}]},{"@type":"ImageObject","inLanguage":"es","@id":"https:\/\/kamaypet.cl\/kp\/tienda\/producto\/bravery-light-iberian-pork-mini-adulto\/#primaryimage","url":"https:\/\/kamaypet.cl\/kp\/wp-content\/uploads\/2025\/07\/BRAVERY-LIGHT-IBERIAN-PORK-MINI-ADULT-SMALL-BREEDS-7-KG.png","contentUrl":"https:\/\/kamaypet.cl\/kp\/wp-content\/uploads\/2025\/07\/BRAVERY-LIGHT-IBERIAN-PORK-MINI-ADULT-SMALL-BREEDS-7-KG.png","width":1080,"height":1080},{"@type":"BreadcrumbList","@id":"https:\/\/kamaypet.cl\/kp\/tienda\/producto\/bravery-light-iberian-pork-mini-adulto\/#breadcrumb","itemListElement":[{"@type":"ListItem","position":1,"name":"Inicio","item":"https:\/\/kamaypet.cl\/kp\/"},{"@type":"ListItem","position":2,"name":"Tienda","item":"https:\/\/kamaypet.cl\/kp\/tienda\/"},{"@type":"ListItem","position":3,"name":"Bravery Light Iberian Pork Mini Adulto"}]},{"@type":"WebSite","@id":"https:\/\/kamaypet.cl\/kp\/#website","url":"https:\/\/kamaypet.cl\/kp\/","name":"Kamay Pet","description":"Venta al por menor de alimentos e insumos para mascotas","publisher":{"@id":"https:\/\/kamaypet.cl\/kp\/#organization"},"alternateName":"Kamay","potentialAction":[{"@type":"SearchAction","target":{"@type":"EntryPoint","urlTemplate":"https:\/\/kamaypet.cl\/kp\/?s={search_term_string}"},"query-input":{"@type":"PropertyValueSpecification","valueRequired":true,"valueName":"search_term_string"}}],"inLanguage":"es"},{"@type":"Organization","@id":"https:\/\/kamaypet.cl\/kp\/#organization","name":"Kamay Pet","url":"https:\/\/kamaypet.cl\/kp\/","logo":{"@type":"ImageObject","inLanguage":"es","@id":"https:\/\/kamaypet.cl\/kp\/#\/schema\/logo\/image\/","url":"https:\/\/kamaypet.cl\/kp\/wp-content\/uploads\/2021\/10\/Logo-Kamay-2-1.png","contentUrl":"https:\/\/kamaypet.cl\/kp\/wp-content\/uploads\/2021\/10\/Logo-Kamay-2-1.png","width":1964,"height":2452,"caption":"Kamay Pet"},"image":{"@id":"https:\/\/kamaypet.cl\/kp\/#\/schema\/logo\/image\/"},"sameAs":["https:\/\/web.facebook.com\/profile.php?id=61579391820374&locale=es_LA","https:\/\/www.instagram.com\/kamaypet"]}]}},"_links":{"self":[{"href":"https:\/\/kamaypet.cl\/kp\/wp-json\/wp\/v2\/product\/6658","targetHints":{"allow":["GET"]}}],"collection":[{"href":"https:\/\/kamaypet.cl\/kp\/wp-json\/wp\/v2\/product"}],"about":[{"href":"https:\/\/kamaypet.cl\/kp\/wp-json\/wp\/v2\/types\/product"}],"replies":[{"embeddable":true,"href":"https:\/\/kamaypet.cl\/kp\/wp-json\/wp\/v2\/comments?post=6658"}],"version-history":[{"count":2,"href":"https:\/\/kamaypet.cl\/kp\/wp-json\/wp\/v2\/product\/6658\/revisions"}],"predecessor-version":[{"id":7100,"href":"https:\/\/kamaypet.cl\/kp\/wp-json\/wp\/v2\/product\/6658\/revisions\/7100"}],"wp:featuredmedia":[{"embeddable":true,"href":"https:\/\/kamaypet.cl\/kp\/wp-json\/wp\/v2\/media\/6662"}],"wp:attachment":[{"href":"https:\/\/kamaypet.cl\/kp\/wp-json\/wp\/v2\/media?parent=6658"}],"wp:term":[{"taxonomy":"product_brand","embeddable":true,"href":"https:\/\/kamaypet.cl\/kp\/wp-json\/wp\/v2\/product_brand?post=6658"},{"taxonomy":"product_cat","embeddable":true,"href":"https:\/\/kamaypet.cl\/kp\/wp-json\/wp\/v2\/product_cat?post=6658"},{"taxonomy":"product_tag","embeddable":true,"href":"https:\/\/kamaypet.cl\/kp\/wp-json\/wp\/v2\/product_tag?post=6658"}],"curies":[{"name":"wp","href":"https:\/\/api.w.org\/{rel}","templated":true}]}}