{"id":6740,"date":"2025-08-06T21:24:28","date_gmt":"2025-08-06T21:24:28","guid":{"rendered":"https:\/\/kamaypet.cl\/kp\/?post_type=product&#038;p=6740"},"modified":"2026-03-08T17:12:51","modified_gmt":"2026-03-08T17:12:51","slug":"nomade-adulto-raza-pequena","status":"publish","type":"product","link":"https:\/\/kamaypet.cl\/kp\/tienda\/producto\/nomade-adulto-raza-pequena\/","title":{"rendered":"Nomade Adulto Raza Peque\u00f1a"},"content":{"rendered":"","protected":false},"excerpt":{"rendered":"<p>N\u00f3made es un alimento para perros adultos de razas peque\u00f1as desarrollado por expertos en nutrici\u00f3n animal.<br \/>\nUn alimento que excede los requerimientos nutricionales de perros adultos, a\u00fan de las razas m\u00e1s exigentes, proporcionando una dieta sana y equilibrada para una vida plena, feliz y en movimiento.<\/p>\n","protected":false},"featured_media":6734,"comment_status":"open","ping_status":"closed","template":"","meta":[],"product_brand":[120],"product_cat":[80,124],"product_tag":[],"class_list":{"0":"post-6740","1":"product","2":"type-product","3":"status-publish","4":"has-post-thumbnail","6":"product_brand-nomade","7":"product_cat-alimento-para-perros","8":"product_cat-perro","10":"first","11":"instock","12":"taxable","13":"shipping-taxable","14":"purchasable","15":"product-type-variable"},"yoast_head":"<!-- This site is optimized with the Yoast SEO plugin v27.3 - https:\/\/yoast.com\/product\/yoast-seo-wordpress\/ -->\n<title>Nomade Adulto Raza Peque\u00f1a - Kamay Pet<\/title>\n<meta name=\"robots\" content=\"index, follow, max-snippet:-1, max-image-preview:large, max-video-preview:-1\" \/>\n<link rel=\"canonical\" href=\"https:\/\/kamaypet.cl\/kp\/tienda\/producto\/nomade-adulto-raza-pequena\/\" \/>\n<meta property=\"og:locale\" content=\"es_ES\" \/>\n<meta property=\"og:type\" content=\"article\" \/>\n<meta property=\"og:title\" content=\"Nomade Adulto Raza Peque\u00f1a - Kamay Pet\" \/>\n<meta property=\"og:description\" content=\"N\u00f3made es un alimento para perros adultos de razas peque\u00f1as desarrollado por expertos en nutrici\u00f3n animal. Un alimento que excede los requerimientos nutricionales de perros adultos, a\u00fan de las razas m\u00e1s exigentes, proporcionando una dieta sana y equilibrada para una vida plena, feliz y en movimiento.\" \/>\n<meta property=\"og:url\" content=\"https:\/\/kamaypet.cl\/kp\/tienda\/producto\/nomade-adulto-raza-pequena\/\" \/>\n<meta property=\"og:site_name\" content=\"Kamay Pet\" \/>\n<meta property=\"article:publisher\" content=\"https:\/\/web.facebook.com\/profile.php?id=61579391820374&amp;locale=es_LA\" \/>\n<meta property=\"article:modified_time\" content=\"2026-03-08T17:12:51+00:00\" \/>\n<meta property=\"og:image\" content=\"https:\/\/kamaypet.cl\/kp\/wp-content\/uploads\/2025\/08\/Nomade-Adulto-Raza-Pequena.png\" \/>\n\t<meta property=\"og:image:width\" content=\"337\" \/>\n\t<meta property=\"og:image:height\" content=\"469\" \/>\n\t<meta property=\"og:image:type\" content=\"image\/png\" \/>\n<meta name=\"twitter:card\" content=\"summary_large_image\" \/>\n<meta name=\"twitter:label1\" content=\"Tiempo de lectura\" \/>\n\t<meta name=\"twitter:data1\" content=\"1 minuto\" \/>\n<script type=\"application\/ld+json\" class=\"yoast-schema-graph\">{\"@context\":\"https:\\\/\\\/schema.org\",\"@graph\":[{\"@type\":\"WebPage\",\"@id\":\"https:\\\/\\\/kamaypet.cl\\\/kp\\\/tienda\\\/producto\\\/nomade-adulto-raza-pequena\\\/\",\"url\":\"https:\\\/\\\/kamaypet.cl\\\/kp\\\/tienda\\\/producto\\\/nomade-adulto-raza-pequena\\\/\",\"name\":\"Nomade Adulto Raza Peque\u00f1a - Kamay Pet\",\"isPartOf\":{\"@id\":\"https:\\\/\\\/kamaypet.cl\\\/kp\\\/#website\"},\"primaryImageOfPage\":{\"@id\":\"https:\\\/\\\/kamaypet.cl\\\/kp\\\/tienda\\\/producto\\\/nomade-adulto-raza-pequena\\\/#primaryimage\"},\"image\":{\"@id\":\"https:\\\/\\\/kamaypet.cl\\\/kp\\\/tienda\\\/producto\\\/nomade-adulto-raza-pequena\\\/#primaryimage\"},\"thumbnailUrl\":\"https:\\\/\\\/kamaypet.cl\\\/kp\\\/wp-content\\\/uploads\\\/2025\\\/08\\\/Nomade-Adulto-Raza-Pequena.png\",\"datePublished\":\"2025-08-06T21:24:28+00:00\",\"dateModified\":\"2026-03-08T17:12:51+00:00\",\"breadcrumb\":{\"@id\":\"https:\\\/\\\/kamaypet.cl\\\/kp\\\/tienda\\\/producto\\\/nomade-adulto-raza-pequena\\\/#breadcrumb\"},\"inLanguage\":\"es\",\"potentialAction\":[{\"@type\":\"ReadAction\",\"target\":[\"https:\\\/\\\/kamaypet.cl\\\/kp\\\/tienda\\\/producto\\\/nomade-adulto-raza-pequena\\\/\"]}]},{\"@type\":\"ImageObject\",\"inLanguage\":\"es\",\"@id\":\"https:\\\/\\\/kamaypet.cl\\\/kp\\\/tienda\\\/producto\\\/nomade-adulto-raza-pequena\\\/#primaryimage\",\"url\":\"https:\\\/\\\/kamaypet.cl\\\/kp\\\/wp-content\\\/uploads\\\/2025\\\/08\\\/Nomade-Adulto-Raza-Pequena.png\",\"contentUrl\":\"https:\\\/\\\/kamaypet.cl\\\/kp\\\/wp-content\\\/uploads\\\/2025\\\/08\\\/Nomade-Adulto-Raza-Pequena.png\",\"width\":337,\"height\":469},{\"@type\":\"BreadcrumbList\",\"@id\":\"https:\\\/\\\/kamaypet.cl\\\/kp\\\/tienda\\\/producto\\\/nomade-adulto-raza-pequena\\\/#breadcrumb\",\"itemListElement\":[{\"@type\":\"ListItem\",\"position\":1,\"name\":\"Inicio\",\"item\":\"https:\\\/\\\/kamaypet.cl\\\/kp\\\/\"},{\"@type\":\"ListItem\",\"position\":2,\"name\":\"Tienda\",\"item\":\"https:\\\/\\\/kamaypet.cl\\\/kp\\\/tienda\\\/\"},{\"@type\":\"ListItem\",\"position\":3,\"name\":\"Nomade Adulto Raza Peque\u00f1a\"}]},{\"@type\":\"WebSite\",\"@id\":\"https:\\\/\\\/kamaypet.cl\\\/kp\\\/#website\",\"url\":\"https:\\\/\\\/kamaypet.cl\\\/kp\\\/\",\"name\":\"Kamay Pet\",\"description\":\"Venta al por menor de alimentos e insumos para mascotas\",\"publisher\":{\"@id\":\"https:\\\/\\\/kamaypet.cl\\\/kp\\\/#organization\"},\"alternateName\":\"Kamay\",\"potentialAction\":[{\"@type\":\"SearchAction\",\"target\":{\"@type\":\"EntryPoint\",\"urlTemplate\":\"https:\\\/\\\/kamaypet.cl\\\/kp\\\/?s={search_term_string}\"},\"query-input\":{\"@type\":\"PropertyValueSpecification\",\"valueRequired\":true,\"valueName\":\"search_term_string\"}}],\"inLanguage\":\"es\"},{\"@type\":\"Organization\",\"@id\":\"https:\\\/\\\/kamaypet.cl\\\/kp\\\/#organization\",\"name\":\"Kamay Pet\",\"url\":\"https:\\\/\\\/kamaypet.cl\\\/kp\\\/\",\"logo\":{\"@type\":\"ImageObject\",\"inLanguage\":\"es\",\"@id\":\"https:\\\/\\\/kamaypet.cl\\\/kp\\\/#\\\/schema\\\/logo\\\/image\\\/\",\"url\":\"https:\\\/\\\/kamaypet.cl\\\/kp\\\/wp-content\\\/uploads\\\/2021\\\/10\\\/Logo-Kamay-2-1.png\",\"contentUrl\":\"https:\\\/\\\/kamaypet.cl\\\/kp\\\/wp-content\\\/uploads\\\/2021\\\/10\\\/Logo-Kamay-2-1.png\",\"width\":1964,\"height\":2452,\"caption\":\"Kamay Pet\"},\"image\":{\"@id\":\"https:\\\/\\\/kamaypet.cl\\\/kp\\\/#\\\/schema\\\/logo\\\/image\\\/\"},\"sameAs\":[\"https:\\\/\\\/web.facebook.com\\\/profile.php?id=61579391820374&locale=es_LA\",\"https:\\\/\\\/www.instagram.com\\\/kamaypet\"]}]}<\/script>\n<!-- \/ Yoast SEO plugin. -->","yoast_head_json":{"title":"Nomade Adulto Raza Peque\u00f1a - Kamay Pet","robots":{"index":"index","follow":"follow","max-snippet":"max-snippet:-1","max-image-preview":"max-image-preview:large","max-video-preview":"max-video-preview:-1"},"canonical":"https:\/\/kamaypet.cl\/kp\/tienda\/producto\/nomade-adulto-raza-pequena\/","og_locale":"es_ES","og_type":"article","og_title":"Nomade Adulto Raza Peque\u00f1a - Kamay Pet","og_description":"N\u00f3made es un alimento para perros adultos de razas peque\u00f1as desarrollado por expertos en nutrici\u00f3n animal. Un alimento que excede los requerimientos nutricionales de perros adultos, a\u00fan de las razas m\u00e1s exigentes, proporcionando una dieta sana y equilibrada para una vida plena, feliz y en movimiento.","og_url":"https:\/\/kamaypet.cl\/kp\/tienda\/producto\/nomade-adulto-raza-pequena\/","og_site_name":"Kamay Pet","article_publisher":"https:\/\/web.facebook.com\/profile.php?id=61579391820374&locale=es_LA","article_modified_time":"2026-03-08T17:12:51+00:00","og_image":[{"width":337,"height":469,"url":"https:\/\/kamaypet.cl\/kp\/wp-content\/uploads\/2025\/08\/Nomade-Adulto-Raza-Pequena.png","type":"image\/png"}],"twitter_card":"summary_large_image","twitter_misc":{"Tiempo de lectura":"1 minuto"},"schema":{"@context":"https:\/\/schema.org","@graph":[{"@type":"WebPage","@id":"https:\/\/kamaypet.cl\/kp\/tienda\/producto\/nomade-adulto-raza-pequena\/","url":"https:\/\/kamaypet.cl\/kp\/tienda\/producto\/nomade-adulto-raza-pequena\/","name":"Nomade Adulto Raza Peque\u00f1a - Kamay Pet","isPartOf":{"@id":"https:\/\/kamaypet.cl\/kp\/#website"},"primaryImageOfPage":{"@id":"https:\/\/kamaypet.cl\/kp\/tienda\/producto\/nomade-adulto-raza-pequena\/#primaryimage"},"image":{"@id":"https:\/\/kamaypet.cl\/kp\/tienda\/producto\/nomade-adulto-raza-pequena\/#primaryimage"},"thumbnailUrl":"https:\/\/kamaypet.cl\/kp\/wp-content\/uploads\/2025\/08\/Nomade-Adulto-Raza-Pequena.png","datePublished":"2025-08-06T21:24:28+00:00","dateModified":"2026-03-08T17:12:51+00:00","breadcrumb":{"@id":"https:\/\/kamaypet.cl\/kp\/tienda\/producto\/nomade-adulto-raza-pequena\/#breadcrumb"},"inLanguage":"es","potentialAction":[{"@type":"ReadAction","target":["https:\/\/kamaypet.cl\/kp\/tienda\/producto\/nomade-adulto-raza-pequena\/"]}]},{"@type":"ImageObject","inLanguage":"es","@id":"https:\/\/kamaypet.cl\/kp\/tienda\/producto\/nomade-adulto-raza-pequena\/#primaryimage","url":"https:\/\/kamaypet.cl\/kp\/wp-content\/uploads\/2025\/08\/Nomade-Adulto-Raza-Pequena.png","contentUrl":"https:\/\/kamaypet.cl\/kp\/wp-content\/uploads\/2025\/08\/Nomade-Adulto-Raza-Pequena.png","width":337,"height":469},{"@type":"BreadcrumbList","@id":"https:\/\/kamaypet.cl\/kp\/tienda\/producto\/nomade-adulto-raza-pequena\/#breadcrumb","itemListElement":[{"@type":"ListItem","position":1,"name":"Inicio","item":"https:\/\/kamaypet.cl\/kp\/"},{"@type":"ListItem","position":2,"name":"Tienda","item":"https:\/\/kamaypet.cl\/kp\/tienda\/"},{"@type":"ListItem","position":3,"name":"Nomade Adulto Raza Peque\u00f1a"}]},{"@type":"WebSite","@id":"https:\/\/kamaypet.cl\/kp\/#website","url":"https:\/\/kamaypet.cl\/kp\/","name":"Kamay Pet","description":"Venta al por menor de alimentos e insumos para mascotas","publisher":{"@id":"https:\/\/kamaypet.cl\/kp\/#organization"},"alternateName":"Kamay","potentialAction":[{"@type":"SearchAction","target":{"@type":"EntryPoint","urlTemplate":"https:\/\/kamaypet.cl\/kp\/?s={search_term_string}"},"query-input":{"@type":"PropertyValueSpecification","valueRequired":true,"valueName":"search_term_string"}}],"inLanguage":"es"},{"@type":"Organization","@id":"https:\/\/kamaypet.cl\/kp\/#organization","name":"Kamay Pet","url":"https:\/\/kamaypet.cl\/kp\/","logo":{"@type":"ImageObject","inLanguage":"es","@id":"https:\/\/kamaypet.cl\/kp\/#\/schema\/logo\/image\/","url":"https:\/\/kamaypet.cl\/kp\/wp-content\/uploads\/2021\/10\/Logo-Kamay-2-1.png","contentUrl":"https:\/\/kamaypet.cl\/kp\/wp-content\/uploads\/2021\/10\/Logo-Kamay-2-1.png","width":1964,"height":2452,"caption":"Kamay Pet"},"image":{"@id":"https:\/\/kamaypet.cl\/kp\/#\/schema\/logo\/image\/"},"sameAs":["https:\/\/web.facebook.com\/profile.php?id=61579391820374&locale=es_LA","https:\/\/www.instagram.com\/kamaypet"]}]}},"_links":{"self":[{"href":"https:\/\/kamaypet.cl\/kp\/wp-json\/wp\/v2\/product\/6740","targetHints":{"allow":["GET"]}}],"collection":[{"href":"https:\/\/kamaypet.cl\/kp\/wp-json\/wp\/v2\/product"}],"about":[{"href":"https:\/\/kamaypet.cl\/kp\/wp-json\/wp\/v2\/types\/product"}],"replies":[{"embeddable":true,"href":"https:\/\/kamaypet.cl\/kp\/wp-json\/wp\/v2\/comments?post=6740"}],"version-history":[{"count":1,"href":"https:\/\/kamaypet.cl\/kp\/wp-json\/wp\/v2\/product\/6740\/revisions"}],"predecessor-version":[{"id":6742,"href":"https:\/\/kamaypet.cl\/kp\/wp-json\/wp\/v2\/product\/6740\/revisions\/6742"}],"wp:featuredmedia":[{"embeddable":true,"href":"https:\/\/kamaypet.cl\/kp\/wp-json\/wp\/v2\/media\/6734"}],"wp:attachment":[{"href":"https:\/\/kamaypet.cl\/kp\/wp-json\/wp\/v2\/media?parent=6740"}],"wp:term":[{"taxonomy":"product_brand","embeddable":true,"href":"https:\/\/kamaypet.cl\/kp\/wp-json\/wp\/v2\/product_brand?post=6740"},{"taxonomy":"product_cat","embeddable":true,"href":"https:\/\/kamaypet.cl\/kp\/wp-json\/wp\/v2\/product_cat?post=6740"},{"taxonomy":"product_tag","embeddable":true,"href":"https:\/\/kamaypet.cl\/kp\/wp-json\/wp\/v2\/product_tag?post=6740"}],"curies":[{"name":"wp","href":"https:\/\/api.w.org\/{rel}","templated":true}]}}