{"id":6767,"date":"2025-09-30T17:52:47","date_gmt":"2025-09-30T17:52:47","guid":{"rendered":"https:\/\/kamaypet.cl\/kp\/?post_type=product&#038;p=6767"},"modified":"2025-11-07T19:59:06","modified_gmt":"2025-11-07T19:59:06","slug":"churu-skin-cat-chicken-pack-4-un","status":"publish","type":"product","link":"https:\/\/kamaypet.cl\/kp\/tienda\/producto\/churu-skin-cat-chicken-pack-4-un\/","title":{"rendered":"Churu Skin Cat Chicken Pack 4 un"},"content":{"rendered":"<p>Churu Skin Cat Chicken es un snack cremoso y delicioso dise\u00f1ado para mejorar la salud de la piel y el pelaje de tu gato. Elaborado con pollo de alta calidad, este premio no solo es irresistible, sino que tambi\u00e9n aporta nutrientes esenciales para el bienestar de tu felino. Contiene Omega 3 y 6. Enriquecido con col\u00e1geno y biotina, que favorecen la elasticidad y regeneraci\u00f3n de la piel. Textura suave y cremosa, perfecta para servir directamente desde el tubo o como complemento del alimento. Bajo en calor\u00edas y sin granos, ideal como premio saludable.<\/p>\n<p>*No sustituye a la comida.\u00a0Se puede dar directamente desde el tubo o sobre el plato de comida seca. Mantener refrigerado, una vez abierto.<\/p>\n","protected":false},"excerpt":{"rendered":"<p>Churu Skin &amp; Coat pollo Recipe \u2013 4 Und. \u00a1Estos sabrosos snacks para gatos se hacen con at\u00fan silvestre o pollo criado en granjas puro y natural! Disponibles en nueve variedades deliciosas, los Churu\u00ae Pur\u00e9s tienen el alto contenido de humedad necesario para la salud de los felinos. Simplemente rasgue un tubo y apri\u00e9telo un poco para alimentar a mano a su felino con estos snacks sin cereales ni conservantes. Tambi\u00e9n puede verterlo en un plato o a\u00f1adirlo por encima de alimentos h\u00famedos o secos.<\/p>\n","protected":false},"featured_media":6768,"comment_status":"open","ping_status":"closed","template":"","meta":[],"product_brand":[92],"product_cat":[83,125,127,85],"product_tag":[],"class_list":{"0":"post-6767","1":"product","2":"type-product","3":"status-publish","4":"has-post-thumbnail","6":"product_brand-churu","7":"product_cat-alimentos-humedos-para-gatos","8":"product_cat-gato","9":"product_cat-snack","10":"product_cat-snack-para-gatos","12":"first","13":"instock","14":"taxable","15":"shipping-taxable","16":"purchasable","17":"product-type-simple"},"yoast_head":"<!-- This site is optimized with the Yoast SEO plugin v27.3 - https:\/\/yoast.com\/product\/yoast-seo-wordpress\/ -->\n<title>Churu Skin Cat Chicken Pack 4 un - Kamay Pet<\/title>\n<meta name=\"robots\" content=\"index, follow, max-snippet:-1, max-image-preview:large, max-video-preview:-1\" \/>\n<link rel=\"canonical\" href=\"https:\/\/kamaypet.cl\/kp\/tienda\/producto\/churu-skin-cat-chicken-pack-4-un\/\" \/>\n<meta property=\"og:locale\" content=\"es_ES\" \/>\n<meta property=\"og:type\" content=\"article\" \/>\n<meta property=\"og:title\" content=\"Churu Skin Cat Chicken Pack 4 un - Kamay Pet\" \/>\n<meta property=\"og:description\" content=\"Churu Skin &amp; Coat pollo Recipe \u2013 4 Und. \u00a1Estos sabrosos snacks para gatos se hacen con at\u00fan silvestre o pollo criado en granjas puro y natural! Disponibles en nueve variedades deliciosas, los Churu\u00ae Pur\u00e9s tienen el alto contenido de humedad necesario para la salud de los felinos. Simplemente rasgue un tubo y apri\u00e9telo un poco para alimentar a mano a su felino con estos snacks sin cereales ni conservantes. Tambi\u00e9n puede verterlo en un plato o a\u00f1adirlo por encima de alimentos h\u00famedos o secos.\" \/>\n<meta property=\"og:url\" content=\"https:\/\/kamaypet.cl\/kp\/tienda\/producto\/churu-skin-cat-chicken-pack-4-un\/\" \/>\n<meta property=\"og:site_name\" content=\"Kamay Pet\" \/>\n<meta property=\"article:publisher\" content=\"https:\/\/web.facebook.com\/profile.php?id=61579391820374&amp;locale=es_LA\" \/>\n<meta property=\"article:modified_time\" content=\"2025-11-07T19:59:06+00:00\" \/>\n<meta property=\"og:image\" content=\"https:\/\/kamaypet.cl\/kp\/wp-content\/uploads\/2025\/09\/Churu-Skin-Coat-Chicken-Recipe-14-Gr-Tubes-4-Unidades.jpg\" \/>\n\t<meta property=\"og:image:width\" content=\"497\" \/>\n\t<meta property=\"og:image:height\" content=\"497\" \/>\n\t<meta property=\"og:image:type\" content=\"image\/jpeg\" \/>\n<meta name=\"twitter:card\" content=\"summary_large_image\" \/>\n<meta name=\"twitter:label1\" content=\"Tiempo de lectura\" \/>\n\t<meta name=\"twitter:data1\" content=\"1 minuto\" \/>\n<script type=\"application\/ld+json\" class=\"yoast-schema-graph\">{\"@context\":\"https:\\\/\\\/schema.org\",\"@graph\":[{\"@type\":\"WebPage\",\"@id\":\"https:\\\/\\\/kamaypet.cl\\\/kp\\\/tienda\\\/producto\\\/churu-skin-cat-chicken-pack-4-un\\\/\",\"url\":\"https:\\\/\\\/kamaypet.cl\\\/kp\\\/tienda\\\/producto\\\/churu-skin-cat-chicken-pack-4-un\\\/\",\"name\":\"Churu Skin Cat Chicken Pack 4 un - Kamay Pet\",\"isPartOf\":{\"@id\":\"https:\\\/\\\/kamaypet.cl\\\/kp\\\/#website\"},\"primaryImageOfPage\":{\"@id\":\"https:\\\/\\\/kamaypet.cl\\\/kp\\\/tienda\\\/producto\\\/churu-skin-cat-chicken-pack-4-un\\\/#primaryimage\"},\"image\":{\"@id\":\"https:\\\/\\\/kamaypet.cl\\\/kp\\\/tienda\\\/producto\\\/churu-skin-cat-chicken-pack-4-un\\\/#primaryimage\"},\"thumbnailUrl\":\"https:\\\/\\\/kamaypet.cl\\\/kp\\\/wp-content\\\/uploads\\\/2025\\\/09\\\/Churu-Skin-Coat-Chicken-Recipe-14-Gr-Tubes-4-Unidades.jpg\",\"datePublished\":\"2025-09-30T17:52:47+00:00\",\"dateModified\":\"2025-11-07T19:59:06+00:00\",\"breadcrumb\":{\"@id\":\"https:\\\/\\\/kamaypet.cl\\\/kp\\\/tienda\\\/producto\\\/churu-skin-cat-chicken-pack-4-un\\\/#breadcrumb\"},\"inLanguage\":\"es\",\"potentialAction\":[{\"@type\":\"ReadAction\",\"target\":[\"https:\\\/\\\/kamaypet.cl\\\/kp\\\/tienda\\\/producto\\\/churu-skin-cat-chicken-pack-4-un\\\/\"]}]},{\"@type\":\"ImageObject\",\"inLanguage\":\"es\",\"@id\":\"https:\\\/\\\/kamaypet.cl\\\/kp\\\/tienda\\\/producto\\\/churu-skin-cat-chicken-pack-4-un\\\/#primaryimage\",\"url\":\"https:\\\/\\\/kamaypet.cl\\\/kp\\\/wp-content\\\/uploads\\\/2025\\\/09\\\/Churu-Skin-Coat-Chicken-Recipe-14-Gr-Tubes-4-Unidades.jpg\",\"contentUrl\":\"https:\\\/\\\/kamaypet.cl\\\/kp\\\/wp-content\\\/uploads\\\/2025\\\/09\\\/Churu-Skin-Coat-Chicken-Recipe-14-Gr-Tubes-4-Unidades.jpg\",\"width\":497,\"height\":497},{\"@type\":\"BreadcrumbList\",\"@id\":\"https:\\\/\\\/kamaypet.cl\\\/kp\\\/tienda\\\/producto\\\/churu-skin-cat-chicken-pack-4-un\\\/#breadcrumb\",\"itemListElement\":[{\"@type\":\"ListItem\",\"position\":1,\"name\":\"Inicio\",\"item\":\"https:\\\/\\\/kamaypet.cl\\\/kp\\\/\"},{\"@type\":\"ListItem\",\"position\":2,\"name\":\"Tienda\",\"item\":\"https:\\\/\\\/kamaypet.cl\\\/kp\\\/tienda\\\/\"},{\"@type\":\"ListItem\",\"position\":3,\"name\":\"Churu Skin Cat Chicken Pack 4 un\"}]},{\"@type\":\"WebSite\",\"@id\":\"https:\\\/\\\/kamaypet.cl\\\/kp\\\/#website\",\"url\":\"https:\\\/\\\/kamaypet.cl\\\/kp\\\/\",\"name\":\"Kamay Pet\",\"description\":\"Venta al por menor de alimentos e insumos para mascotas\",\"publisher\":{\"@id\":\"https:\\\/\\\/kamaypet.cl\\\/kp\\\/#organization\"},\"alternateName\":\"Kamay\",\"potentialAction\":[{\"@type\":\"SearchAction\",\"target\":{\"@type\":\"EntryPoint\",\"urlTemplate\":\"https:\\\/\\\/kamaypet.cl\\\/kp\\\/?s={search_term_string}\"},\"query-input\":{\"@type\":\"PropertyValueSpecification\",\"valueRequired\":true,\"valueName\":\"search_term_string\"}}],\"inLanguage\":\"es\"},{\"@type\":\"Organization\",\"@id\":\"https:\\\/\\\/kamaypet.cl\\\/kp\\\/#organization\",\"name\":\"Kamay Pet\",\"url\":\"https:\\\/\\\/kamaypet.cl\\\/kp\\\/\",\"logo\":{\"@type\":\"ImageObject\",\"inLanguage\":\"es\",\"@id\":\"https:\\\/\\\/kamaypet.cl\\\/kp\\\/#\\\/schema\\\/logo\\\/image\\\/\",\"url\":\"https:\\\/\\\/kamaypet.cl\\\/kp\\\/wp-content\\\/uploads\\\/2021\\\/10\\\/Logo-Kamay-2-1.png\",\"contentUrl\":\"https:\\\/\\\/kamaypet.cl\\\/kp\\\/wp-content\\\/uploads\\\/2021\\\/10\\\/Logo-Kamay-2-1.png\",\"width\":1964,\"height\":2452,\"caption\":\"Kamay Pet\"},\"image\":{\"@id\":\"https:\\\/\\\/kamaypet.cl\\\/kp\\\/#\\\/schema\\\/logo\\\/image\\\/\"},\"sameAs\":[\"https:\\\/\\\/web.facebook.com\\\/profile.php?id=61579391820374&locale=es_LA\",\"https:\\\/\\\/www.instagram.com\\\/kamaypet\"]}]}<\/script>\n<!-- \/ Yoast SEO plugin. -->","yoast_head_json":{"title":"Churu Skin Cat Chicken Pack 4 un - Kamay Pet","robots":{"index":"index","follow":"follow","max-snippet":"max-snippet:-1","max-image-preview":"max-image-preview:large","max-video-preview":"max-video-preview:-1"},"canonical":"https:\/\/kamaypet.cl\/kp\/tienda\/producto\/churu-skin-cat-chicken-pack-4-un\/","og_locale":"es_ES","og_type":"article","og_title":"Churu Skin Cat Chicken Pack 4 un - Kamay Pet","og_description":"Churu Skin &amp; Coat pollo Recipe \u2013 4 Und. \u00a1Estos sabrosos snacks para gatos se hacen con at\u00fan silvestre o pollo criado en granjas puro y natural! Disponibles en nueve variedades deliciosas, los Churu\u00ae Pur\u00e9s tienen el alto contenido de humedad necesario para la salud de los felinos. Simplemente rasgue un tubo y apri\u00e9telo un poco para alimentar a mano a su felino con estos snacks sin cereales ni conservantes. Tambi\u00e9n puede verterlo en un plato o a\u00f1adirlo por encima de alimentos h\u00famedos o secos.","og_url":"https:\/\/kamaypet.cl\/kp\/tienda\/producto\/churu-skin-cat-chicken-pack-4-un\/","og_site_name":"Kamay Pet","article_publisher":"https:\/\/web.facebook.com\/profile.php?id=61579391820374&locale=es_LA","article_modified_time":"2025-11-07T19:59:06+00:00","og_image":[{"width":497,"height":497,"url":"https:\/\/kamaypet.cl\/kp\/wp-content\/uploads\/2025\/09\/Churu-Skin-Coat-Chicken-Recipe-14-Gr-Tubes-4-Unidades.jpg","type":"image\/jpeg"}],"twitter_card":"summary_large_image","twitter_misc":{"Tiempo de lectura":"1 minuto"},"schema":{"@context":"https:\/\/schema.org","@graph":[{"@type":"WebPage","@id":"https:\/\/kamaypet.cl\/kp\/tienda\/producto\/churu-skin-cat-chicken-pack-4-un\/","url":"https:\/\/kamaypet.cl\/kp\/tienda\/producto\/churu-skin-cat-chicken-pack-4-un\/","name":"Churu Skin Cat Chicken Pack 4 un - Kamay Pet","isPartOf":{"@id":"https:\/\/kamaypet.cl\/kp\/#website"},"primaryImageOfPage":{"@id":"https:\/\/kamaypet.cl\/kp\/tienda\/producto\/churu-skin-cat-chicken-pack-4-un\/#primaryimage"},"image":{"@id":"https:\/\/kamaypet.cl\/kp\/tienda\/producto\/churu-skin-cat-chicken-pack-4-un\/#primaryimage"},"thumbnailUrl":"https:\/\/kamaypet.cl\/kp\/wp-content\/uploads\/2025\/09\/Churu-Skin-Coat-Chicken-Recipe-14-Gr-Tubes-4-Unidades.jpg","datePublished":"2025-09-30T17:52:47+00:00","dateModified":"2025-11-07T19:59:06+00:00","breadcrumb":{"@id":"https:\/\/kamaypet.cl\/kp\/tienda\/producto\/churu-skin-cat-chicken-pack-4-un\/#breadcrumb"},"inLanguage":"es","potentialAction":[{"@type":"ReadAction","target":["https:\/\/kamaypet.cl\/kp\/tienda\/producto\/churu-skin-cat-chicken-pack-4-un\/"]}]},{"@type":"ImageObject","inLanguage":"es","@id":"https:\/\/kamaypet.cl\/kp\/tienda\/producto\/churu-skin-cat-chicken-pack-4-un\/#primaryimage","url":"https:\/\/kamaypet.cl\/kp\/wp-content\/uploads\/2025\/09\/Churu-Skin-Coat-Chicken-Recipe-14-Gr-Tubes-4-Unidades.jpg","contentUrl":"https:\/\/kamaypet.cl\/kp\/wp-content\/uploads\/2025\/09\/Churu-Skin-Coat-Chicken-Recipe-14-Gr-Tubes-4-Unidades.jpg","width":497,"height":497},{"@type":"BreadcrumbList","@id":"https:\/\/kamaypet.cl\/kp\/tienda\/producto\/churu-skin-cat-chicken-pack-4-un\/#breadcrumb","itemListElement":[{"@type":"ListItem","position":1,"name":"Inicio","item":"https:\/\/kamaypet.cl\/kp\/"},{"@type":"ListItem","position":2,"name":"Tienda","item":"https:\/\/kamaypet.cl\/kp\/tienda\/"},{"@type":"ListItem","position":3,"name":"Churu Skin Cat Chicken Pack 4 un"}]},{"@type":"WebSite","@id":"https:\/\/kamaypet.cl\/kp\/#website","url":"https:\/\/kamaypet.cl\/kp\/","name":"Kamay Pet","description":"Venta al por menor de alimentos e insumos para mascotas","publisher":{"@id":"https:\/\/kamaypet.cl\/kp\/#organization"},"alternateName":"Kamay","potentialAction":[{"@type":"SearchAction","target":{"@type":"EntryPoint","urlTemplate":"https:\/\/kamaypet.cl\/kp\/?s={search_term_string}"},"query-input":{"@type":"PropertyValueSpecification","valueRequired":true,"valueName":"search_term_string"}}],"inLanguage":"es"},{"@type":"Organization","@id":"https:\/\/kamaypet.cl\/kp\/#organization","name":"Kamay Pet","url":"https:\/\/kamaypet.cl\/kp\/","logo":{"@type":"ImageObject","inLanguage":"es","@id":"https:\/\/kamaypet.cl\/kp\/#\/schema\/logo\/image\/","url":"https:\/\/kamaypet.cl\/kp\/wp-content\/uploads\/2021\/10\/Logo-Kamay-2-1.png","contentUrl":"https:\/\/kamaypet.cl\/kp\/wp-content\/uploads\/2021\/10\/Logo-Kamay-2-1.png","width":1964,"height":2452,"caption":"Kamay Pet"},"image":{"@id":"https:\/\/kamaypet.cl\/kp\/#\/schema\/logo\/image\/"},"sameAs":["https:\/\/web.facebook.com\/profile.php?id=61579391820374&locale=es_LA","https:\/\/www.instagram.com\/kamaypet"]}]}},"_links":{"self":[{"href":"https:\/\/kamaypet.cl\/kp\/wp-json\/wp\/v2\/product\/6767","targetHints":{"allow":["GET"]}}],"collection":[{"href":"https:\/\/kamaypet.cl\/kp\/wp-json\/wp\/v2\/product"}],"about":[{"href":"https:\/\/kamaypet.cl\/kp\/wp-json\/wp\/v2\/types\/product"}],"replies":[{"embeddable":true,"href":"https:\/\/kamaypet.cl\/kp\/wp-json\/wp\/v2\/comments?post=6767"}],"version-history":[{"count":1,"href":"https:\/\/kamaypet.cl\/kp\/wp-json\/wp\/v2\/product\/6767\/revisions"}],"predecessor-version":[{"id":6769,"href":"https:\/\/kamaypet.cl\/kp\/wp-json\/wp\/v2\/product\/6767\/revisions\/6769"}],"wp:featuredmedia":[{"embeddable":true,"href":"https:\/\/kamaypet.cl\/kp\/wp-json\/wp\/v2\/media\/6768"}],"wp:attachment":[{"href":"https:\/\/kamaypet.cl\/kp\/wp-json\/wp\/v2\/media?parent=6767"}],"wp:term":[{"taxonomy":"product_brand","embeddable":true,"href":"https:\/\/kamaypet.cl\/kp\/wp-json\/wp\/v2\/product_brand?post=6767"},{"taxonomy":"product_cat","embeddable":true,"href":"https:\/\/kamaypet.cl\/kp\/wp-json\/wp\/v2\/product_cat?post=6767"},{"taxonomy":"product_tag","embeddable":true,"href":"https:\/\/kamaypet.cl\/kp\/wp-json\/wp\/v2\/product_tag?post=6767"}],"curies":[{"name":"wp","href":"https:\/\/api.w.org\/{rel}","templated":true}]}}