{"id":6778,"date":"2025-09-30T19:20:47","date_gmt":"2025-09-30T19:20:47","guid":{"rendered":"https:\/\/kamaypet.cl\/kp\/?post_type=product&#038;p=6778"},"modified":"2025-12-20T19:19:11","modified_gmt":"2025-12-20T19:19:11","slug":"ancestral-adulto-raza-pequena","status":"publish","type":"product","link":"https:\/\/kamaypet.cl\/kp\/tienda\/producto\/ancestral-adulto-raza-pequena\/","title":{"rendered":"Ancestral Adulto Raza Peque\u00f1a"},"content":{"rendered":"<p><strong>Ancestral Adulto Razas Peque\u00f1as \u2013 Nutrici\u00f3n premium para perros de tama\u00f1o peque\u00f1o<\/strong><\/p>\n<p><strong>Ancestral Adulto Razas Peque\u00f1as<\/strong>\u00a0est\u00e1\u00a0<strong>especialmente formulado para perros adultos de razas peque\u00f1as<\/strong>, combinando\u00a0<strong>ingredientes naturales de alta calidad<\/strong>\u00a0con\u00a0<strong>nutrientes esenciales<\/strong>\u00a0que aportan energ\u00eda, vitalidad y bienestar integral. Ideal para mantener a tu compa\u00f1ero activo, saludable y con un pelaje radiante.<\/p>\n<p><strong>Beneficios clave:<\/strong><\/p>\n<ul>\n<li><strong>Premix de vitaminas y minerales:<\/strong>\u00a0soporte nutricional completo para una salud \u00f3ptima.<\/li>\n<li><strong>Minerales quelados:<\/strong>\u00a0favorecen un\u00a0<strong>metabolismo eficiente<\/strong>\u00a0y una mejor absorci\u00f3n de nutrientes.<\/li>\n<li><strong>Zinc org\u00e1nico:<\/strong>\u00a0protege la piel, fortalece los cojinetes plantares y mejora la resistencia.<\/li>\n<li><strong>Selenio org\u00e1nico:<\/strong>\u00a0refuerza la integridad muscular y contribuye a una mejor recuperaci\u00f3n.<\/li>\n<li><strong>Yucca y Quillay:<\/strong>\u00a0reducen el olor y compactan las deposiciones de forma natural.<\/li>\n<li><strong>DHA:<\/strong>\u00a0potencia la funci\u00f3n cognitiva y el desarrollo del sistema nervioso.<\/li>\n<li><strong>Omega 3 y 6:<\/strong>\u00a0promueven una piel sana y un pelaje brillante.<\/li>\n<\/ul>\n<p>Un alimento\u00a0<strong>natural, funcional y equilibrado<\/strong>, dise\u00f1ado para\u00a0<strong>mantener la vitalidad y salud de perros peque\u00f1os<\/strong>.<\/p>\n","protected":false},"excerpt":{"rendered":"<p>Ancestral Razas Peque\u00f1as y Mini 10 kg<\/p>\n<p>Nuevo lanzamiento en el Barrio, Ancestral est\u00e1 dise\u00f1ado para satisfacer las necesidades de perros adultos medianos y grandes otorgando una nutrici\u00f3n completa y balanceada. Inspirado en su conexi\u00f3n con la naturaleza y su esencia ancestral, este alimento contribuye a mantener su vitalidad, fuerza y salud general.<\/p>\n","protected":false},"featured_media":6780,"comment_status":"open","ping_status":"closed","template":"","meta":[],"product_brand":[89],"product_cat":[80,124],"product_tag":[],"class_list":{"0":"post-6778","1":"product","2":"type-product","3":"status-publish","4":"has-post-thumbnail","6":"product_brand-ancestral","7":"product_cat-alimento-para-perros","8":"product_cat-perro","10":"first","11":"instock","12":"taxable","13":"shipping-taxable","14":"purchasable","15":"product-type-variable"},"yoast_head":"<!-- This site is optimized with the Yoast SEO plugin v27.3 - https:\/\/yoast.com\/product\/yoast-seo-wordpress\/ -->\n<title>Ancestral Adulto Raza Peque\u00f1a - Kamay Pet<\/title>\n<meta name=\"description\" content=\"Especialmente formulado para perros adultos de razas peque\u00f1as, Ancestral combina ingredientes de alta calidad con nutrientes esenciales para mantener la energ\u00eda y salud de tus compa\u00f1eros m\u00e1s peque\u00f1os.\" \/>\n<meta name=\"robots\" content=\"index, follow, max-snippet:-1, max-image-preview:large, max-video-preview:-1\" \/>\n<link rel=\"canonical\" href=\"https:\/\/kamaypet.cl\/kp\/tienda\/producto\/ancestral-adulto-raza-pequena\/\" \/>\n<meta property=\"og:locale\" content=\"es_ES\" \/>\n<meta property=\"og:type\" content=\"article\" \/>\n<meta property=\"og:title\" content=\"Ancestral Adulto Raza Peque\u00f1a - Kamay Pet\" \/>\n<meta property=\"og:description\" content=\"Especialmente formulado para perros adultos de razas peque\u00f1as, Ancestral combina ingredientes de alta calidad con nutrientes esenciales para mantener la energ\u00eda y salud de tus compa\u00f1eros m\u00e1s peque\u00f1os.\" \/>\n<meta property=\"og:url\" content=\"https:\/\/kamaypet.cl\/kp\/tienda\/producto\/ancestral-adulto-raza-pequena\/\" \/>\n<meta property=\"og:site_name\" content=\"Kamay Pet\" \/>\n<meta property=\"article:publisher\" content=\"https:\/\/web.facebook.com\/profile.php?id=61579391820374&amp;locale=es_LA\" \/>\n<meta property=\"article:modified_time\" content=\"2025-12-20T19:19:11+00:00\" \/>\n<meta property=\"og:image\" content=\"https:\/\/kamaypet.cl\/kp\/wp-content\/uploads\/2025\/09\/Ancestral-Adulto-raza-pequena-10-kg.png\" \/>\n\t<meta property=\"og:image:width\" content=\"325\" \/>\n\t<meta property=\"og:image:height\" content=\"530\" \/>\n\t<meta property=\"og:image:type\" content=\"image\/png\" \/>\n<meta name=\"twitter:card\" content=\"summary_large_image\" \/>\n<meta name=\"twitter:label1\" content=\"Tiempo de lectura\" \/>\n\t<meta name=\"twitter:data1\" content=\"1 minuto\" \/>\n<script type=\"application\/ld+json\" class=\"yoast-schema-graph\">{\"@context\":\"https:\\\/\\\/schema.org\",\"@graph\":[{\"@type\":\"WebPage\",\"@id\":\"https:\\\/\\\/kamaypet.cl\\\/kp\\\/tienda\\\/producto\\\/ancestral-adulto-raza-pequena\\\/\",\"url\":\"https:\\\/\\\/kamaypet.cl\\\/kp\\\/tienda\\\/producto\\\/ancestral-adulto-raza-pequena\\\/\",\"name\":\"Ancestral Adulto Raza Peque\u00f1a - Kamay Pet\",\"isPartOf\":{\"@id\":\"https:\\\/\\\/kamaypet.cl\\\/kp\\\/#website\"},\"primaryImageOfPage\":{\"@id\":\"https:\\\/\\\/kamaypet.cl\\\/kp\\\/tienda\\\/producto\\\/ancestral-adulto-raza-pequena\\\/#primaryimage\"},\"image\":{\"@id\":\"https:\\\/\\\/kamaypet.cl\\\/kp\\\/tienda\\\/producto\\\/ancestral-adulto-raza-pequena\\\/#primaryimage\"},\"thumbnailUrl\":\"https:\\\/\\\/kamaypet.cl\\\/kp\\\/wp-content\\\/uploads\\\/2025\\\/09\\\/Ancestral-Adulto-raza-pequena-10-kg.png\",\"datePublished\":\"2025-09-30T19:20:47+00:00\",\"dateModified\":\"2025-12-20T19:19:11+00:00\",\"description\":\"Especialmente formulado para perros adultos de razas peque\u00f1as, Ancestral combina ingredientes de alta calidad con nutrientes esenciales para mantener la energ\u00eda y salud de tus compa\u00f1eros m\u00e1s peque\u00f1os.\",\"breadcrumb\":{\"@id\":\"https:\\\/\\\/kamaypet.cl\\\/kp\\\/tienda\\\/producto\\\/ancestral-adulto-raza-pequena\\\/#breadcrumb\"},\"inLanguage\":\"es\",\"potentialAction\":[{\"@type\":\"ReadAction\",\"target\":[\"https:\\\/\\\/kamaypet.cl\\\/kp\\\/tienda\\\/producto\\\/ancestral-adulto-raza-pequena\\\/\"]}]},{\"@type\":\"ImageObject\",\"inLanguage\":\"es\",\"@id\":\"https:\\\/\\\/kamaypet.cl\\\/kp\\\/tienda\\\/producto\\\/ancestral-adulto-raza-pequena\\\/#primaryimage\",\"url\":\"https:\\\/\\\/kamaypet.cl\\\/kp\\\/wp-content\\\/uploads\\\/2025\\\/09\\\/Ancestral-Adulto-raza-pequena-10-kg.png\",\"contentUrl\":\"https:\\\/\\\/kamaypet.cl\\\/kp\\\/wp-content\\\/uploads\\\/2025\\\/09\\\/Ancestral-Adulto-raza-pequena-10-kg.png\",\"width\":325,\"height\":530},{\"@type\":\"BreadcrumbList\",\"@id\":\"https:\\\/\\\/kamaypet.cl\\\/kp\\\/tienda\\\/producto\\\/ancestral-adulto-raza-pequena\\\/#breadcrumb\",\"itemListElement\":[{\"@type\":\"ListItem\",\"position\":1,\"name\":\"Inicio\",\"item\":\"https:\\\/\\\/kamaypet.cl\\\/kp\\\/\"},{\"@type\":\"ListItem\",\"position\":2,\"name\":\"Tienda\",\"item\":\"https:\\\/\\\/kamaypet.cl\\\/kp\\\/tienda\\\/\"},{\"@type\":\"ListItem\",\"position\":3,\"name\":\"Ancestral Adulto Raza Peque\u00f1a\"}]},{\"@type\":\"WebSite\",\"@id\":\"https:\\\/\\\/kamaypet.cl\\\/kp\\\/#website\",\"url\":\"https:\\\/\\\/kamaypet.cl\\\/kp\\\/\",\"name\":\"Kamay Pet\",\"description\":\"Venta al por menor de alimentos e insumos para mascotas\",\"publisher\":{\"@id\":\"https:\\\/\\\/kamaypet.cl\\\/kp\\\/#organization\"},\"alternateName\":\"Kamay\",\"potentialAction\":[{\"@type\":\"SearchAction\",\"target\":{\"@type\":\"EntryPoint\",\"urlTemplate\":\"https:\\\/\\\/kamaypet.cl\\\/kp\\\/?s={search_term_string}\"},\"query-input\":{\"@type\":\"PropertyValueSpecification\",\"valueRequired\":true,\"valueName\":\"search_term_string\"}}],\"inLanguage\":\"es\"},{\"@type\":\"Organization\",\"@id\":\"https:\\\/\\\/kamaypet.cl\\\/kp\\\/#organization\",\"name\":\"Kamay Pet\",\"url\":\"https:\\\/\\\/kamaypet.cl\\\/kp\\\/\",\"logo\":{\"@type\":\"ImageObject\",\"inLanguage\":\"es\",\"@id\":\"https:\\\/\\\/kamaypet.cl\\\/kp\\\/#\\\/schema\\\/logo\\\/image\\\/\",\"url\":\"https:\\\/\\\/kamaypet.cl\\\/kp\\\/wp-content\\\/uploads\\\/2021\\\/10\\\/Logo-Kamay-2-1.png\",\"contentUrl\":\"https:\\\/\\\/kamaypet.cl\\\/kp\\\/wp-content\\\/uploads\\\/2021\\\/10\\\/Logo-Kamay-2-1.png\",\"width\":1964,\"height\":2452,\"caption\":\"Kamay Pet\"},\"image\":{\"@id\":\"https:\\\/\\\/kamaypet.cl\\\/kp\\\/#\\\/schema\\\/logo\\\/image\\\/\"},\"sameAs\":[\"https:\\\/\\\/web.facebook.com\\\/profile.php?id=61579391820374&locale=es_LA\",\"https:\\\/\\\/www.instagram.com\\\/kamaypet\"]}]}<\/script>\n<!-- \/ Yoast SEO plugin. -->","yoast_head_json":{"title":"Ancestral Adulto Raza Peque\u00f1a - Kamay Pet","description":"Especialmente formulado para perros adultos de razas peque\u00f1as, Ancestral combina ingredientes de alta calidad con nutrientes esenciales para mantener la energ\u00eda y salud de tus compa\u00f1eros m\u00e1s peque\u00f1os.","robots":{"index":"index","follow":"follow","max-snippet":"max-snippet:-1","max-image-preview":"max-image-preview:large","max-video-preview":"max-video-preview:-1"},"canonical":"https:\/\/kamaypet.cl\/kp\/tienda\/producto\/ancestral-adulto-raza-pequena\/","og_locale":"es_ES","og_type":"article","og_title":"Ancestral Adulto Raza Peque\u00f1a - Kamay Pet","og_description":"Especialmente formulado para perros adultos de razas peque\u00f1as, Ancestral combina ingredientes de alta calidad con nutrientes esenciales para mantener la energ\u00eda y salud de tus compa\u00f1eros m\u00e1s peque\u00f1os.","og_url":"https:\/\/kamaypet.cl\/kp\/tienda\/producto\/ancestral-adulto-raza-pequena\/","og_site_name":"Kamay Pet","article_publisher":"https:\/\/web.facebook.com\/profile.php?id=61579391820374&locale=es_LA","article_modified_time":"2025-12-20T19:19:11+00:00","og_image":[{"width":325,"height":530,"url":"https:\/\/kamaypet.cl\/kp\/wp-content\/uploads\/2025\/09\/Ancestral-Adulto-raza-pequena-10-kg.png","type":"image\/png"}],"twitter_card":"summary_large_image","twitter_misc":{"Tiempo de lectura":"1 minuto"},"schema":{"@context":"https:\/\/schema.org","@graph":[{"@type":"WebPage","@id":"https:\/\/kamaypet.cl\/kp\/tienda\/producto\/ancestral-adulto-raza-pequena\/","url":"https:\/\/kamaypet.cl\/kp\/tienda\/producto\/ancestral-adulto-raza-pequena\/","name":"Ancestral Adulto Raza Peque\u00f1a - Kamay Pet","isPartOf":{"@id":"https:\/\/kamaypet.cl\/kp\/#website"},"primaryImageOfPage":{"@id":"https:\/\/kamaypet.cl\/kp\/tienda\/producto\/ancestral-adulto-raza-pequena\/#primaryimage"},"image":{"@id":"https:\/\/kamaypet.cl\/kp\/tienda\/producto\/ancestral-adulto-raza-pequena\/#primaryimage"},"thumbnailUrl":"https:\/\/kamaypet.cl\/kp\/wp-content\/uploads\/2025\/09\/Ancestral-Adulto-raza-pequena-10-kg.png","datePublished":"2025-09-30T19:20:47+00:00","dateModified":"2025-12-20T19:19:11+00:00","description":"Especialmente formulado para perros adultos de razas peque\u00f1as, Ancestral combina ingredientes de alta calidad con nutrientes esenciales para mantener la energ\u00eda y salud de tus compa\u00f1eros m\u00e1s peque\u00f1os.","breadcrumb":{"@id":"https:\/\/kamaypet.cl\/kp\/tienda\/producto\/ancestral-adulto-raza-pequena\/#breadcrumb"},"inLanguage":"es","potentialAction":[{"@type":"ReadAction","target":["https:\/\/kamaypet.cl\/kp\/tienda\/producto\/ancestral-adulto-raza-pequena\/"]}]},{"@type":"ImageObject","inLanguage":"es","@id":"https:\/\/kamaypet.cl\/kp\/tienda\/producto\/ancestral-adulto-raza-pequena\/#primaryimage","url":"https:\/\/kamaypet.cl\/kp\/wp-content\/uploads\/2025\/09\/Ancestral-Adulto-raza-pequena-10-kg.png","contentUrl":"https:\/\/kamaypet.cl\/kp\/wp-content\/uploads\/2025\/09\/Ancestral-Adulto-raza-pequena-10-kg.png","width":325,"height":530},{"@type":"BreadcrumbList","@id":"https:\/\/kamaypet.cl\/kp\/tienda\/producto\/ancestral-adulto-raza-pequena\/#breadcrumb","itemListElement":[{"@type":"ListItem","position":1,"name":"Inicio","item":"https:\/\/kamaypet.cl\/kp\/"},{"@type":"ListItem","position":2,"name":"Tienda","item":"https:\/\/kamaypet.cl\/kp\/tienda\/"},{"@type":"ListItem","position":3,"name":"Ancestral Adulto Raza Peque\u00f1a"}]},{"@type":"WebSite","@id":"https:\/\/kamaypet.cl\/kp\/#website","url":"https:\/\/kamaypet.cl\/kp\/","name":"Kamay Pet","description":"Venta al por menor de alimentos e insumos para mascotas","publisher":{"@id":"https:\/\/kamaypet.cl\/kp\/#organization"},"alternateName":"Kamay","potentialAction":[{"@type":"SearchAction","target":{"@type":"EntryPoint","urlTemplate":"https:\/\/kamaypet.cl\/kp\/?s={search_term_string}"},"query-input":{"@type":"PropertyValueSpecification","valueRequired":true,"valueName":"search_term_string"}}],"inLanguage":"es"},{"@type":"Organization","@id":"https:\/\/kamaypet.cl\/kp\/#organization","name":"Kamay Pet","url":"https:\/\/kamaypet.cl\/kp\/","logo":{"@type":"ImageObject","inLanguage":"es","@id":"https:\/\/kamaypet.cl\/kp\/#\/schema\/logo\/image\/","url":"https:\/\/kamaypet.cl\/kp\/wp-content\/uploads\/2021\/10\/Logo-Kamay-2-1.png","contentUrl":"https:\/\/kamaypet.cl\/kp\/wp-content\/uploads\/2021\/10\/Logo-Kamay-2-1.png","width":1964,"height":2452,"caption":"Kamay Pet"},"image":{"@id":"https:\/\/kamaypet.cl\/kp\/#\/schema\/logo\/image\/"},"sameAs":["https:\/\/web.facebook.com\/profile.php?id=61579391820374&locale=es_LA","https:\/\/www.instagram.com\/kamaypet"]}]}},"_links":{"self":[{"href":"https:\/\/kamaypet.cl\/kp\/wp-json\/wp\/v2\/product\/6778","targetHints":{"allow":["GET"]}}],"collection":[{"href":"https:\/\/kamaypet.cl\/kp\/wp-json\/wp\/v2\/product"}],"about":[{"href":"https:\/\/kamaypet.cl\/kp\/wp-json\/wp\/v2\/types\/product"}],"replies":[{"embeddable":true,"href":"https:\/\/kamaypet.cl\/kp\/wp-json\/wp\/v2\/comments?post=6778"}],"version-history":[{"count":3,"href":"https:\/\/kamaypet.cl\/kp\/wp-json\/wp\/v2\/product\/6778\/revisions"}],"predecessor-version":[{"id":7006,"href":"https:\/\/kamaypet.cl\/kp\/wp-json\/wp\/v2\/product\/6778\/revisions\/7006"}],"wp:featuredmedia":[{"embeddable":true,"href":"https:\/\/kamaypet.cl\/kp\/wp-json\/wp\/v2\/media\/6780"}],"wp:attachment":[{"href":"https:\/\/kamaypet.cl\/kp\/wp-json\/wp\/v2\/media?parent=6778"}],"wp:term":[{"taxonomy":"product_brand","embeddable":true,"href":"https:\/\/kamaypet.cl\/kp\/wp-json\/wp\/v2\/product_brand?post=6778"},{"taxonomy":"product_cat","embeddable":true,"href":"https:\/\/kamaypet.cl\/kp\/wp-json\/wp\/v2\/product_cat?post=6778"},{"taxonomy":"product_tag","embeddable":true,"href":"https:\/\/kamaypet.cl\/kp\/wp-json\/wp\/v2\/product_tag?post=6778"}],"curies":[{"name":"wp","href":"https:\/\/api.w.org\/{rel}","templated":true}]}}