{"id":6783,"date":"2025-09-30T19:26:56","date_gmt":"2025-09-30T19:26:56","guid":{"rendered":"https:\/\/kamaypet.cl\/kp\/?post_type=product&#038;p=6783"},"modified":"2026-03-08T17:09:37","modified_gmt":"2026-03-08T17:09:37","slug":"ancestral-gato-adulto","status":"publish","type":"product","link":"https:\/\/kamaypet.cl\/kp\/tienda\/producto\/ancestral-gato-adulto\/","title":{"rendered":"Ancestral Gato Adulto"},"content":{"rendered":"<p>Mant\u00e9n la vitalidad y elegancia de tu gato adulto con\u00a0<strong>Ancestral Gato Adulto<\/strong>, un alimento premium inspirado en la naturaleza independiente de los felinos. Su f\u00f3rmula rica en prote\u00ednas y nutrientes esenciales proporciona\u00a0<strong>una nutrici\u00f3n completa y balanceada<\/strong>, cuidando cada aspecto de la salud de tu mascota.<\/p>\n<p><strong>Beneficios principales:<\/strong><\/p>\n<ul>\n<li><strong>Premix de vitaminas y minerales<\/strong>\u00a0para soporte nutricional completo.<\/li>\n<li><strong>Acidificante<\/strong>\u00a0que ayuda a prevenir la formaci\u00f3n de c\u00e1lculos urinarios.<\/li>\n<li><strong>Taurina<\/strong>\u00a0para proteger la vista y la salud cardiovascular.<\/li>\n<li><strong>Fibras vegetales<\/strong>\u00a0que previenen la formaci\u00f3n de bolas de pelo.<\/li>\n<li><strong>Zeolita<\/strong>\u00a0para deposiciones m\u00e1s compactas y menos olor.<\/li>\n<li><strong>Hexametafosfato de sodio<\/strong>\u00a0que ayuda a prevenir la formaci\u00f3n de sarro dental.<\/li>\n<li><strong>Zinc<\/strong>\u00a0para proteger la piel y los cojinetes plantares.<\/li>\n<\/ul>\n<p><strong>Ideal para:<\/strong>\u00a0gatos adultos que necesitan mantenerse activos, saludables y con un pelaje brillante.<\/p>\n","protected":false},"excerpt":{"rendered":"<p>Ancestral Gato Adulto est\u00e1 formulado para apoyar la salud, vitalidad y elegancia de los felinos adultos. Su f\u00f3rmula rica en prote\u00ednas y nutrientes esenciales est\u00e1 inspirada en la naturaleza libre e independiente de los gatos.<\/p>\n","protected":false},"featured_media":6781,"comment_status":"open","ping_status":"closed","template":"","meta":[],"product_brand":[89],"product_cat":[81,125],"product_tag":[],"class_list":{"0":"post-6783","1":"product","2":"type-product","3":"status-publish","4":"has-post-thumbnail","6":"product_brand-ancestral","7":"product_cat-alimentos-para-gatos","8":"product_cat-gato","10":"first","11":"instock","12":"taxable","13":"shipping-taxable","14":"purchasable","15":"product-type-variable"},"yoast_head":"<!-- This site is optimized with the Yoast SEO plugin v27.3 - https:\/\/yoast.com\/product\/yoast-seo-wordpress\/ -->\n<title>Ancestral Gato Adulto - Kamay Pet<\/title>\n<meta name=\"description\" content=\"Ancestral Gato Adulto est\u00e1 formulado para apoyar la salud, vitalidad y elegancia de los felinos adultos. Su f\u00f3rmula rica en prote\u00ednas y nutrientes esenciales est\u00e1 inspirada en la naturaleza libre e independiente de los gatos.\" \/>\n<meta name=\"robots\" content=\"index, follow, max-snippet:-1, max-image-preview:large, max-video-preview:-1\" \/>\n<link rel=\"canonical\" href=\"https:\/\/kamaypet.cl\/kp\/tienda\/producto\/ancestral-gato-adulto\/\" \/>\n<meta property=\"og:locale\" content=\"es_ES\" \/>\n<meta property=\"og:type\" content=\"article\" \/>\n<meta property=\"og:title\" content=\"Ancestral Gato Adulto - Kamay Pet\" \/>\n<meta property=\"og:description\" content=\"Ancestral Gato Adulto est\u00e1 formulado para apoyar la salud, vitalidad y elegancia de los felinos adultos. Su f\u00f3rmula rica en prote\u00ednas y nutrientes esenciales est\u00e1 inspirada en la naturaleza libre e independiente de los gatos.\" \/>\n<meta property=\"og:url\" content=\"https:\/\/kamaypet.cl\/kp\/tienda\/producto\/ancestral-gato-adulto\/\" \/>\n<meta property=\"og:site_name\" content=\"Kamay Pet\" \/>\n<meta property=\"article:publisher\" content=\"https:\/\/web.facebook.com\/profile.php?id=61579391820374&amp;locale=es_LA\" \/>\n<meta property=\"article:modified_time\" content=\"2026-03-08T17:09:37+00:00\" \/>\n<meta property=\"og:image\" content=\"https:\/\/kamaypet.cl\/kp\/wp-content\/uploads\/2025\/09\/Ancestral-Gato-Adulto-10-kg.png\" \/>\n\t<meta property=\"og:image:width\" content=\"524\" \/>\n\t<meta property=\"og:image:height\" content=\"855\" \/>\n\t<meta property=\"og:image:type\" content=\"image\/png\" \/>\n<meta name=\"twitter:card\" content=\"summary_large_image\" \/>\n<meta name=\"twitter:label1\" content=\"Tiempo de lectura\" \/>\n\t<meta name=\"twitter:data1\" content=\"1 minuto\" \/>\n<script type=\"application\/ld+json\" class=\"yoast-schema-graph\">{\"@context\":\"https:\\\/\\\/schema.org\",\"@graph\":[{\"@type\":\"WebPage\",\"@id\":\"https:\\\/\\\/kamaypet.cl\\\/kp\\\/tienda\\\/producto\\\/ancestral-gato-adulto\\\/\",\"url\":\"https:\\\/\\\/kamaypet.cl\\\/kp\\\/tienda\\\/producto\\\/ancestral-gato-adulto\\\/\",\"name\":\"Ancestral Gato Adulto - Kamay Pet\",\"isPartOf\":{\"@id\":\"https:\\\/\\\/kamaypet.cl\\\/kp\\\/#website\"},\"primaryImageOfPage\":{\"@id\":\"https:\\\/\\\/kamaypet.cl\\\/kp\\\/tienda\\\/producto\\\/ancestral-gato-adulto\\\/#primaryimage\"},\"image\":{\"@id\":\"https:\\\/\\\/kamaypet.cl\\\/kp\\\/tienda\\\/producto\\\/ancestral-gato-adulto\\\/#primaryimage\"},\"thumbnailUrl\":\"https:\\\/\\\/kamaypet.cl\\\/kp\\\/wp-content\\\/uploads\\\/2025\\\/09\\\/Ancestral-Gato-Adulto-10-kg.png\",\"datePublished\":\"2025-09-30T19:26:56+00:00\",\"dateModified\":\"2026-03-08T17:09:37+00:00\",\"description\":\"Ancestral Gato Adulto est\u00e1 formulado para apoyar la salud, vitalidad y elegancia de los felinos adultos. Su f\u00f3rmula rica en prote\u00ednas y nutrientes esenciales est\u00e1 inspirada en la naturaleza libre e independiente de los gatos.\",\"breadcrumb\":{\"@id\":\"https:\\\/\\\/kamaypet.cl\\\/kp\\\/tienda\\\/producto\\\/ancestral-gato-adulto\\\/#breadcrumb\"},\"inLanguage\":\"es\",\"potentialAction\":[{\"@type\":\"ReadAction\",\"target\":[\"https:\\\/\\\/kamaypet.cl\\\/kp\\\/tienda\\\/producto\\\/ancestral-gato-adulto\\\/\"]}]},{\"@type\":\"ImageObject\",\"inLanguage\":\"es\",\"@id\":\"https:\\\/\\\/kamaypet.cl\\\/kp\\\/tienda\\\/producto\\\/ancestral-gato-adulto\\\/#primaryimage\",\"url\":\"https:\\\/\\\/kamaypet.cl\\\/kp\\\/wp-content\\\/uploads\\\/2025\\\/09\\\/Ancestral-Gato-Adulto-10-kg.png\",\"contentUrl\":\"https:\\\/\\\/kamaypet.cl\\\/kp\\\/wp-content\\\/uploads\\\/2025\\\/09\\\/Ancestral-Gato-Adulto-10-kg.png\",\"width\":524,\"height\":855},{\"@type\":\"BreadcrumbList\",\"@id\":\"https:\\\/\\\/kamaypet.cl\\\/kp\\\/tienda\\\/producto\\\/ancestral-gato-adulto\\\/#breadcrumb\",\"itemListElement\":[{\"@type\":\"ListItem\",\"position\":1,\"name\":\"Inicio\",\"item\":\"https:\\\/\\\/kamaypet.cl\\\/kp\\\/\"},{\"@type\":\"ListItem\",\"position\":2,\"name\":\"Tienda\",\"item\":\"https:\\\/\\\/kamaypet.cl\\\/kp\\\/tienda\\\/\"},{\"@type\":\"ListItem\",\"position\":3,\"name\":\"Ancestral Gato Adulto\"}]},{\"@type\":\"WebSite\",\"@id\":\"https:\\\/\\\/kamaypet.cl\\\/kp\\\/#website\",\"url\":\"https:\\\/\\\/kamaypet.cl\\\/kp\\\/\",\"name\":\"Kamay Pet\",\"description\":\"Venta al por menor de alimentos e insumos para mascotas\",\"publisher\":{\"@id\":\"https:\\\/\\\/kamaypet.cl\\\/kp\\\/#organization\"},\"alternateName\":\"Kamay\",\"potentialAction\":[{\"@type\":\"SearchAction\",\"target\":{\"@type\":\"EntryPoint\",\"urlTemplate\":\"https:\\\/\\\/kamaypet.cl\\\/kp\\\/?s={search_term_string}\"},\"query-input\":{\"@type\":\"PropertyValueSpecification\",\"valueRequired\":true,\"valueName\":\"search_term_string\"}}],\"inLanguage\":\"es\"},{\"@type\":\"Organization\",\"@id\":\"https:\\\/\\\/kamaypet.cl\\\/kp\\\/#organization\",\"name\":\"Kamay Pet\",\"url\":\"https:\\\/\\\/kamaypet.cl\\\/kp\\\/\",\"logo\":{\"@type\":\"ImageObject\",\"inLanguage\":\"es\",\"@id\":\"https:\\\/\\\/kamaypet.cl\\\/kp\\\/#\\\/schema\\\/logo\\\/image\\\/\",\"url\":\"https:\\\/\\\/kamaypet.cl\\\/kp\\\/wp-content\\\/uploads\\\/2021\\\/10\\\/Logo-Kamay-2-1.png\",\"contentUrl\":\"https:\\\/\\\/kamaypet.cl\\\/kp\\\/wp-content\\\/uploads\\\/2021\\\/10\\\/Logo-Kamay-2-1.png\",\"width\":1964,\"height\":2452,\"caption\":\"Kamay Pet\"},\"image\":{\"@id\":\"https:\\\/\\\/kamaypet.cl\\\/kp\\\/#\\\/schema\\\/logo\\\/image\\\/\"},\"sameAs\":[\"https:\\\/\\\/web.facebook.com\\\/profile.php?id=61579391820374&locale=es_LA\",\"https:\\\/\\\/www.instagram.com\\\/kamaypet\"]}]}<\/script>\n<!-- \/ Yoast SEO plugin. -->","yoast_head_json":{"title":"Ancestral Gato Adulto - Kamay Pet","description":"Ancestral Gato Adulto est\u00e1 formulado para apoyar la salud, vitalidad y elegancia de los felinos adultos. Su f\u00f3rmula rica en prote\u00ednas y nutrientes esenciales est\u00e1 inspirada en la naturaleza libre e independiente de los gatos.","robots":{"index":"index","follow":"follow","max-snippet":"max-snippet:-1","max-image-preview":"max-image-preview:large","max-video-preview":"max-video-preview:-1"},"canonical":"https:\/\/kamaypet.cl\/kp\/tienda\/producto\/ancestral-gato-adulto\/","og_locale":"es_ES","og_type":"article","og_title":"Ancestral Gato Adulto - Kamay Pet","og_description":"Ancestral Gato Adulto est\u00e1 formulado para apoyar la salud, vitalidad y elegancia de los felinos adultos. Su f\u00f3rmula rica en prote\u00ednas y nutrientes esenciales est\u00e1 inspirada en la naturaleza libre e independiente de los gatos.","og_url":"https:\/\/kamaypet.cl\/kp\/tienda\/producto\/ancestral-gato-adulto\/","og_site_name":"Kamay Pet","article_publisher":"https:\/\/web.facebook.com\/profile.php?id=61579391820374&locale=es_LA","article_modified_time":"2026-03-08T17:09:37+00:00","og_image":[{"width":524,"height":855,"url":"https:\/\/kamaypet.cl\/kp\/wp-content\/uploads\/2025\/09\/Ancestral-Gato-Adulto-10-kg.png","type":"image\/png"}],"twitter_card":"summary_large_image","twitter_misc":{"Tiempo de lectura":"1 minuto"},"schema":{"@context":"https:\/\/schema.org","@graph":[{"@type":"WebPage","@id":"https:\/\/kamaypet.cl\/kp\/tienda\/producto\/ancestral-gato-adulto\/","url":"https:\/\/kamaypet.cl\/kp\/tienda\/producto\/ancestral-gato-adulto\/","name":"Ancestral Gato Adulto - Kamay Pet","isPartOf":{"@id":"https:\/\/kamaypet.cl\/kp\/#website"},"primaryImageOfPage":{"@id":"https:\/\/kamaypet.cl\/kp\/tienda\/producto\/ancestral-gato-adulto\/#primaryimage"},"image":{"@id":"https:\/\/kamaypet.cl\/kp\/tienda\/producto\/ancestral-gato-adulto\/#primaryimage"},"thumbnailUrl":"https:\/\/kamaypet.cl\/kp\/wp-content\/uploads\/2025\/09\/Ancestral-Gato-Adulto-10-kg.png","datePublished":"2025-09-30T19:26:56+00:00","dateModified":"2026-03-08T17:09:37+00:00","description":"Ancestral Gato Adulto est\u00e1 formulado para apoyar la salud, vitalidad y elegancia de los felinos adultos. Su f\u00f3rmula rica en prote\u00ednas y nutrientes esenciales est\u00e1 inspirada en la naturaleza libre e independiente de los gatos.","breadcrumb":{"@id":"https:\/\/kamaypet.cl\/kp\/tienda\/producto\/ancestral-gato-adulto\/#breadcrumb"},"inLanguage":"es","potentialAction":[{"@type":"ReadAction","target":["https:\/\/kamaypet.cl\/kp\/tienda\/producto\/ancestral-gato-adulto\/"]}]},{"@type":"ImageObject","inLanguage":"es","@id":"https:\/\/kamaypet.cl\/kp\/tienda\/producto\/ancestral-gato-adulto\/#primaryimage","url":"https:\/\/kamaypet.cl\/kp\/wp-content\/uploads\/2025\/09\/Ancestral-Gato-Adulto-10-kg.png","contentUrl":"https:\/\/kamaypet.cl\/kp\/wp-content\/uploads\/2025\/09\/Ancestral-Gato-Adulto-10-kg.png","width":524,"height":855},{"@type":"BreadcrumbList","@id":"https:\/\/kamaypet.cl\/kp\/tienda\/producto\/ancestral-gato-adulto\/#breadcrumb","itemListElement":[{"@type":"ListItem","position":1,"name":"Inicio","item":"https:\/\/kamaypet.cl\/kp\/"},{"@type":"ListItem","position":2,"name":"Tienda","item":"https:\/\/kamaypet.cl\/kp\/tienda\/"},{"@type":"ListItem","position":3,"name":"Ancestral Gato Adulto"}]},{"@type":"WebSite","@id":"https:\/\/kamaypet.cl\/kp\/#website","url":"https:\/\/kamaypet.cl\/kp\/","name":"Kamay Pet","description":"Venta al por menor de alimentos e insumos para mascotas","publisher":{"@id":"https:\/\/kamaypet.cl\/kp\/#organization"},"alternateName":"Kamay","potentialAction":[{"@type":"SearchAction","target":{"@type":"EntryPoint","urlTemplate":"https:\/\/kamaypet.cl\/kp\/?s={search_term_string}"},"query-input":{"@type":"PropertyValueSpecification","valueRequired":true,"valueName":"search_term_string"}}],"inLanguage":"es"},{"@type":"Organization","@id":"https:\/\/kamaypet.cl\/kp\/#organization","name":"Kamay Pet","url":"https:\/\/kamaypet.cl\/kp\/","logo":{"@type":"ImageObject","inLanguage":"es","@id":"https:\/\/kamaypet.cl\/kp\/#\/schema\/logo\/image\/","url":"https:\/\/kamaypet.cl\/kp\/wp-content\/uploads\/2021\/10\/Logo-Kamay-2-1.png","contentUrl":"https:\/\/kamaypet.cl\/kp\/wp-content\/uploads\/2021\/10\/Logo-Kamay-2-1.png","width":1964,"height":2452,"caption":"Kamay Pet"},"image":{"@id":"https:\/\/kamaypet.cl\/kp\/#\/schema\/logo\/image\/"},"sameAs":["https:\/\/web.facebook.com\/profile.php?id=61579391820374&locale=es_LA","https:\/\/www.instagram.com\/kamaypet"]}]}},"_links":{"self":[{"href":"https:\/\/kamaypet.cl\/kp\/wp-json\/wp\/v2\/product\/6783","targetHints":{"allow":["GET"]}}],"collection":[{"href":"https:\/\/kamaypet.cl\/kp\/wp-json\/wp\/v2\/product"}],"about":[{"href":"https:\/\/kamaypet.cl\/kp\/wp-json\/wp\/v2\/types\/product"}],"replies":[{"embeddable":true,"href":"https:\/\/kamaypet.cl\/kp\/wp-json\/wp\/v2\/comments?post=6783"}],"version-history":[{"count":3,"href":"https:\/\/kamaypet.cl\/kp\/wp-json\/wp\/v2\/product\/6783\/revisions"}],"predecessor-version":[{"id":7008,"href":"https:\/\/kamaypet.cl\/kp\/wp-json\/wp\/v2\/product\/6783\/revisions\/7008"}],"wp:featuredmedia":[{"embeddable":true,"href":"https:\/\/kamaypet.cl\/kp\/wp-json\/wp\/v2\/media\/6781"}],"wp:attachment":[{"href":"https:\/\/kamaypet.cl\/kp\/wp-json\/wp\/v2\/media?parent=6783"}],"wp:term":[{"taxonomy":"product_brand","embeddable":true,"href":"https:\/\/kamaypet.cl\/kp\/wp-json\/wp\/v2\/product_brand?post=6783"},{"taxonomy":"product_cat","embeddable":true,"href":"https:\/\/kamaypet.cl\/kp\/wp-json\/wp\/v2\/product_cat?post=6783"},{"taxonomy":"product_tag","embeddable":true,"href":"https:\/\/kamaypet.cl\/kp\/wp-json\/wp\/v2\/product_tag?post=6783"}],"curies":[{"name":"wp","href":"https:\/\/api.w.org\/{rel}","templated":true}]}}