{"id":6949,"date":"2025-10-09T21:26:42","date_gmt":"2025-10-09T21:26:42","guid":{"rendered":"https:\/\/kamaypet.cl\/kp\/?post_type=product&#038;p=6949"},"modified":"2025-12-29T21:10:57","modified_gmt":"2025-12-29T21:10:57","slug":"alimento-para-cachorro","status":"publish","type":"product","link":"https:\/\/kamaypet.cl\/kp\/tienda\/producto\/alimento-para-cachorro\/","title":{"rendered":"Bokato Cachorro Super Premium"},"content":{"rendered":"<p>Igual que <a href=\"https:\/\/kamaypet.cl\/kp\/tienda\/producto\/alimento-para-perro-bokato-gold-20-kg\/\">Bokato Gold<\/a>, Bokato Cachorro Super Premium es un alimento completo y equilibrado dise\u00f1ado especialmente para los cachorros en crecimiento. Su f\u00f3rmula de alta calidad est\u00e1 elaborada con ingredientes seleccionados cuidadosamente para aportar prote\u00ednas de origen animal, vitaminas, minerales y antioxidantes esenciales, favoreciendo el desarrollo muscular, el fortalecimiento del sistema inmunol\u00f3gico y una digesti\u00f3n \u00f3ptima. Adem\u00e1s, su combinaci\u00f3n de ingredientes ayuda a mantener un pelaje brillante y una piel sana, mientras que su alto contenido de agua contribuye a la hidrataci\u00f3n. Este alimento es ideal para cubrir las necesidades nutricionales de cachorros en etapa de crecimiento, proporcionando la energ\u00eda y nutrientes necesarios para un desarrollo \u00f3ptimo.<\/p>\n<div class=\"lira-content-wrapper\">\n<p>Contiene un complejo vitam\u00ednico enriquecido para perros en etapa de crecimiento y madres lactantes. Tiene Diatomita, que es un excelente antiparasitario natural con prote\u00ednas 27% y extracto et\u00e9reo 12%. Grasa (Extracto Et\u00e9reo): 10%<br \/>\nOmega3 (Ac.Linolenico): 0.68%<br \/>\nOmega 6 (Ac. Linoleico): 3.50%<br \/>\nOmega 9 (Ac. Oleico): 2.50%<br \/>\nVitamina A: 5.600 U.I.<br class=\"yoast-text-mark\" \/>lass=\u00bbyoast-text-mark\u00bb \/&gt;&amp;gt;Vitamina D: 480 U.I.&lt;br class=\u00bbyoast-text-mark\u00bb \/&gt;&gt;Vitamina E: 75 U.I.<br class=\"yoast-text-mark\" \/>\/&gt;&gt;Vitamina K3: 0.64 mg<br \/>\nRiboflavina (B2): 5,04 mg<br \/>\nNiacina: 201.61 mg A.<br \/>\nPantotemico: 17.7 mg<br \/>\nVitamina B12: 30.00 mg<br \/>\nColina: 1847 mg<br \/>\n(B1): 7.91 mg<br \/>\nVitamina B6: 8,62 mg<br \/>\nBiotina: 0.23 mg<br \/>\nFolacina : 0,52 mg<\/p>\n<\/div>\n<p>Encu\u00e9ntralos en formato de 10\u00a0 Kilos.<\/p>\n<p>Para mas novedades de alimentos para tus mascotas nos puedes B\u00fascanos y s\u00edguenos en Instagram como <a href=\"https:\/\/www.instagram.com\/kamaypet\/\">@Kamay Pet.<\/a><\/p>\n","protected":false},"excerpt":{"rendered":"<p><strong>Bokato Cachorro<\/strong>\u00a0es la opci\u00f3n perfecta para asegurar el crecimiento y desarrollo \u00f3ptimo de tu cachorro. Formulado con un 27% de prote\u00edna de alta calidad, este alimento proporciona los nutrientes esenciales necesarios para la formaci\u00f3n de m\u00fasculos fuertes y saludables. Enriquecido con DHA y Omega 3, 6 y 9, Bokato Cachorro apoya el desarrollo cognitivo y visual de los cachorros, mientras que los minerales y vitaminas esenciales fortalecen sus huesos y dientes en crecimiento. Adem\u00e1s, los prebi\u00f3ticos y probi\u00f3ticos incluidos en la f\u00f3rmula mejoran la digesti\u00f3n y refuerzan el sistema inmunol\u00f3gico, asegurando que tu cachorro tenga una base s\u00f3lida para una vida saludable. Con antioxidantes naturales para combatir los radicales libres y Yucca Schidigera para reducir el olor de las heces, Bokato Cachorro es la elecci\u00f3n ideal para brindarle a tu peque\u00f1o amigo una nutrici\u00f3n completa y equilibrada desde sus primeros d\u00edas.<\/p>\n<p>Para mas novedades B\u00fascanos y s\u00edguenos en Instagram como <a href=\"https:\/\/www.instagram.com\/kamaypet\/\">Kamay Pet<\/a><\/p>\n","protected":false},"featured_media":6930,"comment_status":"open","ping_status":"closed","template":"","meta":[],"product_brand":[90],"product_cat":[80,124],"product_tag":[],"class_list":{"0":"post-6949","1":"product","2":"type-product","3":"status-publish","4":"has-post-thumbnail","6":"product_brand-bokato","7":"product_cat-alimento-para-perros","8":"product_cat-perro","10":"first","11":"instock","12":"taxable","13":"shipping-taxable","14":"purchasable","15":"product-type-variable"},"yoast_head":"<!-- This site is optimized with the Yoast SEO plugin v27.3 - https:\/\/yoast.com\/product\/yoast-seo-wordpress\/ -->\n<title>Alimento para Cachorros Bokato super Premium 10 Kilos. - Kamay Pet<\/title>\n<meta name=\"description\" content=\"Proporcione lo mejor a su cachorro con Alimento para perros Bokato Cachorro Super Premium. Su salud y bienestar dependen de \u00e9l, \u00a1compre ahora!\" \/>\n<meta name=\"robots\" content=\"index, follow, max-snippet:-1, max-image-preview:large, max-video-preview:-1\" \/>\n<link rel=\"canonical\" href=\"https:\/\/kamaypet.cl\/kp\/tienda\/producto\/alimento-para-cachorro\/\" \/>\n<meta property=\"og:locale\" content=\"es_ES\" \/>\n<meta property=\"og:type\" content=\"article\" \/>\n<meta property=\"og:title\" content=\"Alimento para Cachorros Bokato super Premium 10 Kilos. - Kamay Pet\" \/>\n<meta property=\"og:description\" content=\"Proporcione lo mejor a su cachorro con Alimento para perros Bokato Cachorro Super Premium. Su salud y bienestar dependen de \u00e9l, \u00a1compre ahora!\" \/>\n<meta property=\"og:url\" content=\"https:\/\/kamaypet.cl\/kp\/tienda\/producto\/alimento-para-cachorro\/\" \/>\n<meta property=\"og:site_name\" content=\"Kamay Pet\" \/>\n<meta property=\"article:publisher\" content=\"https:\/\/web.facebook.com\/profile.php?id=61579391820374&amp;locale=es_LA\" \/>\n<meta property=\"article:modified_time\" content=\"2025-12-29T21:10:57+00:00\" \/>\n<meta property=\"og:image\" content=\"https:\/\/kamaypet.cl\/kp\/wp-content\/uploads\/2025\/10\/Bokato-Cachorro-10-Kg.jpg\" \/>\n\t<meta property=\"og:image:width\" content=\"400\" \/>\n\t<meta property=\"og:image:height\" content=\"400\" \/>\n\t<meta property=\"og:image:type\" content=\"image\/jpeg\" \/>\n<meta name=\"twitter:card\" content=\"summary_large_image\" \/>\n<meta name=\"twitter:label1\" content=\"Tiempo de lectura\" \/>\n\t<meta name=\"twitter:data1\" content=\"2 minutos\" \/>\n<script type=\"application\/ld+json\" class=\"yoast-schema-graph\">{\"@context\":\"https:\\\/\\\/schema.org\",\"@graph\":[{\"@type\":\"WebPage\",\"@id\":\"https:\\\/\\\/kamaypet.cl\\\/kp\\\/tienda\\\/producto\\\/alimento-para-cachorro\\\/\",\"url\":\"https:\\\/\\\/kamaypet.cl\\\/kp\\\/tienda\\\/producto\\\/alimento-para-cachorro\\\/\",\"name\":\"Alimento para Cachorros Bokato super Premium 10 Kilos. - Kamay Pet\",\"isPartOf\":{\"@id\":\"https:\\\/\\\/kamaypet.cl\\\/kp\\\/#website\"},\"primaryImageOfPage\":{\"@id\":\"https:\\\/\\\/kamaypet.cl\\\/kp\\\/tienda\\\/producto\\\/alimento-para-cachorro\\\/#primaryimage\"},\"image\":{\"@id\":\"https:\\\/\\\/kamaypet.cl\\\/kp\\\/tienda\\\/producto\\\/alimento-para-cachorro\\\/#primaryimage\"},\"thumbnailUrl\":\"https:\\\/\\\/kamaypet.cl\\\/kp\\\/wp-content\\\/uploads\\\/2025\\\/10\\\/Bokato-Cachorro-10-Kg.jpg\",\"datePublished\":\"2025-10-09T21:26:42+00:00\",\"dateModified\":\"2025-12-29T21:10:57+00:00\",\"description\":\"Proporcione lo mejor a su cachorro con Alimento para perros Bokato Cachorro Super Premium. Su salud y bienestar dependen de \u00e9l, \u00a1compre ahora!\",\"breadcrumb\":{\"@id\":\"https:\\\/\\\/kamaypet.cl\\\/kp\\\/tienda\\\/producto\\\/alimento-para-cachorro\\\/#breadcrumb\"},\"inLanguage\":\"es\",\"potentialAction\":[{\"@type\":\"ReadAction\",\"target\":[\"https:\\\/\\\/kamaypet.cl\\\/kp\\\/tienda\\\/producto\\\/alimento-para-cachorro\\\/\"]}]},{\"@type\":\"ImageObject\",\"inLanguage\":\"es\",\"@id\":\"https:\\\/\\\/kamaypet.cl\\\/kp\\\/tienda\\\/producto\\\/alimento-para-cachorro\\\/#primaryimage\",\"url\":\"https:\\\/\\\/kamaypet.cl\\\/kp\\\/wp-content\\\/uploads\\\/2025\\\/10\\\/Bokato-Cachorro-10-Kg.jpg\",\"contentUrl\":\"https:\\\/\\\/kamaypet.cl\\\/kp\\\/wp-content\\\/uploads\\\/2025\\\/10\\\/Bokato-Cachorro-10-Kg.jpg\",\"width\":400,\"height\":400,\"caption\":\"Bokato Cachorro 10Kg\"},{\"@type\":\"BreadcrumbList\",\"@id\":\"https:\\\/\\\/kamaypet.cl\\\/kp\\\/tienda\\\/producto\\\/alimento-para-cachorro\\\/#breadcrumb\",\"itemListElement\":[{\"@type\":\"ListItem\",\"position\":1,\"name\":\"Inicio\",\"item\":\"https:\\\/\\\/kamaypet.cl\\\/kp\\\/\"},{\"@type\":\"ListItem\",\"position\":2,\"name\":\"Tienda\",\"item\":\"https:\\\/\\\/kamaypet.cl\\\/kp\\\/tienda\\\/\"},{\"@type\":\"ListItem\",\"position\":3,\"name\":\"Bokato Cachorro Super Premium\"}]},{\"@type\":\"WebSite\",\"@id\":\"https:\\\/\\\/kamaypet.cl\\\/kp\\\/#website\",\"url\":\"https:\\\/\\\/kamaypet.cl\\\/kp\\\/\",\"name\":\"Kamay Pet\",\"description\":\"Venta al por menor de alimentos e insumos para mascotas\",\"publisher\":{\"@id\":\"https:\\\/\\\/kamaypet.cl\\\/kp\\\/#organization\"},\"alternateName\":\"Kamay\",\"potentialAction\":[{\"@type\":\"SearchAction\",\"target\":{\"@type\":\"EntryPoint\",\"urlTemplate\":\"https:\\\/\\\/kamaypet.cl\\\/kp\\\/?s={search_term_string}\"},\"query-input\":{\"@type\":\"PropertyValueSpecification\",\"valueRequired\":true,\"valueName\":\"search_term_string\"}}],\"inLanguage\":\"es\"},{\"@type\":\"Organization\",\"@id\":\"https:\\\/\\\/kamaypet.cl\\\/kp\\\/#organization\",\"name\":\"Kamay Pet\",\"url\":\"https:\\\/\\\/kamaypet.cl\\\/kp\\\/\",\"logo\":{\"@type\":\"ImageObject\",\"inLanguage\":\"es\",\"@id\":\"https:\\\/\\\/kamaypet.cl\\\/kp\\\/#\\\/schema\\\/logo\\\/image\\\/\",\"url\":\"https:\\\/\\\/kamaypet.cl\\\/kp\\\/wp-content\\\/uploads\\\/2021\\\/10\\\/Logo-Kamay-2-1.png\",\"contentUrl\":\"https:\\\/\\\/kamaypet.cl\\\/kp\\\/wp-content\\\/uploads\\\/2021\\\/10\\\/Logo-Kamay-2-1.png\",\"width\":1964,\"height\":2452,\"caption\":\"Kamay Pet\"},\"image\":{\"@id\":\"https:\\\/\\\/kamaypet.cl\\\/kp\\\/#\\\/schema\\\/logo\\\/image\\\/\"},\"sameAs\":[\"https:\\\/\\\/web.facebook.com\\\/profile.php?id=61579391820374&locale=es_LA\",\"https:\\\/\\\/www.instagram.com\\\/kamaypet\"]}]}<\/script>\n<!-- \/ Yoast SEO plugin. -->","yoast_head_json":{"title":"Alimento para Cachorros Bokato super Premium 10 Kilos. - Kamay Pet","description":"Proporcione lo mejor a su cachorro con Alimento para perros Bokato Cachorro Super Premium. Su salud y bienestar dependen de \u00e9l, \u00a1compre ahora!","robots":{"index":"index","follow":"follow","max-snippet":"max-snippet:-1","max-image-preview":"max-image-preview:large","max-video-preview":"max-video-preview:-1"},"canonical":"https:\/\/kamaypet.cl\/kp\/tienda\/producto\/alimento-para-cachorro\/","og_locale":"es_ES","og_type":"article","og_title":"Alimento para Cachorros Bokato super Premium 10 Kilos. - Kamay Pet","og_description":"Proporcione lo mejor a su cachorro con Alimento para perros Bokato Cachorro Super Premium. Su salud y bienestar dependen de \u00e9l, \u00a1compre ahora!","og_url":"https:\/\/kamaypet.cl\/kp\/tienda\/producto\/alimento-para-cachorro\/","og_site_name":"Kamay Pet","article_publisher":"https:\/\/web.facebook.com\/profile.php?id=61579391820374&locale=es_LA","article_modified_time":"2025-12-29T21:10:57+00:00","og_image":[{"width":400,"height":400,"url":"https:\/\/kamaypet.cl\/kp\/wp-content\/uploads\/2025\/10\/Bokato-Cachorro-10-Kg.jpg","type":"image\/jpeg"}],"twitter_card":"summary_large_image","twitter_misc":{"Tiempo de lectura":"2 minutos"},"schema":{"@context":"https:\/\/schema.org","@graph":[{"@type":"WebPage","@id":"https:\/\/kamaypet.cl\/kp\/tienda\/producto\/alimento-para-cachorro\/","url":"https:\/\/kamaypet.cl\/kp\/tienda\/producto\/alimento-para-cachorro\/","name":"Alimento para Cachorros Bokato super Premium 10 Kilos. - Kamay Pet","isPartOf":{"@id":"https:\/\/kamaypet.cl\/kp\/#website"},"primaryImageOfPage":{"@id":"https:\/\/kamaypet.cl\/kp\/tienda\/producto\/alimento-para-cachorro\/#primaryimage"},"image":{"@id":"https:\/\/kamaypet.cl\/kp\/tienda\/producto\/alimento-para-cachorro\/#primaryimage"},"thumbnailUrl":"https:\/\/kamaypet.cl\/kp\/wp-content\/uploads\/2025\/10\/Bokato-Cachorro-10-Kg.jpg","datePublished":"2025-10-09T21:26:42+00:00","dateModified":"2025-12-29T21:10:57+00:00","description":"Proporcione lo mejor a su cachorro con Alimento para perros Bokato Cachorro Super Premium. Su salud y bienestar dependen de \u00e9l, \u00a1compre ahora!","breadcrumb":{"@id":"https:\/\/kamaypet.cl\/kp\/tienda\/producto\/alimento-para-cachorro\/#breadcrumb"},"inLanguage":"es","potentialAction":[{"@type":"ReadAction","target":["https:\/\/kamaypet.cl\/kp\/tienda\/producto\/alimento-para-cachorro\/"]}]},{"@type":"ImageObject","inLanguage":"es","@id":"https:\/\/kamaypet.cl\/kp\/tienda\/producto\/alimento-para-cachorro\/#primaryimage","url":"https:\/\/kamaypet.cl\/kp\/wp-content\/uploads\/2025\/10\/Bokato-Cachorro-10-Kg.jpg","contentUrl":"https:\/\/kamaypet.cl\/kp\/wp-content\/uploads\/2025\/10\/Bokato-Cachorro-10-Kg.jpg","width":400,"height":400,"caption":"Bokato Cachorro 10Kg"},{"@type":"BreadcrumbList","@id":"https:\/\/kamaypet.cl\/kp\/tienda\/producto\/alimento-para-cachorro\/#breadcrumb","itemListElement":[{"@type":"ListItem","position":1,"name":"Inicio","item":"https:\/\/kamaypet.cl\/kp\/"},{"@type":"ListItem","position":2,"name":"Tienda","item":"https:\/\/kamaypet.cl\/kp\/tienda\/"},{"@type":"ListItem","position":3,"name":"Bokato Cachorro Super Premium"}]},{"@type":"WebSite","@id":"https:\/\/kamaypet.cl\/kp\/#website","url":"https:\/\/kamaypet.cl\/kp\/","name":"Kamay Pet","description":"Venta al por menor de alimentos e insumos para mascotas","publisher":{"@id":"https:\/\/kamaypet.cl\/kp\/#organization"},"alternateName":"Kamay","potentialAction":[{"@type":"SearchAction","target":{"@type":"EntryPoint","urlTemplate":"https:\/\/kamaypet.cl\/kp\/?s={search_term_string}"},"query-input":{"@type":"PropertyValueSpecification","valueRequired":true,"valueName":"search_term_string"}}],"inLanguage":"es"},{"@type":"Organization","@id":"https:\/\/kamaypet.cl\/kp\/#organization","name":"Kamay Pet","url":"https:\/\/kamaypet.cl\/kp\/","logo":{"@type":"ImageObject","inLanguage":"es","@id":"https:\/\/kamaypet.cl\/kp\/#\/schema\/logo\/image\/","url":"https:\/\/kamaypet.cl\/kp\/wp-content\/uploads\/2021\/10\/Logo-Kamay-2-1.png","contentUrl":"https:\/\/kamaypet.cl\/kp\/wp-content\/uploads\/2021\/10\/Logo-Kamay-2-1.png","width":1964,"height":2452,"caption":"Kamay Pet"},"image":{"@id":"https:\/\/kamaypet.cl\/kp\/#\/schema\/logo\/image\/"},"sameAs":["https:\/\/web.facebook.com\/profile.php?id=61579391820374&locale=es_LA","https:\/\/www.instagram.com\/kamaypet"]}]}},"_links":{"self":[{"href":"https:\/\/kamaypet.cl\/kp\/wp-json\/wp\/v2\/product\/6949","targetHints":{"allow":["GET"]}}],"collection":[{"href":"https:\/\/kamaypet.cl\/kp\/wp-json\/wp\/v2\/product"}],"about":[{"href":"https:\/\/kamaypet.cl\/kp\/wp-json\/wp\/v2\/types\/product"}],"replies":[{"embeddable":true,"href":"https:\/\/kamaypet.cl\/kp\/wp-json\/wp\/v2\/comments?post=6949"}],"version-history":[{"count":4,"href":"https:\/\/kamaypet.cl\/kp\/wp-json\/wp\/v2\/product\/6949\/revisions"}],"predecessor-version":[{"id":7064,"href":"https:\/\/kamaypet.cl\/kp\/wp-json\/wp\/v2\/product\/6949\/revisions\/7064"}],"wp:featuredmedia":[{"embeddable":true,"href":"https:\/\/kamaypet.cl\/kp\/wp-json\/wp\/v2\/media\/6930"}],"wp:attachment":[{"href":"https:\/\/kamaypet.cl\/kp\/wp-json\/wp\/v2\/media?parent=6949"}],"wp:term":[{"taxonomy":"product_brand","embeddable":true,"href":"https:\/\/kamaypet.cl\/kp\/wp-json\/wp\/v2\/product_brand?post=6949"},{"taxonomy":"product_cat","embeddable":true,"href":"https:\/\/kamaypet.cl\/kp\/wp-json\/wp\/v2\/product_cat?post=6949"},{"taxonomy":"product_tag","embeddable":true,"href":"https:\/\/kamaypet.cl\/kp\/wp-json\/wp\/v2\/product_tag?post=6949"}],"curies":[{"name":"wp","href":"https:\/\/api.w.org\/{rel}","templated":true}]}}