{"id":6956,"date":"2025-10-14T19:45:56","date_gmt":"2025-10-14T19:45:56","guid":{"rendered":"https:\/\/kamaypet.cl\/kp\/?post_type=product&#038;p=6956"},"modified":"2025-12-29T21:12:37","modified_gmt":"2025-12-29T21:12:37","slug":"alimento-para-perritas-bokato","status":"publish","type":"product","link":"https:\/\/kamaypet.cl\/kp\/tienda\/producto\/alimento-para-perritas-bokato\/","title":{"rendered":"Bokato Lady Super Premium"},"content":{"rendered":"<p>Igual que <a href=\"https:\/\/kamaypet.cl\/kp\/tienda\/producto\/alimento-para-perro-bokato-gold-20-kg\/\">Bokato Gold<\/a>, el mejor\u00a0<strong>alimento<\/strong>\u00a0especialmente creado para\u00a0<strong>perritas tanto esterilizadas como fe\u0301rtiles<\/strong>, para todas las razas.<\/p>\n<p><strong>Contiene 28% de protei\u0301na de carne, siendo un 90% de ella de origen animal.<\/strong><\/p>\n<p><strong>Disminuye la tendencia a engordar en perritas esterilizadas<\/strong>. Contiene Lignanos de origen vegetal, los que\u00a0<strong>controlan la falta de estro\u0301geno y progesterona<\/strong>\u00a0en animales esterilizados.<\/p>\n<p>Retarda la acci\u00f3n del SC S\u00edndrome del climaterio. Reduce los riesgos de enfermedades cardiovasculares, c\u00e1ncer mamario, c\u00e1ncer de colon y diabetes tipo 2 . Cuenta con \u00e1cidos org\u00e1nicos para bajar el PH en zonas intinas, previniendo las infecciones endometriales y del tracto urinario. Posee prebi\u00f3ticos y probi\u00f3ticos. Tambi\u00e9n proporciona fibras vegetales especializadas que estimulan el crecimiento de bacterias sabas en el intestino, adem\u00e1s de sulfato de glucosamina y condroitina para controlar los problemas articulares.<\/p>\n<p>Grasa (Extracto Et\u00e9reo): 14%<br \/>\nOmega 3 (Ac.Linolenico): 0.9%<br \/>\nOmega 6 (Ac.Linoleico): 3.67%<br \/>\nOmega 9 (Ac. Oleico): 3.17%<\/p>\n<p>Prote\u00edna Bruta: 28%<br \/>\nArginina 1.56%<br \/>\nHistidina 0.47%<br \/>\nIsoleucina: 1.28%<br \/>\nLisina: 1.51%<br \/>\nMetionina + Cist.: 0.83%<br \/>\nFenilalanina:1.29%<br \/>\nTreonina: 1.25%<br \/>\nTriptofano: 0.19%<br \/>\nValina: 1.28%<\/p>\n<p>Encu\u00e9ntralos en formato de 10\u00a0 Kilos.<\/p>\n<p>Para mas novedades de alimentos para tus mascotas nos puedes B\u00fascanos y s\u00edguenos en Instagram como <a href=\"https:\/\/www.instagram.com\/kamaypet\/\">@Kamay Pet.<\/a><\/p>\n","protected":false},"excerpt":{"rendered":"<p>El mejor alimento para perritas tanto esterilizadas como f\u00e9rtiles, para todas las razas. Contiene 28% de prote\u00edna de carne, siendo un 90% de ella de origen animal. Disminuye la tendencia a engordar en perritas esterilizadas.<\/p>\n<p>Para mas novedades B\u00fascanos y s\u00edguenos en Instagram como <a href=\"https:\/\/www.instagram.com\/kamaypet\/\">Kamay Pet<\/a><\/p>\n","protected":false},"featured_media":6933,"comment_status":"open","ping_status":"closed","template":"","meta":[],"product_brand":[90],"product_cat":[80,124],"product_tag":[],"class_list":{"0":"post-6956","1":"product","2":"type-product","3":"status-publish","4":"has-post-thumbnail","6":"product_brand-bokato","7":"product_cat-alimento-para-perros","8":"product_cat-perro","10":"first","11":"instock","12":"taxable","13":"shipping-taxable","14":"purchasable","15":"product-type-variable"},"yoast_head":"<!-- This site is optimized with the Yoast SEO plugin v27.3 - https:\/\/yoast.com\/product\/yoast-seo-wordpress\/ -->\n<title>Alimento para perritas Bokato super Premium 10 Kilos. - Kamay Pet<\/title>\n<meta name=\"description\" content=\"Proporcione lo mejor a su perrita con Alimento para perros Bokato Lady Super Premium. Su salud y bienestar dependen de \u00e9l, \u00a1compre ahora!\" \/>\n<meta name=\"robots\" content=\"index, follow, max-snippet:-1, max-image-preview:large, max-video-preview:-1\" \/>\n<link rel=\"canonical\" href=\"https:\/\/kamaypet.cl\/kp\/tienda\/producto\/alimento-para-perritas-bokato\/\" \/>\n<meta property=\"og:locale\" content=\"es_ES\" \/>\n<meta property=\"og:type\" content=\"article\" \/>\n<meta property=\"og:title\" content=\"Alimento para perritas Bokato super Premium 10 Kilos. - Kamay Pet\" \/>\n<meta property=\"og:description\" content=\"Proporcione lo mejor a su perrita con Alimento para perros Bokato Lady Super Premium. Su salud y bienestar dependen de \u00e9l, \u00a1compre ahora!\" \/>\n<meta property=\"og:url\" content=\"https:\/\/kamaypet.cl\/kp\/tienda\/producto\/alimento-para-perritas-bokato\/\" \/>\n<meta property=\"og:site_name\" content=\"Kamay Pet\" \/>\n<meta property=\"article:publisher\" content=\"https:\/\/web.facebook.com\/profile.php?id=61579391820374&amp;locale=es_LA\" \/>\n<meta property=\"article:modified_time\" content=\"2025-12-29T21:12:37+00:00\" \/>\n<meta property=\"og:image\" content=\"https:\/\/kamaypet.cl\/kp\/wp-content\/uploads\/2025\/10\/Bokato-Lady-Bolsa-10-kg.jpg\" \/>\n\t<meta property=\"og:image:width\" content=\"951\" \/>\n\t<meta property=\"og:image:height\" content=\"951\" \/>\n\t<meta property=\"og:image:type\" content=\"image\/jpeg\" \/>\n<meta name=\"twitter:card\" content=\"summary_large_image\" \/>\n<meta name=\"twitter:label1\" content=\"Tiempo de lectura\" \/>\n\t<meta name=\"twitter:data1\" content=\"2 minutos\" \/>\n<script type=\"application\/ld+json\" class=\"yoast-schema-graph\">{\"@context\":\"https:\\\/\\\/schema.org\",\"@graph\":[{\"@type\":\"WebPage\",\"@id\":\"https:\\\/\\\/kamaypet.cl\\\/kp\\\/tienda\\\/producto\\\/alimento-para-perritas-bokato\\\/\",\"url\":\"https:\\\/\\\/kamaypet.cl\\\/kp\\\/tienda\\\/producto\\\/alimento-para-perritas-bokato\\\/\",\"name\":\"Alimento para perritas Bokato super Premium 10 Kilos. - Kamay Pet\",\"isPartOf\":{\"@id\":\"https:\\\/\\\/kamaypet.cl\\\/kp\\\/#website\"},\"primaryImageOfPage\":{\"@id\":\"https:\\\/\\\/kamaypet.cl\\\/kp\\\/tienda\\\/producto\\\/alimento-para-perritas-bokato\\\/#primaryimage\"},\"image\":{\"@id\":\"https:\\\/\\\/kamaypet.cl\\\/kp\\\/tienda\\\/producto\\\/alimento-para-perritas-bokato\\\/#primaryimage\"},\"thumbnailUrl\":\"https:\\\/\\\/kamaypet.cl\\\/kp\\\/wp-content\\\/uploads\\\/2025\\\/10\\\/Bokato-Lady-Bolsa-10-kg.jpg\",\"datePublished\":\"2025-10-14T19:45:56+00:00\",\"dateModified\":\"2025-12-29T21:12:37+00:00\",\"description\":\"Proporcione lo mejor a su perrita con Alimento para perros Bokato Lady Super Premium. Su salud y bienestar dependen de \u00e9l, \u00a1compre ahora!\",\"breadcrumb\":{\"@id\":\"https:\\\/\\\/kamaypet.cl\\\/kp\\\/tienda\\\/producto\\\/alimento-para-perritas-bokato\\\/#breadcrumb\"},\"inLanguage\":\"es\",\"potentialAction\":[{\"@type\":\"ReadAction\",\"target\":[\"https:\\\/\\\/kamaypet.cl\\\/kp\\\/tienda\\\/producto\\\/alimento-para-perritas-bokato\\\/\"]}]},{\"@type\":\"ImageObject\",\"inLanguage\":\"es\",\"@id\":\"https:\\\/\\\/kamaypet.cl\\\/kp\\\/tienda\\\/producto\\\/alimento-para-perritas-bokato\\\/#primaryimage\",\"url\":\"https:\\\/\\\/kamaypet.cl\\\/kp\\\/wp-content\\\/uploads\\\/2025\\\/10\\\/Bokato-Lady-Bolsa-10-kg.jpg\",\"contentUrl\":\"https:\\\/\\\/kamaypet.cl\\\/kp\\\/wp-content\\\/uploads\\\/2025\\\/10\\\/Bokato-Lady-Bolsa-10-kg.jpg\",\"width\":951,\"height\":951,\"caption\":\"Bokato Lady 10kg\"},{\"@type\":\"BreadcrumbList\",\"@id\":\"https:\\\/\\\/kamaypet.cl\\\/kp\\\/tienda\\\/producto\\\/alimento-para-perritas-bokato\\\/#breadcrumb\",\"itemListElement\":[{\"@type\":\"ListItem\",\"position\":1,\"name\":\"Inicio\",\"item\":\"https:\\\/\\\/kamaypet.cl\\\/kp\\\/\"},{\"@type\":\"ListItem\",\"position\":2,\"name\":\"Tienda\",\"item\":\"https:\\\/\\\/kamaypet.cl\\\/kp\\\/tienda\\\/\"},{\"@type\":\"ListItem\",\"position\":3,\"name\":\"Bokato Lady Super Premium\"}]},{\"@type\":\"WebSite\",\"@id\":\"https:\\\/\\\/kamaypet.cl\\\/kp\\\/#website\",\"url\":\"https:\\\/\\\/kamaypet.cl\\\/kp\\\/\",\"name\":\"Kamay Pet\",\"description\":\"Venta al por menor de alimentos e insumos para mascotas\",\"publisher\":{\"@id\":\"https:\\\/\\\/kamaypet.cl\\\/kp\\\/#organization\"},\"alternateName\":\"Kamay\",\"potentialAction\":[{\"@type\":\"SearchAction\",\"target\":{\"@type\":\"EntryPoint\",\"urlTemplate\":\"https:\\\/\\\/kamaypet.cl\\\/kp\\\/?s={search_term_string}\"},\"query-input\":{\"@type\":\"PropertyValueSpecification\",\"valueRequired\":true,\"valueName\":\"search_term_string\"}}],\"inLanguage\":\"es\"},{\"@type\":\"Organization\",\"@id\":\"https:\\\/\\\/kamaypet.cl\\\/kp\\\/#organization\",\"name\":\"Kamay Pet\",\"url\":\"https:\\\/\\\/kamaypet.cl\\\/kp\\\/\",\"logo\":{\"@type\":\"ImageObject\",\"inLanguage\":\"es\",\"@id\":\"https:\\\/\\\/kamaypet.cl\\\/kp\\\/#\\\/schema\\\/logo\\\/image\\\/\",\"url\":\"https:\\\/\\\/kamaypet.cl\\\/kp\\\/wp-content\\\/uploads\\\/2021\\\/10\\\/Logo-Kamay-2-1.png\",\"contentUrl\":\"https:\\\/\\\/kamaypet.cl\\\/kp\\\/wp-content\\\/uploads\\\/2021\\\/10\\\/Logo-Kamay-2-1.png\",\"width\":1964,\"height\":2452,\"caption\":\"Kamay Pet\"},\"image\":{\"@id\":\"https:\\\/\\\/kamaypet.cl\\\/kp\\\/#\\\/schema\\\/logo\\\/image\\\/\"},\"sameAs\":[\"https:\\\/\\\/web.facebook.com\\\/profile.php?id=61579391820374&locale=es_LA\",\"https:\\\/\\\/www.instagram.com\\\/kamaypet\"]}]}<\/script>\n<!-- \/ Yoast SEO plugin. -->","yoast_head_json":{"title":"Alimento para perritas Bokato super Premium 10 Kilos. - Kamay Pet","description":"Proporcione lo mejor a su perrita con Alimento para perros Bokato Lady Super Premium. Su salud y bienestar dependen de \u00e9l, \u00a1compre ahora!","robots":{"index":"index","follow":"follow","max-snippet":"max-snippet:-1","max-image-preview":"max-image-preview:large","max-video-preview":"max-video-preview:-1"},"canonical":"https:\/\/kamaypet.cl\/kp\/tienda\/producto\/alimento-para-perritas-bokato\/","og_locale":"es_ES","og_type":"article","og_title":"Alimento para perritas Bokato super Premium 10 Kilos. - Kamay Pet","og_description":"Proporcione lo mejor a su perrita con Alimento para perros Bokato Lady Super Premium. Su salud y bienestar dependen de \u00e9l, \u00a1compre ahora!","og_url":"https:\/\/kamaypet.cl\/kp\/tienda\/producto\/alimento-para-perritas-bokato\/","og_site_name":"Kamay Pet","article_publisher":"https:\/\/web.facebook.com\/profile.php?id=61579391820374&locale=es_LA","article_modified_time":"2025-12-29T21:12:37+00:00","og_image":[{"width":951,"height":951,"url":"https:\/\/kamaypet.cl\/kp\/wp-content\/uploads\/2025\/10\/Bokato-Lady-Bolsa-10-kg.jpg","type":"image\/jpeg"}],"twitter_card":"summary_large_image","twitter_misc":{"Tiempo de lectura":"2 minutos"},"schema":{"@context":"https:\/\/schema.org","@graph":[{"@type":"WebPage","@id":"https:\/\/kamaypet.cl\/kp\/tienda\/producto\/alimento-para-perritas-bokato\/","url":"https:\/\/kamaypet.cl\/kp\/tienda\/producto\/alimento-para-perritas-bokato\/","name":"Alimento para perritas Bokato super Premium 10 Kilos. - Kamay Pet","isPartOf":{"@id":"https:\/\/kamaypet.cl\/kp\/#website"},"primaryImageOfPage":{"@id":"https:\/\/kamaypet.cl\/kp\/tienda\/producto\/alimento-para-perritas-bokato\/#primaryimage"},"image":{"@id":"https:\/\/kamaypet.cl\/kp\/tienda\/producto\/alimento-para-perritas-bokato\/#primaryimage"},"thumbnailUrl":"https:\/\/kamaypet.cl\/kp\/wp-content\/uploads\/2025\/10\/Bokato-Lady-Bolsa-10-kg.jpg","datePublished":"2025-10-14T19:45:56+00:00","dateModified":"2025-12-29T21:12:37+00:00","description":"Proporcione lo mejor a su perrita con Alimento para perros Bokato Lady Super Premium. Su salud y bienestar dependen de \u00e9l, \u00a1compre ahora!","breadcrumb":{"@id":"https:\/\/kamaypet.cl\/kp\/tienda\/producto\/alimento-para-perritas-bokato\/#breadcrumb"},"inLanguage":"es","potentialAction":[{"@type":"ReadAction","target":["https:\/\/kamaypet.cl\/kp\/tienda\/producto\/alimento-para-perritas-bokato\/"]}]},{"@type":"ImageObject","inLanguage":"es","@id":"https:\/\/kamaypet.cl\/kp\/tienda\/producto\/alimento-para-perritas-bokato\/#primaryimage","url":"https:\/\/kamaypet.cl\/kp\/wp-content\/uploads\/2025\/10\/Bokato-Lady-Bolsa-10-kg.jpg","contentUrl":"https:\/\/kamaypet.cl\/kp\/wp-content\/uploads\/2025\/10\/Bokato-Lady-Bolsa-10-kg.jpg","width":951,"height":951,"caption":"Bokato Lady 10kg"},{"@type":"BreadcrumbList","@id":"https:\/\/kamaypet.cl\/kp\/tienda\/producto\/alimento-para-perritas-bokato\/#breadcrumb","itemListElement":[{"@type":"ListItem","position":1,"name":"Inicio","item":"https:\/\/kamaypet.cl\/kp\/"},{"@type":"ListItem","position":2,"name":"Tienda","item":"https:\/\/kamaypet.cl\/kp\/tienda\/"},{"@type":"ListItem","position":3,"name":"Bokato Lady Super Premium"}]},{"@type":"WebSite","@id":"https:\/\/kamaypet.cl\/kp\/#website","url":"https:\/\/kamaypet.cl\/kp\/","name":"Kamay Pet","description":"Venta al por menor de alimentos e insumos para mascotas","publisher":{"@id":"https:\/\/kamaypet.cl\/kp\/#organization"},"alternateName":"Kamay","potentialAction":[{"@type":"SearchAction","target":{"@type":"EntryPoint","urlTemplate":"https:\/\/kamaypet.cl\/kp\/?s={search_term_string}"},"query-input":{"@type":"PropertyValueSpecification","valueRequired":true,"valueName":"search_term_string"}}],"inLanguage":"es"},{"@type":"Organization","@id":"https:\/\/kamaypet.cl\/kp\/#organization","name":"Kamay Pet","url":"https:\/\/kamaypet.cl\/kp\/","logo":{"@type":"ImageObject","inLanguage":"es","@id":"https:\/\/kamaypet.cl\/kp\/#\/schema\/logo\/image\/","url":"https:\/\/kamaypet.cl\/kp\/wp-content\/uploads\/2021\/10\/Logo-Kamay-2-1.png","contentUrl":"https:\/\/kamaypet.cl\/kp\/wp-content\/uploads\/2021\/10\/Logo-Kamay-2-1.png","width":1964,"height":2452,"caption":"Kamay Pet"},"image":{"@id":"https:\/\/kamaypet.cl\/kp\/#\/schema\/logo\/image\/"},"sameAs":["https:\/\/web.facebook.com\/profile.php?id=61579391820374&locale=es_LA","https:\/\/www.instagram.com\/kamaypet"]}]}},"_links":{"self":[{"href":"https:\/\/kamaypet.cl\/kp\/wp-json\/wp\/v2\/product\/6956","targetHints":{"allow":["GET"]}}],"collection":[{"href":"https:\/\/kamaypet.cl\/kp\/wp-json\/wp\/v2\/product"}],"about":[{"href":"https:\/\/kamaypet.cl\/kp\/wp-json\/wp\/v2\/types\/product"}],"replies":[{"embeddable":true,"href":"https:\/\/kamaypet.cl\/kp\/wp-json\/wp\/v2\/comments?post=6956"}],"version-history":[{"count":1,"href":"https:\/\/kamaypet.cl\/kp\/wp-json\/wp\/v2\/product\/6956\/revisions"}],"predecessor-version":[{"id":6959,"href":"https:\/\/kamaypet.cl\/kp\/wp-json\/wp\/v2\/product\/6956\/revisions\/6959"}],"wp:featuredmedia":[{"embeddable":true,"href":"https:\/\/kamaypet.cl\/kp\/wp-json\/wp\/v2\/media\/6933"}],"wp:attachment":[{"href":"https:\/\/kamaypet.cl\/kp\/wp-json\/wp\/v2\/media?parent=6956"}],"wp:term":[{"taxonomy":"product_brand","embeddable":true,"href":"https:\/\/kamaypet.cl\/kp\/wp-json\/wp\/v2\/product_brand?post=6956"},{"taxonomy":"product_cat","embeddable":true,"href":"https:\/\/kamaypet.cl\/kp\/wp-json\/wp\/v2\/product_cat?post=6956"},{"taxonomy":"product_tag","embeddable":true,"href":"https:\/\/kamaypet.cl\/kp\/wp-json\/wp\/v2\/product_tag?post=6956"}],"curies":[{"name":"wp","href":"https:\/\/api.w.org\/{rel}","templated":true}]}}