{"id":6998,"date":"2025-12-20T18:04:27","date_gmt":"2025-12-20T18:04:27","guid":{"rendered":"https:\/\/kamaypet.cl\/kp\/?post_type=product&#038;p=6998"},"modified":"2026-03-08T16:31:08","modified_gmt":"2026-03-08T16:31:08","slug":"poema-alimento-cachorro-razas-medianas-y-pequenas-salmon","status":"publish","type":"product","link":"https:\/\/kamaypet.cl\/kp\/tienda\/producto\/poema-alimento-cachorro-razas-medianas-y-pequenas-salmon\/","title":{"rendered":"Poema Cachorro Raza Mediana y Peque\u00f1a Salm\u00f3n"},"content":{"rendered":"<p>Producto desarrollado para perros cachorros; uno de sus ingredientes principales es el hidrolizado de salm\u00f3n, proveniente desde la zona sur del pa\u00eds, el que contribuye de manera importante en la nutrici\u00f3n de su mascota y asegura una alta palatabilidad, una alta digestibilidad y una alta biodisponibilidad de prote\u00ednas garantizando la \u00f3ptima salud de tu mascota.<\/p>\n<ul>\n<li>82% Prote\u00ednas de Origen Animal.<\/li>\n<li>Digestibilidad Proteica 96%.<\/li>\n<li>Hidrolizado de Salm\u00f3n: Gran Desarrollo Muscular y Excelente Digestibilidad.<\/li>\n<li>Salm\u00f3n Entero: Para alta Digestibilidad y Palatabilidad.<\/li>\n<li>No contiene ma\u00edz, Trigo o Soya.<\/li>\n<li>Preservantes y Antioxidantes Naturales.<\/li>\n<li>Extracto de Quillay y Yucca Schidigera: Para disminuir el olor de las heces.<\/li>\n<\/ul>\n<p>Encu\u00e9ntralos en formato de 3 y 12\u00a0 Kilos.<\/p>\n<p>Para mas novedades de alimentos para tus mascotas nos puedes B\u00fascanos y s\u00edguenos en Instagram como <a href=\"https:\/\/www.instagram.com\/kamaypet\/\">@Kamay Pet.<\/a><\/p>\n","protected":false},"excerpt":{"rendered":"<p>Producto hipoalerg\u00e9nico desarrollado para cachorros de 1 a 12 meses, recomendado para Razas Medianas y Razas Peque\u00f1as. El ingrediente principal es hidrolizado de salm\u00f3n, proveniente desde el sur del pa\u00eds, el que contribuye de manera importante en la nutrici\u00f3n de su mascota y asegura una alta palatabilidad, una alta digestibilidad y una alta biodisponibilidad de prote\u00ednas garantizando la \u00f3ptima salud de tu mascota. Adicionalmente, todos sus ingredientes han sido cuidadosamente seleccionados para lograr una f\u00f3rmula balanceada que le entrega justo lo que tu mascota necesita para tener m\u00fasculos sanos, huesos fuertes, pelaje brillante y un aliento sano.<\/p>\n<p>Para mas novedades B\u00fascanos y s\u00edguenos en Instagram como <a href=\"https:\/\/www.instagram.com\/kamaypet\/\">Kamay Pet<\/a><\/p>\n","protected":false},"featured_media":7003,"comment_status":"open","ping_status":"closed","template":"","meta":[],"product_brand":[128],"product_cat":[80,124],"product_tag":[],"class_list":{"0":"post-6998","1":"product","2":"type-product","3":"status-publish","4":"has-post-thumbnail","6":"product_brand-poema","7":"product_cat-alimento-para-perros","8":"product_cat-perro","10":"first","11":"instock","12":"taxable","13":"shipping-taxable","14":"purchasable","15":"product-type-variable"},"yoast_head":"<!-- This site is optimized with the Yoast SEO plugin v27.3 - https:\/\/yoast.com\/product\/yoast-seo-wordpress\/ -->\n<title>Alimento para cachorro salmon 12 kilos. - Kamay Pet<\/title>\n<meta name=\"description\" content=\"Proporcione lo mejor a su peque\u00f1o cachorro con Alimento para perros Poema Super Premium. Su salud y bienestar dependen de \u00e9l, \u00a1compre ahora!\" \/>\n<meta name=\"robots\" content=\"index, follow, max-snippet:-1, max-image-preview:large, max-video-preview:-1\" \/>\n<link rel=\"canonical\" href=\"https:\/\/kamaypet.cl\/kp\/tienda\/producto\/poema-alimento-cachorro-razas-medianas-y-pequenas-salmon\/\" \/>\n<meta property=\"og:locale\" content=\"es_ES\" \/>\n<meta property=\"og:type\" content=\"article\" \/>\n<meta property=\"og:title\" content=\"Alimento para cachorro salmon 12 kilos. - Kamay Pet\" \/>\n<meta property=\"og:description\" content=\"Proporcione lo mejor a su peque\u00f1o cachorro con Alimento para perros Poema Super Premium. Su salud y bienestar dependen de \u00e9l, \u00a1compre ahora!\" \/>\n<meta property=\"og:url\" content=\"https:\/\/kamaypet.cl\/kp\/tienda\/producto\/poema-alimento-cachorro-razas-medianas-y-pequenas-salmon\/\" \/>\n<meta property=\"og:site_name\" content=\"Kamay Pet\" \/>\n<meta property=\"article:publisher\" content=\"https:\/\/web.facebook.com\/profile.php?id=61579391820374&amp;locale=es_LA\" \/>\n<meta property=\"article:modified_time\" content=\"2026-03-08T16:31:08+00:00\" \/>\n<meta property=\"og:image\" content=\"https:\/\/kamaypet.cl\/kp\/wp-content\/uploads\/2025\/12\/Poema-Alimento-Cachorro-Razas-Medianas-y-Pequenas-Salmon-12kg.jpg\" \/>\n\t<meta property=\"og:image:width\" content=\"800\" \/>\n\t<meta property=\"og:image:height\" content=\"800\" \/>\n\t<meta property=\"og:image:type\" content=\"image\/jpeg\" \/>\n<meta name=\"twitter:card\" content=\"summary_large_image\" \/>\n<meta name=\"twitter:label1\" content=\"Tiempo de lectura\" \/>\n\t<meta name=\"twitter:data1\" content=\"1 minuto\" \/>\n<script type=\"application\/ld+json\" class=\"yoast-schema-graph\">{\"@context\":\"https:\\\/\\\/schema.org\",\"@graph\":[{\"@type\":\"WebPage\",\"@id\":\"https:\\\/\\\/kamaypet.cl\\\/kp\\\/tienda\\\/producto\\\/poema-alimento-cachorro-razas-medianas-y-pequenas-salmon\\\/\",\"url\":\"https:\\\/\\\/kamaypet.cl\\\/kp\\\/tienda\\\/producto\\\/poema-alimento-cachorro-razas-medianas-y-pequenas-salmon\\\/\",\"name\":\"Alimento para cachorro salmon 12 kilos. - Kamay Pet\",\"isPartOf\":{\"@id\":\"https:\\\/\\\/kamaypet.cl\\\/kp\\\/#website\"},\"primaryImageOfPage\":{\"@id\":\"https:\\\/\\\/kamaypet.cl\\\/kp\\\/tienda\\\/producto\\\/poema-alimento-cachorro-razas-medianas-y-pequenas-salmon\\\/#primaryimage\"},\"image\":{\"@id\":\"https:\\\/\\\/kamaypet.cl\\\/kp\\\/tienda\\\/producto\\\/poema-alimento-cachorro-razas-medianas-y-pequenas-salmon\\\/#primaryimage\"},\"thumbnailUrl\":\"https:\\\/\\\/kamaypet.cl\\\/kp\\\/wp-content\\\/uploads\\\/2025\\\/12\\\/Poema-Alimento-Cachorro-Razas-Medianas-y-Pequenas-Salmon-12kg.jpg\",\"datePublished\":\"2025-12-20T18:04:27+00:00\",\"dateModified\":\"2026-03-08T16:31:08+00:00\",\"description\":\"Proporcione lo mejor a su peque\u00f1o cachorro con Alimento para perros Poema Super Premium. Su salud y bienestar dependen de \u00e9l, \u00a1compre ahora!\",\"breadcrumb\":{\"@id\":\"https:\\\/\\\/kamaypet.cl\\\/kp\\\/tienda\\\/producto\\\/poema-alimento-cachorro-razas-medianas-y-pequenas-salmon\\\/#breadcrumb\"},\"inLanguage\":\"es\",\"potentialAction\":[{\"@type\":\"ReadAction\",\"target\":[\"https:\\\/\\\/kamaypet.cl\\\/kp\\\/tienda\\\/producto\\\/poema-alimento-cachorro-razas-medianas-y-pequenas-salmon\\\/\"]}]},{\"@type\":\"ImageObject\",\"inLanguage\":\"es\",\"@id\":\"https:\\\/\\\/kamaypet.cl\\\/kp\\\/tienda\\\/producto\\\/poema-alimento-cachorro-razas-medianas-y-pequenas-salmon\\\/#primaryimage\",\"url\":\"https:\\\/\\\/kamaypet.cl\\\/kp\\\/wp-content\\\/uploads\\\/2025\\\/12\\\/Poema-Alimento-Cachorro-Razas-Medianas-y-Pequenas-Salmon-12kg.jpg\",\"contentUrl\":\"https:\\\/\\\/kamaypet.cl\\\/kp\\\/wp-content\\\/uploads\\\/2025\\\/12\\\/Poema-Alimento-Cachorro-Razas-Medianas-y-Pequenas-Salmon-12kg.jpg\",\"width\":800,\"height\":800,\"caption\":\"Poema cachorro salmon 12 kilos\"},{\"@type\":\"BreadcrumbList\",\"@id\":\"https:\\\/\\\/kamaypet.cl\\\/kp\\\/tienda\\\/producto\\\/poema-alimento-cachorro-razas-medianas-y-pequenas-salmon\\\/#breadcrumb\",\"itemListElement\":[{\"@type\":\"ListItem\",\"position\":1,\"name\":\"Inicio\",\"item\":\"https:\\\/\\\/kamaypet.cl\\\/kp\\\/\"},{\"@type\":\"ListItem\",\"position\":2,\"name\":\"Tienda\",\"item\":\"https:\\\/\\\/kamaypet.cl\\\/kp\\\/tienda\\\/\"},{\"@type\":\"ListItem\",\"position\":3,\"name\":\"Poema Cachorro Raza Mediana y Peque\u00f1a Salm\u00f3n\"}]},{\"@type\":\"WebSite\",\"@id\":\"https:\\\/\\\/kamaypet.cl\\\/kp\\\/#website\",\"url\":\"https:\\\/\\\/kamaypet.cl\\\/kp\\\/\",\"name\":\"Kamay Pet\",\"description\":\"Venta al por menor de alimentos e insumos para mascotas\",\"publisher\":{\"@id\":\"https:\\\/\\\/kamaypet.cl\\\/kp\\\/#organization\"},\"alternateName\":\"Kamay\",\"potentialAction\":[{\"@type\":\"SearchAction\",\"target\":{\"@type\":\"EntryPoint\",\"urlTemplate\":\"https:\\\/\\\/kamaypet.cl\\\/kp\\\/?s={search_term_string}\"},\"query-input\":{\"@type\":\"PropertyValueSpecification\",\"valueRequired\":true,\"valueName\":\"search_term_string\"}}],\"inLanguage\":\"es\"},{\"@type\":\"Organization\",\"@id\":\"https:\\\/\\\/kamaypet.cl\\\/kp\\\/#organization\",\"name\":\"Kamay Pet\",\"url\":\"https:\\\/\\\/kamaypet.cl\\\/kp\\\/\",\"logo\":{\"@type\":\"ImageObject\",\"inLanguage\":\"es\",\"@id\":\"https:\\\/\\\/kamaypet.cl\\\/kp\\\/#\\\/schema\\\/logo\\\/image\\\/\",\"url\":\"https:\\\/\\\/kamaypet.cl\\\/kp\\\/wp-content\\\/uploads\\\/2021\\\/10\\\/Logo-Kamay-2-1.png\",\"contentUrl\":\"https:\\\/\\\/kamaypet.cl\\\/kp\\\/wp-content\\\/uploads\\\/2021\\\/10\\\/Logo-Kamay-2-1.png\",\"width\":1964,\"height\":2452,\"caption\":\"Kamay Pet\"},\"image\":{\"@id\":\"https:\\\/\\\/kamaypet.cl\\\/kp\\\/#\\\/schema\\\/logo\\\/image\\\/\"},\"sameAs\":[\"https:\\\/\\\/web.facebook.com\\\/profile.php?id=61579391820374&locale=es_LA\",\"https:\\\/\\\/www.instagram.com\\\/kamaypet\"]}]}<\/script>\n<!-- \/ Yoast SEO plugin. -->","yoast_head_json":{"title":"Alimento para cachorro salmon 12 kilos. - Kamay Pet","description":"Proporcione lo mejor a su peque\u00f1o cachorro con Alimento para perros Poema Super Premium. Su salud y bienestar dependen de \u00e9l, \u00a1compre ahora!","robots":{"index":"index","follow":"follow","max-snippet":"max-snippet:-1","max-image-preview":"max-image-preview:large","max-video-preview":"max-video-preview:-1"},"canonical":"https:\/\/kamaypet.cl\/kp\/tienda\/producto\/poema-alimento-cachorro-razas-medianas-y-pequenas-salmon\/","og_locale":"es_ES","og_type":"article","og_title":"Alimento para cachorro salmon 12 kilos. - Kamay Pet","og_description":"Proporcione lo mejor a su peque\u00f1o cachorro con Alimento para perros Poema Super Premium. Su salud y bienestar dependen de \u00e9l, \u00a1compre ahora!","og_url":"https:\/\/kamaypet.cl\/kp\/tienda\/producto\/poema-alimento-cachorro-razas-medianas-y-pequenas-salmon\/","og_site_name":"Kamay Pet","article_publisher":"https:\/\/web.facebook.com\/profile.php?id=61579391820374&locale=es_LA","article_modified_time":"2026-03-08T16:31:08+00:00","og_image":[{"width":800,"height":800,"url":"https:\/\/kamaypet.cl\/kp\/wp-content\/uploads\/2025\/12\/Poema-Alimento-Cachorro-Razas-Medianas-y-Pequenas-Salmon-12kg.jpg","type":"image\/jpeg"}],"twitter_card":"summary_large_image","twitter_misc":{"Tiempo de lectura":"1 minuto"},"schema":{"@context":"https:\/\/schema.org","@graph":[{"@type":"WebPage","@id":"https:\/\/kamaypet.cl\/kp\/tienda\/producto\/poema-alimento-cachorro-razas-medianas-y-pequenas-salmon\/","url":"https:\/\/kamaypet.cl\/kp\/tienda\/producto\/poema-alimento-cachorro-razas-medianas-y-pequenas-salmon\/","name":"Alimento para cachorro salmon 12 kilos. - Kamay Pet","isPartOf":{"@id":"https:\/\/kamaypet.cl\/kp\/#website"},"primaryImageOfPage":{"@id":"https:\/\/kamaypet.cl\/kp\/tienda\/producto\/poema-alimento-cachorro-razas-medianas-y-pequenas-salmon\/#primaryimage"},"image":{"@id":"https:\/\/kamaypet.cl\/kp\/tienda\/producto\/poema-alimento-cachorro-razas-medianas-y-pequenas-salmon\/#primaryimage"},"thumbnailUrl":"https:\/\/kamaypet.cl\/kp\/wp-content\/uploads\/2025\/12\/Poema-Alimento-Cachorro-Razas-Medianas-y-Pequenas-Salmon-12kg.jpg","datePublished":"2025-12-20T18:04:27+00:00","dateModified":"2026-03-08T16:31:08+00:00","description":"Proporcione lo mejor a su peque\u00f1o cachorro con Alimento para perros Poema Super Premium. Su salud y bienestar dependen de \u00e9l, \u00a1compre ahora!","breadcrumb":{"@id":"https:\/\/kamaypet.cl\/kp\/tienda\/producto\/poema-alimento-cachorro-razas-medianas-y-pequenas-salmon\/#breadcrumb"},"inLanguage":"es","potentialAction":[{"@type":"ReadAction","target":["https:\/\/kamaypet.cl\/kp\/tienda\/producto\/poema-alimento-cachorro-razas-medianas-y-pequenas-salmon\/"]}]},{"@type":"ImageObject","inLanguage":"es","@id":"https:\/\/kamaypet.cl\/kp\/tienda\/producto\/poema-alimento-cachorro-razas-medianas-y-pequenas-salmon\/#primaryimage","url":"https:\/\/kamaypet.cl\/kp\/wp-content\/uploads\/2025\/12\/Poema-Alimento-Cachorro-Razas-Medianas-y-Pequenas-Salmon-12kg.jpg","contentUrl":"https:\/\/kamaypet.cl\/kp\/wp-content\/uploads\/2025\/12\/Poema-Alimento-Cachorro-Razas-Medianas-y-Pequenas-Salmon-12kg.jpg","width":800,"height":800,"caption":"Poema cachorro salmon 12 kilos"},{"@type":"BreadcrumbList","@id":"https:\/\/kamaypet.cl\/kp\/tienda\/producto\/poema-alimento-cachorro-razas-medianas-y-pequenas-salmon\/#breadcrumb","itemListElement":[{"@type":"ListItem","position":1,"name":"Inicio","item":"https:\/\/kamaypet.cl\/kp\/"},{"@type":"ListItem","position":2,"name":"Tienda","item":"https:\/\/kamaypet.cl\/kp\/tienda\/"},{"@type":"ListItem","position":3,"name":"Poema Cachorro Raza Mediana y Peque\u00f1a Salm\u00f3n"}]},{"@type":"WebSite","@id":"https:\/\/kamaypet.cl\/kp\/#website","url":"https:\/\/kamaypet.cl\/kp\/","name":"Kamay Pet","description":"Venta al por menor de alimentos e insumos para mascotas","publisher":{"@id":"https:\/\/kamaypet.cl\/kp\/#organization"},"alternateName":"Kamay","potentialAction":[{"@type":"SearchAction","target":{"@type":"EntryPoint","urlTemplate":"https:\/\/kamaypet.cl\/kp\/?s={search_term_string}"},"query-input":{"@type":"PropertyValueSpecification","valueRequired":true,"valueName":"search_term_string"}}],"inLanguage":"es"},{"@type":"Organization","@id":"https:\/\/kamaypet.cl\/kp\/#organization","name":"Kamay Pet","url":"https:\/\/kamaypet.cl\/kp\/","logo":{"@type":"ImageObject","inLanguage":"es","@id":"https:\/\/kamaypet.cl\/kp\/#\/schema\/logo\/image\/","url":"https:\/\/kamaypet.cl\/kp\/wp-content\/uploads\/2021\/10\/Logo-Kamay-2-1.png","contentUrl":"https:\/\/kamaypet.cl\/kp\/wp-content\/uploads\/2021\/10\/Logo-Kamay-2-1.png","width":1964,"height":2452,"caption":"Kamay Pet"},"image":{"@id":"https:\/\/kamaypet.cl\/kp\/#\/schema\/logo\/image\/"},"sameAs":["https:\/\/web.facebook.com\/profile.php?id=61579391820374&locale=es_LA","https:\/\/www.instagram.com\/kamaypet"]}]}},"_links":{"self":[{"href":"https:\/\/kamaypet.cl\/kp\/wp-json\/wp\/v2\/product\/6998","targetHints":{"allow":["GET"]}}],"collection":[{"href":"https:\/\/kamaypet.cl\/kp\/wp-json\/wp\/v2\/product"}],"about":[{"href":"https:\/\/kamaypet.cl\/kp\/wp-json\/wp\/v2\/types\/product"}],"replies":[{"embeddable":true,"href":"https:\/\/kamaypet.cl\/kp\/wp-json\/wp\/v2\/comments?post=6998"}],"version-history":[{"count":3,"href":"https:\/\/kamaypet.cl\/kp\/wp-json\/wp\/v2\/product\/6998\/revisions"}],"predecessor-version":[{"id":7019,"href":"https:\/\/kamaypet.cl\/kp\/wp-json\/wp\/v2\/product\/6998\/revisions\/7019"}],"wp:featuredmedia":[{"embeddable":true,"href":"https:\/\/kamaypet.cl\/kp\/wp-json\/wp\/v2\/media\/7003"}],"wp:attachment":[{"href":"https:\/\/kamaypet.cl\/kp\/wp-json\/wp\/v2\/media?parent=6998"}],"wp:term":[{"taxonomy":"product_brand","embeddable":true,"href":"https:\/\/kamaypet.cl\/kp\/wp-json\/wp\/v2\/product_brand?post=6998"},{"taxonomy":"product_cat","embeddable":true,"href":"https:\/\/kamaypet.cl\/kp\/wp-json\/wp\/v2\/product_cat?post=6998"},{"taxonomy":"product_tag","embeddable":true,"href":"https:\/\/kamaypet.cl\/kp\/wp-json\/wp\/v2\/product_tag?post=6998"}],"curies":[{"name":"wp","href":"https:\/\/api.w.org\/{rel}","templated":true}]}}