{"id":7011,"date":"2025-12-20T19:21:25","date_gmt":"2025-12-20T19:21:25","guid":{"rendered":"https:\/\/kamaypet.cl\/kp\/?post_type=product&#038;p=7011"},"modified":"2026-03-08T16:30:07","modified_gmt":"2026-03-08T16:30:07","slug":"poema-alimento-cachorro-razas-medianas-y-pequenas-pollo","status":"publish","type":"product","link":"https:\/\/kamaypet.cl\/kp\/tienda\/producto\/poema-alimento-cachorro-razas-medianas-y-pequenas-pollo\/","title":{"rendered":"Poema Cachorro Razas Medianas y Peque\u00f1as Pollo"},"content":{"rendered":"<p>Producto desarrollado para cachorros de 1 a 12 meses, recomendado para Razas Medianas y Razas Peque\u00f1as. Uno de sus ingredientes principales es el hidrolizado de pollo, proveniente desde la zona central del pa\u00eds, el que contribuye de manera importante en la nutrici\u00f3n de su mascota y asegura una alta palatabilidad, una alta digestibilidad y una alta biodisponibilidad de prote\u00ednas garantizando la \u00f3ptima salud de tu mascota. Adicionalmente, todos sus ingredientes han sido cuidadosamente seleccionados para lograr una f\u00f3rmula balanceada que le entrega justo lo que tu mascota necesita para tener m\u00fasculos sanos, huesos fuertes, pelaje brillante y un aliento sano.<\/p>\n<ul>\n<li>82% Prote\u00ednas de Origen Animal.<\/li>\n<li>Digestibilidad Proteica 95%.<\/li>\n<li>Hidrolizado de Pollo: Gran Desarrollo Muscular y Excelente Digestibilidad.<\/li>\n<li>Pollo Entero: Para alta Digestibilidad y Palatabilidad.<\/li>\n<li>No contiene ma\u00edz, Trigo o Soya.<\/li>\n<li>Preservantes y Antioxidantes Naturales.<\/li>\n<li>Extracto de Quillay y Yucca Schidigera: Para disminuir el olor de las heces.<\/li>\n<\/ul>\n<p>Encu\u00e9ntralos en formato de 3 y 12\u00a0 Kilos.<\/p>\n<p>Para mas novedades de alimentos para tus mascotas nos puedes B\u00fascanos y s\u00edguenos en Instagram como <a href=\"https:\/\/www.instagram.com\/kamaypet\/\">@Kamay Pet.<\/a><\/p>\n","protected":false},"excerpt":{"rendered":"<p>Hidrolizado de pollo, harina de subproductos de pollo, harina de arroz, hidrolizado de salm\u00f3n, avena, aceite estabilizado de pollo, almid\u00f3n de mandioca, saccharomyces cerevisie (fuente de fructo-oligosac\u00e1ridos y manano-oligosac\u00e1ridos), salvado de arroz, aceite de salm\u00f3n y de sardinas, linaza, cloruro de potasio, cloruro de sodio, vitamina A, vitamina D, vitamina E, vitamina K, tiamina, riboflavina, \u00e1cido pantot\u00e9nico, niacina, vitamina B6, biotina, \u00e1cido f\u00f3lico, vitamina B12, cloruro de colina, hierro, sulfato de manganeso, cobre, cobalto, zinc, yodo, selenio, cloruro de colina, extracto de yuca schidigera y quillay, vitamina C, saborizante natural, extracto de romero y tocoferoles mixtos.<\/p>\n<p>Para mas novedades de alimentos para tus mascotas nos puedes B\u00fascanos y s\u00edguenos en Instagram como <a href=\"https:\/\/www.instagram.com\/kamaypet\/\">@Kamay Pet.<\/a><\/p>\n<p>&nbsp;<\/p>\n","protected":false},"featured_media":7097,"comment_status":"open","ping_status":"closed","template":"","meta":[],"product_brand":[128],"product_cat":[80,124],"product_tag":[],"class_list":{"0":"post-7011","1":"product","2":"type-product","3":"status-publish","4":"has-post-thumbnail","6":"product_brand-poema","7":"product_cat-alimento-para-perros","8":"product_cat-perro","10":"first","11":"instock","12":"taxable","13":"shipping-taxable","14":"purchasable","15":"product-type-variable"},"yoast_head":"<!-- This site is optimized with the Yoast SEO plugin v27.3 - https:\/\/yoast.com\/product\/yoast-seo-wordpress\/ -->\n<title>Alimento para cachorros de pollo 12 Kilos. - Kamay Pet<\/title>\n<meta name=\"description\" content=\"Proporcione lo mejor a su peque\u00f1o cachorro con Alimento para perros Poema Super Premium. Su salud y bienestar dependen de \u00e9l, \u00a1compre ahora!\" \/>\n<meta name=\"robots\" content=\"index, follow, max-snippet:-1, max-image-preview:large, max-video-preview:-1\" \/>\n<link rel=\"canonical\" href=\"https:\/\/kamaypet.cl\/kp\/tienda\/producto\/poema-alimento-cachorro-razas-medianas-y-pequenas-pollo\/\" \/>\n<meta property=\"og:locale\" content=\"es_ES\" \/>\n<meta property=\"og:type\" content=\"article\" \/>\n<meta property=\"og:title\" content=\"Alimento para cachorros de pollo 12 Kilos. - Kamay Pet\" \/>\n<meta property=\"og:description\" content=\"Proporcione lo mejor a su peque\u00f1o cachorro con Alimento para perros Poema Super Premium. Su salud y bienestar dependen de \u00e9l, \u00a1compre ahora!\" \/>\n<meta property=\"og:url\" content=\"https:\/\/kamaypet.cl\/kp\/tienda\/producto\/poema-alimento-cachorro-razas-medianas-y-pequenas-pollo\/\" \/>\n<meta property=\"og:site_name\" content=\"Kamay Pet\" \/>\n<meta property=\"article:publisher\" content=\"https:\/\/web.facebook.com\/profile.php?id=61579391820374&amp;locale=es_LA\" \/>\n<meta property=\"article:modified_time\" content=\"2026-03-08T16:30:07+00:00\" \/>\n<meta property=\"og:image\" content=\"https:\/\/kamaypet.cl\/kp\/wp-content\/uploads\/2025\/12\/Poema-Alimento-Cachorro-Razas-Medianas-y-Pequenas-Pollo-12kg-1.jpg\" \/>\n\t<meta property=\"og:image:width\" content=\"800\" \/>\n\t<meta property=\"og:image:height\" content=\"800\" \/>\n\t<meta property=\"og:image:type\" content=\"image\/jpeg\" \/>\n<meta name=\"twitter:card\" content=\"summary_large_image\" \/>\n<meta name=\"twitter:label1\" content=\"Tiempo de lectura\" \/>\n\t<meta name=\"twitter:data1\" content=\"1 minuto\" \/>\n<script type=\"application\/ld+json\" class=\"yoast-schema-graph\">{\"@context\":\"https:\\\/\\\/schema.org\",\"@graph\":[{\"@type\":\"WebPage\",\"@id\":\"https:\\\/\\\/kamaypet.cl\\\/kp\\\/tienda\\\/producto\\\/poema-alimento-cachorro-razas-medianas-y-pequenas-pollo\\\/\",\"url\":\"https:\\\/\\\/kamaypet.cl\\\/kp\\\/tienda\\\/producto\\\/poema-alimento-cachorro-razas-medianas-y-pequenas-pollo\\\/\",\"name\":\"Alimento para cachorros de pollo 12 Kilos. - Kamay Pet\",\"isPartOf\":{\"@id\":\"https:\\\/\\\/kamaypet.cl\\\/kp\\\/#website\"},\"primaryImageOfPage\":{\"@id\":\"https:\\\/\\\/kamaypet.cl\\\/kp\\\/tienda\\\/producto\\\/poema-alimento-cachorro-razas-medianas-y-pequenas-pollo\\\/#primaryimage\"},\"image\":{\"@id\":\"https:\\\/\\\/kamaypet.cl\\\/kp\\\/tienda\\\/producto\\\/poema-alimento-cachorro-razas-medianas-y-pequenas-pollo\\\/#primaryimage\"},\"thumbnailUrl\":\"https:\\\/\\\/kamaypet.cl\\\/kp\\\/wp-content\\\/uploads\\\/2025\\\/12\\\/Poema-Alimento-Cachorro-Razas-Medianas-y-Pequenas-Pollo-12kg-1.jpg\",\"datePublished\":\"2025-12-20T19:21:25+00:00\",\"dateModified\":\"2026-03-08T16:30:07+00:00\",\"description\":\"Proporcione lo mejor a su peque\u00f1o cachorro con Alimento para perros Poema Super Premium. Su salud y bienestar dependen de \u00e9l, \u00a1compre ahora!\",\"breadcrumb\":{\"@id\":\"https:\\\/\\\/kamaypet.cl\\\/kp\\\/tienda\\\/producto\\\/poema-alimento-cachorro-razas-medianas-y-pequenas-pollo\\\/#breadcrumb\"},\"inLanguage\":\"es\",\"potentialAction\":[{\"@type\":\"ReadAction\",\"target\":[\"https:\\\/\\\/kamaypet.cl\\\/kp\\\/tienda\\\/producto\\\/poema-alimento-cachorro-razas-medianas-y-pequenas-pollo\\\/\"]}]},{\"@type\":\"ImageObject\",\"inLanguage\":\"es\",\"@id\":\"https:\\\/\\\/kamaypet.cl\\\/kp\\\/tienda\\\/producto\\\/poema-alimento-cachorro-razas-medianas-y-pequenas-pollo\\\/#primaryimage\",\"url\":\"https:\\\/\\\/kamaypet.cl\\\/kp\\\/wp-content\\\/uploads\\\/2025\\\/12\\\/Poema-Alimento-Cachorro-Razas-Medianas-y-Pequenas-Pollo-12kg-1.jpg\",\"contentUrl\":\"https:\\\/\\\/kamaypet.cl\\\/kp\\\/wp-content\\\/uploads\\\/2025\\\/12\\\/Poema-Alimento-Cachorro-Razas-Medianas-y-Pequenas-Pollo-12kg-1.jpg\",\"width\":800,\"height\":800,\"caption\":\"Poema - Alimento Cachorro Razas Medianas y Peque\u00f1as Pollo 12kg\"},{\"@type\":\"BreadcrumbList\",\"@id\":\"https:\\\/\\\/kamaypet.cl\\\/kp\\\/tienda\\\/producto\\\/poema-alimento-cachorro-razas-medianas-y-pequenas-pollo\\\/#breadcrumb\",\"itemListElement\":[{\"@type\":\"ListItem\",\"position\":1,\"name\":\"Inicio\",\"item\":\"https:\\\/\\\/kamaypet.cl\\\/kp\\\/\"},{\"@type\":\"ListItem\",\"position\":2,\"name\":\"Tienda\",\"item\":\"https:\\\/\\\/kamaypet.cl\\\/kp\\\/tienda\\\/\"},{\"@type\":\"ListItem\",\"position\":3,\"name\":\"Poema Cachorro Razas Medianas y Peque\u00f1as Pollo\"}]},{\"@type\":\"WebSite\",\"@id\":\"https:\\\/\\\/kamaypet.cl\\\/kp\\\/#website\",\"url\":\"https:\\\/\\\/kamaypet.cl\\\/kp\\\/\",\"name\":\"Kamay Pet\",\"description\":\"Venta al por menor de alimentos e insumos para mascotas\",\"publisher\":{\"@id\":\"https:\\\/\\\/kamaypet.cl\\\/kp\\\/#organization\"},\"alternateName\":\"Kamay\",\"potentialAction\":[{\"@type\":\"SearchAction\",\"target\":{\"@type\":\"EntryPoint\",\"urlTemplate\":\"https:\\\/\\\/kamaypet.cl\\\/kp\\\/?s={search_term_string}\"},\"query-input\":{\"@type\":\"PropertyValueSpecification\",\"valueRequired\":true,\"valueName\":\"search_term_string\"}}],\"inLanguage\":\"es\"},{\"@type\":\"Organization\",\"@id\":\"https:\\\/\\\/kamaypet.cl\\\/kp\\\/#organization\",\"name\":\"Kamay Pet\",\"url\":\"https:\\\/\\\/kamaypet.cl\\\/kp\\\/\",\"logo\":{\"@type\":\"ImageObject\",\"inLanguage\":\"es\",\"@id\":\"https:\\\/\\\/kamaypet.cl\\\/kp\\\/#\\\/schema\\\/logo\\\/image\\\/\",\"url\":\"https:\\\/\\\/kamaypet.cl\\\/kp\\\/wp-content\\\/uploads\\\/2021\\\/10\\\/Logo-Kamay-2-1.png\",\"contentUrl\":\"https:\\\/\\\/kamaypet.cl\\\/kp\\\/wp-content\\\/uploads\\\/2021\\\/10\\\/Logo-Kamay-2-1.png\",\"width\":1964,\"height\":2452,\"caption\":\"Kamay Pet\"},\"image\":{\"@id\":\"https:\\\/\\\/kamaypet.cl\\\/kp\\\/#\\\/schema\\\/logo\\\/image\\\/\"},\"sameAs\":[\"https:\\\/\\\/web.facebook.com\\\/profile.php?id=61579391820374&locale=es_LA\",\"https:\\\/\\\/www.instagram.com\\\/kamaypet\"]}]}<\/script>\n<!-- \/ Yoast SEO plugin. -->","yoast_head_json":{"title":"Alimento para cachorros de pollo 12 Kilos. - Kamay Pet","description":"Proporcione lo mejor a su peque\u00f1o cachorro con Alimento para perros Poema Super Premium. Su salud y bienestar dependen de \u00e9l, \u00a1compre ahora!","robots":{"index":"index","follow":"follow","max-snippet":"max-snippet:-1","max-image-preview":"max-image-preview:large","max-video-preview":"max-video-preview:-1"},"canonical":"https:\/\/kamaypet.cl\/kp\/tienda\/producto\/poema-alimento-cachorro-razas-medianas-y-pequenas-pollo\/","og_locale":"es_ES","og_type":"article","og_title":"Alimento para cachorros de pollo 12 Kilos. - Kamay Pet","og_description":"Proporcione lo mejor a su peque\u00f1o cachorro con Alimento para perros Poema Super Premium. Su salud y bienestar dependen de \u00e9l, \u00a1compre ahora!","og_url":"https:\/\/kamaypet.cl\/kp\/tienda\/producto\/poema-alimento-cachorro-razas-medianas-y-pequenas-pollo\/","og_site_name":"Kamay Pet","article_publisher":"https:\/\/web.facebook.com\/profile.php?id=61579391820374&locale=es_LA","article_modified_time":"2026-03-08T16:30:07+00:00","og_image":[{"width":800,"height":800,"url":"https:\/\/kamaypet.cl\/kp\/wp-content\/uploads\/2025\/12\/Poema-Alimento-Cachorro-Razas-Medianas-y-Pequenas-Pollo-12kg-1.jpg","type":"image\/jpeg"}],"twitter_card":"summary_large_image","twitter_misc":{"Tiempo de lectura":"1 minuto"},"schema":{"@context":"https:\/\/schema.org","@graph":[{"@type":"WebPage","@id":"https:\/\/kamaypet.cl\/kp\/tienda\/producto\/poema-alimento-cachorro-razas-medianas-y-pequenas-pollo\/","url":"https:\/\/kamaypet.cl\/kp\/tienda\/producto\/poema-alimento-cachorro-razas-medianas-y-pequenas-pollo\/","name":"Alimento para cachorros de pollo 12 Kilos. - Kamay Pet","isPartOf":{"@id":"https:\/\/kamaypet.cl\/kp\/#website"},"primaryImageOfPage":{"@id":"https:\/\/kamaypet.cl\/kp\/tienda\/producto\/poema-alimento-cachorro-razas-medianas-y-pequenas-pollo\/#primaryimage"},"image":{"@id":"https:\/\/kamaypet.cl\/kp\/tienda\/producto\/poema-alimento-cachorro-razas-medianas-y-pequenas-pollo\/#primaryimage"},"thumbnailUrl":"https:\/\/kamaypet.cl\/kp\/wp-content\/uploads\/2025\/12\/Poema-Alimento-Cachorro-Razas-Medianas-y-Pequenas-Pollo-12kg-1.jpg","datePublished":"2025-12-20T19:21:25+00:00","dateModified":"2026-03-08T16:30:07+00:00","description":"Proporcione lo mejor a su peque\u00f1o cachorro con Alimento para perros Poema Super Premium. Su salud y bienestar dependen de \u00e9l, \u00a1compre ahora!","breadcrumb":{"@id":"https:\/\/kamaypet.cl\/kp\/tienda\/producto\/poema-alimento-cachorro-razas-medianas-y-pequenas-pollo\/#breadcrumb"},"inLanguage":"es","potentialAction":[{"@type":"ReadAction","target":["https:\/\/kamaypet.cl\/kp\/tienda\/producto\/poema-alimento-cachorro-razas-medianas-y-pequenas-pollo\/"]}]},{"@type":"ImageObject","inLanguage":"es","@id":"https:\/\/kamaypet.cl\/kp\/tienda\/producto\/poema-alimento-cachorro-razas-medianas-y-pequenas-pollo\/#primaryimage","url":"https:\/\/kamaypet.cl\/kp\/wp-content\/uploads\/2025\/12\/Poema-Alimento-Cachorro-Razas-Medianas-y-Pequenas-Pollo-12kg-1.jpg","contentUrl":"https:\/\/kamaypet.cl\/kp\/wp-content\/uploads\/2025\/12\/Poema-Alimento-Cachorro-Razas-Medianas-y-Pequenas-Pollo-12kg-1.jpg","width":800,"height":800,"caption":"Poema - Alimento Cachorro Razas Medianas y Peque\u00f1as Pollo 12kg"},{"@type":"BreadcrumbList","@id":"https:\/\/kamaypet.cl\/kp\/tienda\/producto\/poema-alimento-cachorro-razas-medianas-y-pequenas-pollo\/#breadcrumb","itemListElement":[{"@type":"ListItem","position":1,"name":"Inicio","item":"https:\/\/kamaypet.cl\/kp\/"},{"@type":"ListItem","position":2,"name":"Tienda","item":"https:\/\/kamaypet.cl\/kp\/tienda\/"},{"@type":"ListItem","position":3,"name":"Poema Cachorro Razas Medianas y Peque\u00f1as Pollo"}]},{"@type":"WebSite","@id":"https:\/\/kamaypet.cl\/kp\/#website","url":"https:\/\/kamaypet.cl\/kp\/","name":"Kamay Pet","description":"Venta al por menor de alimentos e insumos para mascotas","publisher":{"@id":"https:\/\/kamaypet.cl\/kp\/#organization"},"alternateName":"Kamay","potentialAction":[{"@type":"SearchAction","target":{"@type":"EntryPoint","urlTemplate":"https:\/\/kamaypet.cl\/kp\/?s={search_term_string}"},"query-input":{"@type":"PropertyValueSpecification","valueRequired":true,"valueName":"search_term_string"}}],"inLanguage":"es"},{"@type":"Organization","@id":"https:\/\/kamaypet.cl\/kp\/#organization","name":"Kamay Pet","url":"https:\/\/kamaypet.cl\/kp\/","logo":{"@type":"ImageObject","inLanguage":"es","@id":"https:\/\/kamaypet.cl\/kp\/#\/schema\/logo\/image\/","url":"https:\/\/kamaypet.cl\/kp\/wp-content\/uploads\/2021\/10\/Logo-Kamay-2-1.png","contentUrl":"https:\/\/kamaypet.cl\/kp\/wp-content\/uploads\/2021\/10\/Logo-Kamay-2-1.png","width":1964,"height":2452,"caption":"Kamay Pet"},"image":{"@id":"https:\/\/kamaypet.cl\/kp\/#\/schema\/logo\/image\/"},"sameAs":["https:\/\/web.facebook.com\/profile.php?id=61579391820374&locale=es_LA","https:\/\/www.instagram.com\/kamaypet"]}]}},"_links":{"self":[{"href":"https:\/\/kamaypet.cl\/kp\/wp-json\/wp\/v2\/product\/7011","targetHints":{"allow":["GET"]}}],"collection":[{"href":"https:\/\/kamaypet.cl\/kp\/wp-json\/wp\/v2\/product"}],"about":[{"href":"https:\/\/kamaypet.cl\/kp\/wp-json\/wp\/v2\/types\/product"}],"replies":[{"embeddable":true,"href":"https:\/\/kamaypet.cl\/kp\/wp-json\/wp\/v2\/comments?post=7011"}],"version-history":[{"count":4,"href":"https:\/\/kamaypet.cl\/kp\/wp-json\/wp\/v2\/product\/7011\/revisions"}],"predecessor-version":[{"id":7099,"href":"https:\/\/kamaypet.cl\/kp\/wp-json\/wp\/v2\/product\/7011\/revisions\/7099"}],"wp:featuredmedia":[{"embeddable":true,"href":"https:\/\/kamaypet.cl\/kp\/wp-json\/wp\/v2\/media\/7097"}],"wp:attachment":[{"href":"https:\/\/kamaypet.cl\/kp\/wp-json\/wp\/v2\/media?parent=7011"}],"wp:term":[{"taxonomy":"product_brand","embeddable":true,"href":"https:\/\/kamaypet.cl\/kp\/wp-json\/wp\/v2\/product_brand?post=7011"},{"taxonomy":"product_cat","embeddable":true,"href":"https:\/\/kamaypet.cl\/kp\/wp-json\/wp\/v2\/product_cat?post=7011"},{"taxonomy":"product_tag","embeddable":true,"href":"https:\/\/kamaypet.cl\/kp\/wp-json\/wp\/v2\/product_tag?post=7011"}],"curies":[{"name":"wp","href":"https:\/\/api.w.org\/{rel}","templated":true}]}}