{"id":7058,"date":"2025-12-29T20:42:31","date_gmt":"2025-12-29T20:42:31","guid":{"rendered":"https:\/\/kamaypet.cl\/kp\/?post_type=product&#038;p=7058"},"modified":"2025-12-29T21:11:50","modified_gmt":"2025-12-29T21:11:50","slug":"bokato-petit-super-premium","status":"publish","type":"product","link":"https:\/\/kamaypet.cl\/kp\/tienda\/producto\/bokato-petit-super-premium\/","title":{"rendered":"Bokato Petit Super Premium"},"content":{"rendered":"<p>Este alimento premium proporciona a tu mascota prote\u00ednas de alta digestibilidad para asegurar su \u00f3ptimo crecimiento, desarrollo muscular y un pelaje fuerte y brillante. Con un 27% de prote\u00edna de carne, de las cuales el 85% es de origen animal, garantiza una fuente de energ\u00eda de alta calidad. Adem\u00e1s, incluye plasma sangu\u00edneo, una fuente natural de inmunoglobulinas, que refuerza el sistema inmunol\u00f3gico de tu perro. Perfecto para perros con mordida peque\u00f1a, este alimento est\u00e1 formulado para satisfacer todas las necesidades nutricionales de tu mascota, asegurando una salud y vitalidad inigualables.<\/p>\n<div class=\"lira-content-wrapper\">\n<p>Contiene un complejo vitam\u00ednico enriquecido. Tiene Diatomita, que es un excelente antiparasitario natural con :<\/p>\n<ul>\n<li>Prote\u00edna Bruta: 27%<\/li>\n<li>Arginina: 1.85%<\/li>\n<li>Histidina: 0.72%<\/li>\n<li>Isoleucina: 0.87%<\/li>\n<li>Leucina: 2.10%<\/li>\n<li>Lisina: 1.49%<\/li>\n<li>Metionina + Cist.: 0.83%<\/li>\n<li>Fenilalalina: 1.39%<\/li>\n<li>Treonina: 1%<\/li>\n<li>Tiptofano: 0.23%<\/li>\n<li>Valina: 1.19%<\/li>\n<li><span class=\"text-600\">Grasa (Extracto Et\u00e9reo): 13%<\/span><\/li>\n<li><span class=\"text-600\">Omega3 (Ac.Linolenico): 0.70%<\/span><\/li>\n<li><span class=\"text-600\">Omega 6 (Ac. Linoleico): 3.60%<\/span><\/li>\n<li><span class=\"text-600\">Omega 9 (Ac. Oleico): 2.75%<\/span><\/li>\n<li>Vitamina A: 5.600 U.I.<\/li>\n<li>Vitamina D: 480 U.I.<\/li>\n<li>Vitamina E: 75 U.I.<\/li>\n<li>Vitamina K3: 0.64 mg<\/li>\n<li>Riboflavina (B2): 5.21 mg<\/li>\n<li>Niacina: 202.50 mg<\/li>\n<li>A. Pantotemico: 17.70 mg<\/li>\n<li>Vitamina B12: 0.14 mg<\/li>\n<li>Colina: 1975 mg<\/li>\n<li>Tiamina(B1): 8.09 mg<\/li>\n<li>Vitamina B6: 7.19 mg<\/li>\n<li>Biotina: 0.23 mg<\/li>\n<li>Folacina: 0.52 mg<\/li>\n<\/ul>\n<p>&nbsp;<\/p>\n<\/div>\n<p>Encu\u00e9ntralos en formato de 2 y 10\u00a0 Kilos.<\/p>\n<p>Para mas novedades de alimentos para tus mascotas nos puedes B\u00fascanos y s\u00edguenos en Instagram como <a href=\"https:\/\/www.instagram.com\/kamaypet\/\">@Kamay Pet.<\/a><\/p>\n","protected":false},"excerpt":{"rendered":"<p>Bokato Petit, formulado especialmente para\u00a0razas peque\u00f1as, croqueta acorde a su tama\u00f1o. Otorga a las mascotas\u00a0prote\u00ednas\u00a0de alta digestibilidad para su \u00f3ptimo crecimiento, desarrollo muscular y un\u00a0pelaje fuerte y brillante.<\/p>\n<p>Contiene\u00a027%\u00a0de prote\u00edna de carne, siendo un 85% de ella de origen animal.<\/p>\n<p>Incluye plasma sangu\u00edneo, fuente natural de inmunoglobulinas.<\/p>\n<p>Ingredientes:\u00a0Carne de ave y cerdo, ma\u00edz de grano molido, arroz de grano molido, aceite de ave, salvado de<br \/>\narroz, coseta de remolacha, plasma sangu\u00edneo deshidratado en spray, hidrolizado en base a h\u00edgado,blend marino de omega 3, 6, 9 con EPA y DHA, L-Carnitina, diatomita, Maqui deshidratado,Betaglucanos, MOS, fibra natural, Yucca schidigera, Quillaja saponina, Glucosamina y Condroitina,C\u00farcuma, Piperina, vitaminas A, D3, E, K3, B1, B2, B6, B12, Biotina y Niacina (B3), Colina,<br \/>\nminerales org\u00e1nicos, \u00e1cidos org\u00e1nicos, Se++ como bioselenio. Alimento seg\u00fan requerimientos basados<br \/>\nen las tablas del N.R.C., AAFCO. de Norteam\u00e9rica.<\/p>\n<p>Para mas novedades B\u00fascanos y s\u00edguenos en Instagram como <a href=\"https:\/\/www.instagram.com\/kamaypet\/\">Kamay Pet<\/a><\/p>\n","protected":false},"featured_media":6934,"comment_status":"open","ping_status":"closed","template":"","meta":[],"product_brand":[90],"product_cat":[80,124],"product_tag":[],"class_list":{"0":"post-7058","1":"product","2":"type-product","3":"status-publish","4":"has-post-thumbnail","6":"product_brand-bokato","7":"product_cat-alimento-para-perros","8":"product_cat-perro","10":"first","11":"instock","12":"taxable","13":"shipping-taxable","14":"purchasable","15":"product-type-variable"},"yoast_head":"<!-- This site is optimized with the Yoast SEO plugin v27.3 - https:\/\/yoast.com\/product\/yoast-seo-wordpress\/ -->\n<title>Alimento para Cachorros Bokato super Premium 10 Kilos. - Kamay Pet<\/title>\n<meta name=\"description\" content=\"Proporcione lo mejor a su cachorro con Alimento para perros Bokato Cachorro Super Premium. Su salud y bienestar dependen de \u00e9l, \u00a1compre ahora!\" \/>\n<meta name=\"robots\" content=\"index, follow, max-snippet:-1, max-image-preview:large, max-video-preview:-1\" \/>\n<link rel=\"canonical\" href=\"https:\/\/kamaypet.cl\/kp\/tienda\/producto\/bokato-petit-super-premium\/\" \/>\n<meta property=\"og:locale\" content=\"es_ES\" \/>\n<meta property=\"og:type\" content=\"article\" \/>\n<meta property=\"og:title\" content=\"Alimento para Cachorros Bokato super Premium 10 Kilos. - Kamay Pet\" \/>\n<meta property=\"og:description\" content=\"Proporcione lo mejor a su cachorro con Alimento para perros Bokato Cachorro Super Premium. Su salud y bienestar dependen de \u00e9l, \u00a1compre ahora!\" \/>\n<meta property=\"og:url\" content=\"https:\/\/kamaypet.cl\/kp\/tienda\/producto\/bokato-petit-super-premium\/\" \/>\n<meta property=\"og:site_name\" content=\"Kamay Pet\" \/>\n<meta property=\"article:publisher\" content=\"https:\/\/web.facebook.com\/profile.php?id=61579391820374&amp;locale=es_LA\" \/>\n<meta property=\"article:modified_time\" content=\"2025-12-29T21:11:50+00:00\" \/>\n<meta property=\"og:image\" content=\"https:\/\/kamaypet.cl\/kp\/wp-content\/uploads\/2025\/10\/Bokato-Petit-Arp-10-Kg.jpg\" \/>\n\t<meta property=\"og:image:width\" content=\"400\" \/>\n\t<meta property=\"og:image:height\" content=\"400\" \/>\n\t<meta property=\"og:image:type\" content=\"image\/jpeg\" \/>\n<meta name=\"twitter:card\" content=\"summary_large_image\" \/>\n<meta name=\"twitter:label1\" content=\"Tiempo de lectura\" \/>\n\t<meta name=\"twitter:data1\" content=\"2 minutos\" \/>\n<script type=\"application\/ld+json\" class=\"yoast-schema-graph\">{\"@context\":\"https:\\\/\\\/schema.org\",\"@graph\":[{\"@type\":\"WebPage\",\"@id\":\"https:\\\/\\\/kamaypet.cl\\\/kp\\\/tienda\\\/producto\\\/bokato-petit-super-premium\\\/\",\"url\":\"https:\\\/\\\/kamaypet.cl\\\/kp\\\/tienda\\\/producto\\\/bokato-petit-super-premium\\\/\",\"name\":\"Alimento para Cachorros Bokato super Premium 10 Kilos. - Kamay Pet\",\"isPartOf\":{\"@id\":\"https:\\\/\\\/kamaypet.cl\\\/kp\\\/#website\"},\"primaryImageOfPage\":{\"@id\":\"https:\\\/\\\/kamaypet.cl\\\/kp\\\/tienda\\\/producto\\\/bokato-petit-super-premium\\\/#primaryimage\"},\"image\":{\"@id\":\"https:\\\/\\\/kamaypet.cl\\\/kp\\\/tienda\\\/producto\\\/bokato-petit-super-premium\\\/#primaryimage\"},\"thumbnailUrl\":\"https:\\\/\\\/kamaypet.cl\\\/kp\\\/wp-content\\\/uploads\\\/2025\\\/10\\\/Bokato-Petit-Arp-10-Kg.jpg\",\"datePublished\":\"2025-12-29T20:42:31+00:00\",\"dateModified\":\"2025-12-29T21:11:50+00:00\",\"description\":\"Proporcione lo mejor a su cachorro con Alimento para perros Bokato Cachorro Super Premium. Su salud y bienestar dependen de \u00e9l, \u00a1compre ahora!\",\"breadcrumb\":{\"@id\":\"https:\\\/\\\/kamaypet.cl\\\/kp\\\/tienda\\\/producto\\\/bokato-petit-super-premium\\\/#breadcrumb\"},\"inLanguage\":\"es\",\"potentialAction\":[{\"@type\":\"ReadAction\",\"target\":[\"https:\\\/\\\/kamaypet.cl\\\/kp\\\/tienda\\\/producto\\\/bokato-petit-super-premium\\\/\"]}]},{\"@type\":\"ImageObject\",\"inLanguage\":\"es\",\"@id\":\"https:\\\/\\\/kamaypet.cl\\\/kp\\\/tienda\\\/producto\\\/bokato-petit-super-premium\\\/#primaryimage\",\"url\":\"https:\\\/\\\/kamaypet.cl\\\/kp\\\/wp-content\\\/uploads\\\/2025\\\/10\\\/Bokato-Petit-Arp-10-Kg.jpg\",\"contentUrl\":\"https:\\\/\\\/kamaypet.cl\\\/kp\\\/wp-content\\\/uploads\\\/2025\\\/10\\\/Bokato-Petit-Arp-10-Kg.jpg\",\"width\":400,\"height\":400,\"caption\":\"Bokato Petit rp 10 Kg\"},{\"@type\":\"BreadcrumbList\",\"@id\":\"https:\\\/\\\/kamaypet.cl\\\/kp\\\/tienda\\\/producto\\\/bokato-petit-super-premium\\\/#breadcrumb\",\"itemListElement\":[{\"@type\":\"ListItem\",\"position\":1,\"name\":\"Inicio\",\"item\":\"https:\\\/\\\/kamaypet.cl\\\/kp\\\/\"},{\"@type\":\"ListItem\",\"position\":2,\"name\":\"Tienda\",\"item\":\"https:\\\/\\\/kamaypet.cl\\\/kp\\\/tienda\\\/\"},{\"@type\":\"ListItem\",\"position\":3,\"name\":\"Bokato Petit Super Premium\"}]},{\"@type\":\"WebSite\",\"@id\":\"https:\\\/\\\/kamaypet.cl\\\/kp\\\/#website\",\"url\":\"https:\\\/\\\/kamaypet.cl\\\/kp\\\/\",\"name\":\"Kamay Pet\",\"description\":\"Venta al por menor de alimentos e insumos para mascotas\",\"publisher\":{\"@id\":\"https:\\\/\\\/kamaypet.cl\\\/kp\\\/#organization\"},\"alternateName\":\"Kamay\",\"potentialAction\":[{\"@type\":\"SearchAction\",\"target\":{\"@type\":\"EntryPoint\",\"urlTemplate\":\"https:\\\/\\\/kamaypet.cl\\\/kp\\\/?s={search_term_string}\"},\"query-input\":{\"@type\":\"PropertyValueSpecification\",\"valueRequired\":true,\"valueName\":\"search_term_string\"}}],\"inLanguage\":\"es\"},{\"@type\":\"Organization\",\"@id\":\"https:\\\/\\\/kamaypet.cl\\\/kp\\\/#organization\",\"name\":\"Kamay Pet\",\"url\":\"https:\\\/\\\/kamaypet.cl\\\/kp\\\/\",\"logo\":{\"@type\":\"ImageObject\",\"inLanguage\":\"es\",\"@id\":\"https:\\\/\\\/kamaypet.cl\\\/kp\\\/#\\\/schema\\\/logo\\\/image\\\/\",\"url\":\"https:\\\/\\\/kamaypet.cl\\\/kp\\\/wp-content\\\/uploads\\\/2021\\\/10\\\/Logo-Kamay-2-1.png\",\"contentUrl\":\"https:\\\/\\\/kamaypet.cl\\\/kp\\\/wp-content\\\/uploads\\\/2021\\\/10\\\/Logo-Kamay-2-1.png\",\"width\":1964,\"height\":2452,\"caption\":\"Kamay Pet\"},\"image\":{\"@id\":\"https:\\\/\\\/kamaypet.cl\\\/kp\\\/#\\\/schema\\\/logo\\\/image\\\/\"},\"sameAs\":[\"https:\\\/\\\/web.facebook.com\\\/profile.php?id=61579391820374&locale=es_LA\",\"https:\\\/\\\/www.instagram.com\\\/kamaypet\"]}]}<\/script>\n<!-- \/ Yoast SEO plugin. -->","yoast_head_json":{"title":"Alimento para Cachorros Bokato super Premium 10 Kilos. - Kamay Pet","description":"Proporcione lo mejor a su cachorro con Alimento para perros Bokato Cachorro Super Premium. Su salud y bienestar dependen de \u00e9l, \u00a1compre ahora!","robots":{"index":"index","follow":"follow","max-snippet":"max-snippet:-1","max-image-preview":"max-image-preview:large","max-video-preview":"max-video-preview:-1"},"canonical":"https:\/\/kamaypet.cl\/kp\/tienda\/producto\/bokato-petit-super-premium\/","og_locale":"es_ES","og_type":"article","og_title":"Alimento para Cachorros Bokato super Premium 10 Kilos. - Kamay Pet","og_description":"Proporcione lo mejor a su cachorro con Alimento para perros Bokato Cachorro Super Premium. Su salud y bienestar dependen de \u00e9l, \u00a1compre ahora!","og_url":"https:\/\/kamaypet.cl\/kp\/tienda\/producto\/bokato-petit-super-premium\/","og_site_name":"Kamay Pet","article_publisher":"https:\/\/web.facebook.com\/profile.php?id=61579391820374&locale=es_LA","article_modified_time":"2025-12-29T21:11:50+00:00","og_image":[{"width":400,"height":400,"url":"https:\/\/kamaypet.cl\/kp\/wp-content\/uploads\/2025\/10\/Bokato-Petit-Arp-10-Kg.jpg","type":"image\/jpeg"}],"twitter_card":"summary_large_image","twitter_misc":{"Tiempo de lectura":"2 minutos"},"schema":{"@context":"https:\/\/schema.org","@graph":[{"@type":"WebPage","@id":"https:\/\/kamaypet.cl\/kp\/tienda\/producto\/bokato-petit-super-premium\/","url":"https:\/\/kamaypet.cl\/kp\/tienda\/producto\/bokato-petit-super-premium\/","name":"Alimento para Cachorros Bokato super Premium 10 Kilos. - Kamay Pet","isPartOf":{"@id":"https:\/\/kamaypet.cl\/kp\/#website"},"primaryImageOfPage":{"@id":"https:\/\/kamaypet.cl\/kp\/tienda\/producto\/bokato-petit-super-premium\/#primaryimage"},"image":{"@id":"https:\/\/kamaypet.cl\/kp\/tienda\/producto\/bokato-petit-super-premium\/#primaryimage"},"thumbnailUrl":"https:\/\/kamaypet.cl\/kp\/wp-content\/uploads\/2025\/10\/Bokato-Petit-Arp-10-Kg.jpg","datePublished":"2025-12-29T20:42:31+00:00","dateModified":"2025-12-29T21:11:50+00:00","description":"Proporcione lo mejor a su cachorro con Alimento para perros Bokato Cachorro Super Premium. Su salud y bienestar dependen de \u00e9l, \u00a1compre ahora!","breadcrumb":{"@id":"https:\/\/kamaypet.cl\/kp\/tienda\/producto\/bokato-petit-super-premium\/#breadcrumb"},"inLanguage":"es","potentialAction":[{"@type":"ReadAction","target":["https:\/\/kamaypet.cl\/kp\/tienda\/producto\/bokato-petit-super-premium\/"]}]},{"@type":"ImageObject","inLanguage":"es","@id":"https:\/\/kamaypet.cl\/kp\/tienda\/producto\/bokato-petit-super-premium\/#primaryimage","url":"https:\/\/kamaypet.cl\/kp\/wp-content\/uploads\/2025\/10\/Bokato-Petit-Arp-10-Kg.jpg","contentUrl":"https:\/\/kamaypet.cl\/kp\/wp-content\/uploads\/2025\/10\/Bokato-Petit-Arp-10-Kg.jpg","width":400,"height":400,"caption":"Bokato Petit rp 10 Kg"},{"@type":"BreadcrumbList","@id":"https:\/\/kamaypet.cl\/kp\/tienda\/producto\/bokato-petit-super-premium\/#breadcrumb","itemListElement":[{"@type":"ListItem","position":1,"name":"Inicio","item":"https:\/\/kamaypet.cl\/kp\/"},{"@type":"ListItem","position":2,"name":"Tienda","item":"https:\/\/kamaypet.cl\/kp\/tienda\/"},{"@type":"ListItem","position":3,"name":"Bokato Petit Super Premium"}]},{"@type":"WebSite","@id":"https:\/\/kamaypet.cl\/kp\/#website","url":"https:\/\/kamaypet.cl\/kp\/","name":"Kamay Pet","description":"Venta al por menor de alimentos e insumos para mascotas","publisher":{"@id":"https:\/\/kamaypet.cl\/kp\/#organization"},"alternateName":"Kamay","potentialAction":[{"@type":"SearchAction","target":{"@type":"EntryPoint","urlTemplate":"https:\/\/kamaypet.cl\/kp\/?s={search_term_string}"},"query-input":{"@type":"PropertyValueSpecification","valueRequired":true,"valueName":"search_term_string"}}],"inLanguage":"es"},{"@type":"Organization","@id":"https:\/\/kamaypet.cl\/kp\/#organization","name":"Kamay Pet","url":"https:\/\/kamaypet.cl\/kp\/","logo":{"@type":"ImageObject","inLanguage":"es","@id":"https:\/\/kamaypet.cl\/kp\/#\/schema\/logo\/image\/","url":"https:\/\/kamaypet.cl\/kp\/wp-content\/uploads\/2021\/10\/Logo-Kamay-2-1.png","contentUrl":"https:\/\/kamaypet.cl\/kp\/wp-content\/uploads\/2021\/10\/Logo-Kamay-2-1.png","width":1964,"height":2452,"caption":"Kamay Pet"},"image":{"@id":"https:\/\/kamaypet.cl\/kp\/#\/schema\/logo\/image\/"},"sameAs":["https:\/\/web.facebook.com\/profile.php?id=61579391820374&locale=es_LA","https:\/\/www.instagram.com\/kamaypet"]}]}},"_links":{"self":[{"href":"https:\/\/kamaypet.cl\/kp\/wp-json\/wp\/v2\/product\/7058","targetHints":{"allow":["GET"]}}],"collection":[{"href":"https:\/\/kamaypet.cl\/kp\/wp-json\/wp\/v2\/product"}],"about":[{"href":"https:\/\/kamaypet.cl\/kp\/wp-json\/wp\/v2\/types\/product"}],"replies":[{"embeddable":true,"href":"https:\/\/kamaypet.cl\/kp\/wp-json\/wp\/v2\/comments?post=7058"}],"version-history":[{"count":2,"href":"https:\/\/kamaypet.cl\/kp\/wp-json\/wp\/v2\/product\/7058\/revisions"}],"predecessor-version":[{"id":7065,"href":"https:\/\/kamaypet.cl\/kp\/wp-json\/wp\/v2\/product\/7058\/revisions\/7065"}],"wp:featuredmedia":[{"embeddable":true,"href":"https:\/\/kamaypet.cl\/kp\/wp-json\/wp\/v2\/media\/6934"}],"wp:attachment":[{"href":"https:\/\/kamaypet.cl\/kp\/wp-json\/wp\/v2\/media?parent=7058"}],"wp:term":[{"taxonomy":"product_brand","embeddable":true,"href":"https:\/\/kamaypet.cl\/kp\/wp-json\/wp\/v2\/product_brand?post=7058"},{"taxonomy":"product_cat","embeddable":true,"href":"https:\/\/kamaypet.cl\/kp\/wp-json\/wp\/v2\/product_cat?post=7058"},{"taxonomy":"product_tag","embeddable":true,"href":"https:\/\/kamaypet.cl\/kp\/wp-json\/wp\/v2\/product_tag?post=7058"}],"curies":[{"name":"wp","href":"https:\/\/api.w.org\/{rel}","templated":true}]}}